{"id":1754,"date":"2023-08-30T01:54:08","date_gmt":"2023-08-30T01:54:08","guid":{"rendered":"https:\/\/labone.vn\/huylab\/?post_type=product&#038;p=1754"},"modified":"2025-05-05T03:07:11","modified_gmt":"2025-05-05T03:07:11","slug":"model-huyair-hlf-1500-elite-tu-sach-voi-dong-khi-thoi-ngang","status":"publish","type":"product","link":"https:\/\/labone.vn\/huylab\/san-pham\/model-huyair-hlf-1500-elite-tu-sach-voi-dong-khi-thoi-ngang\/","title":{"rendered":"Model HUYAir HLF-1500 Elite | T\u1ee7 S\u1ea1ch V\u1edbi D\u00f2ng Kh\u00ed Th\u1ed5i Ngang"},"content":{"rendered":"<p><span style=\"color: #3366ff;\"><strong>\u0110\u1eb6C T\u00cdNH S\u1ea2N PH\u1ea8M<\/strong><\/span><\/p>\n<ul>\n<li style=\"font-weight: 400;\" aria-level=\"1\"><span style=\"font-weight: 400;\">T\u1ee7 s\u1ea1ch d\u00f2ng kh\u00ed th\u1ed5i ngang HUYAir HLF Elite \u0111\u01b0\u1ee3c thi\u1ebft k\u1ebf \u0111\u1ec3 x\u1eed l\u00fd c\u00e1c ch\u1ea5t kh\u00f4ng nguy h\u1ea1i, t\u1ea1o m\u00f4i tr\u01b0\u1eddng l\u00e0m vi\u1ec7c s\u1ea1ch v\u00e0 d\u1ec5 d\u00e0ng thao t\u00e1c v\u1edbi thi\u1ebft b\u1ecb trong khu v\u1ef1c l\u00e0m vi\u1ec7c.<\/span><\/li>\n<li style=\"font-weight: 400;\" aria-level=\"1\"><span style=\"font-weight: 400;\">C\u1ea5u tr\u00fac t\u1ee7: Hai l\u1edbp v\u1edbi bu\u1ed3ng l\u00e0m vi\u1ec7c b\u1eb1ng th\u00e9p kh\u00f4ng g\u1ec9 SUS 304, v\u1ecf ngo\u00e0i b\u1eb1ng th\u00e9p k\u1ebdm m\u1ea1 \u0111i\u1ec7n, s\u01a1n t\u0129nh \u0111i\u1ec7n kh\u00e1ng h\u00f3a ch\u1ea5t v\u00e0 vi sinh.<\/span><\/li>\n<li style=\"font-weight: 400;\" aria-level=\"1\"><span style=\"font-weight: 400;\">V\u00e1ch 2 b\u00ean b\u1eb1ng k\u00ednh c\u01b0\u1eddng l\u1ef1c ch\u1ed1ng UV, d\u1ec5 d\u00e0ng quan s\u00e1t.<\/span><\/li>\n<li style=\"font-weight: 400;\" aria-level=\"1\"><span style=\"font-weight: 400;\">\u0110\u1ed9ng c\u01a1 DC v\u00e0 qu\u1ea1t EBMpapst \u2013 \u0110\u1ee9c ti\u1ebft ki\u1ec7m n\u0103ng l\u01b0\u1ee3ng.<\/span><\/li>\n<li style=\"font-weight: 400;\" aria-level=\"1\"><span style=\"font-weight: 400;\">Ch\u1ea5t l\u01b0\u1ee3ng kh\u00f4ng kh\u00ed trong khu v\u1ef1c l\u00e0m vi\u1ec7c: ISO Class 5.<\/span><\/li>\n<li style=\"font-weight: 400;\" aria-level=\"1\"><span style=\"font-weight: 400;\">L\u1ecdc HEPA (H14) ho\u1eb7c ULPA (U15) t\u1eeb Camfil \u2013 Th\u1ee5y \u0110i\u1ec3n ho\u1eb7c AAF \u2013 M\u1ef9 v\u1edbi hi\u1ec7u su\u1ea5t l\u1ecdc 99.999% t\u1ea1i 0.3 \u00b5m (H14) ho\u1eb7c 99.9999% t\u1ea1i 0.1 \u00b5m (U15)<\/span><\/li>\n<li style=\"font-weight: 400;\" aria-level=\"1\"><span style=\"font-weight: 400;\">T\u1ee7 \u0111\u01b0\u1ee3c \u0111i\u1ec1u khi\u1ec3n b\u1eb1ng b\u1ed9 \u0111i\u1ec1u khi\u1ec3n t\u00edch h\u1ee3p vi x\u1eed l\u00fd v\u1edbi m\u00e0n h\u00ecnh c\u1ea3m \u1ee9ng hi\u1ec7n th\u1ecb t\u1ed1c \u0111\u1ed9 gi\u00f3 th\u1ef1c, c\u00e0i \u0111\u1eb7t th\u1eddi gian, t\u1ed1c \u0111\u1ed9 gi\u00f3 theo c\u00e0i \u0111\u1eb7t, v\u00e0 c\u00f3 th\u1ec3 hi\u1ec7u ch\u1ec9nh tr\u1ef1c ti\u1ebfp tr\u00ean m\u00e0n h\u00ecnh v\u1ec1 t\u1ed1c \u0111\u1ed9 qu\u1ea1t.<\/span><\/li>\n<li style=\"font-weight: 400;\" aria-level=\"1\"><span style=\"font-weight: 400;\">T\u1ee7 nghi\u00eang 1 g\u00f3c 7\u00b0 gi\u00fap qu\u00e1 tr\u00ecnh thao t\u00e1c d\u1ec5 d\u00e0ng<\/span><\/li>\n<li style=\"font-weight: 400;\" aria-level=\"1\"><span style=\"font-weight: 400;\">C\u00f3 c\u1ed5ng truy c\u1eadp cho c\u00e1c ph\u1ee5 ki\u1ec7n nh\u01b0 van kh\u00ed, n\u01b0\u1edbc, gas, \u0111\u1ea7u l\u1ea5y m\u1eabu \u0111\u1ebfm ti\u1ec3u ph\u00e2n online.<\/span><\/li>\n<\/ul>\n","protected":false},"excerpt":{"rendered":"<ul>\n<li>B\u1ed9 \u0111i\u1ec1u khi\u1ec3n t\u00edch h\u1ee3p vi x\u1eed l\u00fd v\u1edbi m\u00e0n h\u00ecnh c\u1ea3m \u1ee9ng 4.3-inch.<\/li>\n<li><span style=\"color: #000000;\"><strong>\u0110\u00e1p \u1ee9ng ti\u00eau chu\u1ea9n:<\/strong> IEST, ISO 14644.<\/span><\/li>\n<li><span style=\"color: #000000;\"><strong>k\u00edch th\u01b0\u1edbc ti\u00eau chu\u1ea9n<\/strong>: 1500mm.<\/span><\/li>\n<li><span style=\"color: #000000;\"><strong>B\u1ea3o h\u00e0nh :<\/strong> 03 n\u0103m.<\/span><\/li>\n<\/ul>\n","protected":false},"featured_media":2297,"template":"","meta":[],"product_cat":[29],"product_tag":[],"class_list":["post-1754","product","type-product","status-publish","has-post-thumbnail","hentry","product_cat-tu-sach-voi-dong-khi-thoi-ngang"],"_links":{"self":[{"href":"https:\/\/labone.vn\/huylab\/wp-json\/wp\/v2\/product\/1754","targetHints":{"allow":["GET"]}}],"collection":[{"href":"https:\/\/labone.vn\/huylab\/wp-json\/wp\/v2\/product"}],"about":[{"href":"https:\/\/labone.vn\/huylab\/wp-json\/wp\/v2\/types\/product"}],"wp:featuredmedia":[{"embeddable":true,"href":"https:\/\/labone.vn\/huylab\/wp-json\/wp\/v2\/media\/2297"}],"wp:attachment":[{"href":"https:\/\/labone.vn\/huylab\/wp-json\/wp\/v2\/media?parent=1754"}],"wp:term":[{"taxonomy":"product_cat","embeddable":true,"href":"https:\/\/labone.vn\/huylab\/wp-json\/wp\/v2\/product_cat?post=1754"},{"taxonomy":"product_tag","embeddable":true,"href":"https:\/\/labone.vn\/huylab\/wp-json\/wp\/v2\/product_tag?post=1754"}],"curies":[{"name":"wp","href":"https:\/\/api.w.org\/{rel}","templated":true}]}}