{"id":1871,"date":"2023-08-30T04:58:35","date_gmt":"2023-08-30T04:58:35","guid":{"rendered":"https:\/\/labone.vn\/huylab\/?post_type=product&#038;p=1871"},"modified":"2023-10-31T09:42:24","modified_gmt":"2023-10-31T09:42:24","slug":"model-huyair-fh-1800-elite-tu-hut-khi-doc-co-duong-ong","status":"publish","type":"product","link":"https:\/\/labone.vn\/huylab\/san-pham\/model-huyair-fh-1800-elite-tu-hut-khi-doc-co-duong-ong\/","title":{"rendered":"Model HUYAir FH-1800 Elite | T\u1ee7 H\u00fat Kh\u00ed \u0110\u1ed9c C\u00f3 \u0110\u01b0\u1eddng \u1ed0ng"},"content":{"rendered":"<p><img loading=\"lazy\" decoding=\"async\" class=\"alignnone size-full wp-image-779\" src=\"https:\/\/labone.vn\/huylab\/wp-content\/uploads\/2022\/07\/THIET-KE-HUYLAB-5.jpg\" alt=\"\" width=\"1920\" height=\"500\" srcset=\"https:\/\/labone.vn\/huylab\/wp-content\/uploads\/2022\/07\/THIET-KE-HUYLAB-5.jpg 1920w, https:\/\/labone.vn\/huylab\/wp-content\/uploads\/2022\/07\/THIET-KE-HUYLAB-5-800x208.jpg 800w, https:\/\/labone.vn\/huylab\/wp-content\/uploads\/2022\/07\/THIET-KE-HUYLAB-5-1000x260.jpg 1000w, https:\/\/labone.vn\/huylab\/wp-content\/uploads\/2022\/07\/THIET-KE-HUYLAB-5-768x200.jpg 768w, https:\/\/labone.vn\/huylab\/wp-content\/uploads\/2022\/07\/THIET-KE-HUYLAB-5-1536x400.jpg 1536w\" sizes=\"auto, (max-width: 1920px) 100vw, 1920px\" \/><\/p>\n<p><span style=\"color: #3366ff;\"><strong>C\u00f4ng ngh\u1ec7<\/strong><\/span><\/p>\n<ul>\n<li><span style=\"color: #000000;\">\u0110\u1ed9ng c\u01a1 s\u1eed d\u1ee5ng qu\u1ea1t Quimipol &#8211; T\u00e2y Ban Nha ti\u1ebft ki\u1ec7m n\u0103ng l\u01b0\u1ee3ng, k\u00e9o d\u00e0i tu\u1ed5i th\u1ecd b\u1ed9 l\u1ecdc v\u00e0 gi\u1ea3m ti\u1ebfng \u1ed3n khi ho\u1ea1t \u0111\u1ed9ng, L\u00f2ng v\u00e0 c\u00e1nh qu\u1ea1t l\u00e0m b\u1eb1ng v\u1eadt li\u1ec7u nh\u1ef1a PP kh\u00e1ng h\u00f3a ch\u1ea5t.<\/span><\/li>\n<li><span style=\"color: #000000;\">T\u1ee7 \u0111\u01b0\u1ee3c l\u1eafp \u0111\u1eb7t sensor tr\u1ef1c ti\u1ebfp \u0111\u1ec3 theo d\u00f5i l\u01b0u l\u01b0\u1ee3ng d\u00f2ng kh\u00ed v\u00e0 \u0111\u01b0\u1ee3c t\u00edch h\u1ee3p ch\u1ebf \u0111\u1ed9 c\u1ea3nh b\u00e1o gi\u00f3 khi t\u1ed1c \u0111\u1ed9 gi\u00f3 th\u1ea5p.<\/span><\/li>\n<li>T\u00f4\u0301c \u0111\u00f4\u0323 hu\u0301t khi\u0301 l\u01a1\u0301n nh\u00e2\u0301t trong tr\u01b0\u01a1\u0300ng h\u01a1\u0323p c\u01b0\u0309a m\u01a1\u0309 \u01a1\u0309 m\u01b0\u0301c 500 mm: 0.51 m\/s.<\/li>\n<\/ul>\n<p><strong style=\"color: #3366ff;\">Thi\u1ebft k\u1ebf<\/strong><\/p>\n<ul>\n<li><span style=\"color: #000000;\">Tu\u0309 \u0111\u01b0\u01a1\u0323c thi\u00ea\u0301t k\u00ea\u0301 v\u01a1\u0301i ca\u0301c Bypass khe hu\u0301t khi\u0301 phi\u0301a tr\u00ean m\u0103\u0323t tr\u01b0\u01a1\u0301c tu\u0309 c\u00f4\u0323ng v\u01a1\u0301i ca\u0301c \u201cBaffles\u201d ba\u0301p \u0111\u00f4\u0309i h\u01b0\u01a1\u0301ng giu\u0301p kh\u00f4ng khi\u0301 \u0111\u01b0\u01a1\u0323c l\u01b0u th\u00f4ng t\u00f4\u0301t trong tr\u01b0\u01a1ng h\u01a1\u0323p \u0111o\u0301ng ki\u0301n c\u01b0\u0309a va\u0300 m\u01a1\u0309 c\u01b0\u0309a \u01a1\u0309 vi\u0323 tri\u0301 cao.<\/span><\/li>\n<li><span style=\"color: #000000;\">T\u1ee7 \u0111\u01b0\u1ee3c thi\u1ebft k\u1ebf v\u00e1ch \u0111\u00f4i: h\u1ea1n ch\u1ebf t\u1ed1i \u0111a d\u00f2ng kh\u00ed th\u1ea5t tho\u00e1t ra ngo\u00e0i, \u0111\u1ed3ng th\u1eddi \u0111\u1ea3m b\u1ea3o t\u00ednh th\u1ea9m m\u1ef9 cao cho h\u1ec7 th\u1ed1ng \u0111i\u1ec7n n\u01b0\u1edbc.<\/span><\/li>\n<li>T\u1ee7 c\u00f3 s\u1eb5n \u0111\u01b0\u1eddng \u1ed1ng th\u1ea3i kh\u00ed \u0111\u01b0\u1eddng k\u00ednh 250mm, khi c\u1ea7n thi\u1ebft c\u00f3 th\u1ec3 g\u1eafn th\u00eam \u1ed1ng \u0111\u1ec3 th\u1ea3i ra m\u00f4i tr\u01b0\u1eddng ngo\u00e0i ph\u00f2ng th\u00ed nghi\u1ec7m.<\/li>\n<\/ul>\n<p><span style=\"color: #3366ff;\"><strong>V\u1eadt li\u1ec7u<\/strong><\/span><\/p>\n<ul>\n<li><span style=\"color: #000000;\">V\u1ecf ngo\u00e0i b\u1eb1ng th\u00e9p k\u1ebdm d\u00e0y 1.2 mm \u0111\u01b0\u1ee3c s\u01a1n t\u0129nh \u0111i\u1ec7n kh\u00e1ng h\u00f3a ch\u1ea5t.<\/span><\/li>\n<li><span style=\"color: #000000;\">V\u1eadt li\u1ec7u bu\u1ed3ng b\u00ean trong b\u1eb1ng Polypropylen (PP)\/Polyvinylidene difluoride (PVDF) d\u00e0y 0.8mm ch\u00f4\u0301ng \u0103n mo\u0300n ho\u0301a ch\u00e2\u0301t, ch\u1ecbu acid (bao g\u1ed3m c\u1ea3 acid flohydric) v\u00e0 nhi\u1ec7t \u0111\u1ed9 cao.<\/span><\/li>\n<li><span style=\"color: #000000;\">V\u1eadt li\u1ec7u c\u1eeda b\u1eb1ng k\u00ednh c\u01b0\u1eddng l\u1ef1c 5-10mm, \u0111\u01b0\u1ee3c thi\u1ebft k\u1ebf v\u1edbi \u0111\u1ed1i tr\u1ecdng gi\u00fap tr\u1ee3 l\u1ef1c v\u00e0 n\u00e2ng h\u1ea1 c\u1eeda d\u1ec5 d\u00e0ng.<\/span><\/li>\n<li><span style=\"color: #000000;\">V\u1eadt li\u1ec7u m\u1eb7t b\u00e0n thao t\u00e1c b\u1eb1ng phenolic resin | nh\u1ef1a PP | Epoxy Resin.<\/span><\/li>\n<\/ul>\n","protected":false},"excerpt":{"rendered":"<ul>\n<li><span style=\"color: #000000;\">\u0110\u00e1p \u1ee9ng ti\u00eau chu\u1ea9n: ASHREA 110.<\/span><\/li>\n<li><span style=\"color: #000000;\">K\u00edch th\u01b0\u1edbc ti\u00eau chu\u1ea9n: 1800mm.<\/span><\/li>\n<li><span style=\"color: #000000;\">B\u1ea3o h\u00e0nh : 03 n\u0103m.<\/span><\/li>\n<\/ul>\n","protected":false},"featured_media":1872,"template":"","meta":[],"product_cat":[30],"product_tag":[],"class_list":["post-1871","product","type-product","status-publish","has-post-thumbnail","hentry","product_cat-tu-hut-khi-doc-co-duong-ong-vi"],"_links":{"self":[{"href":"https:\/\/labone.vn\/huylab\/wp-json\/wp\/v2\/product\/1871","targetHints":{"allow":["GET"]}}],"collection":[{"href":"https:\/\/labone.vn\/huylab\/wp-json\/wp\/v2\/product"}],"about":[{"href":"https:\/\/labone.vn\/huylab\/wp-json\/wp\/v2\/types\/product"}],"wp:featuredmedia":[{"embeddable":true,"href":"https:\/\/labone.vn\/huylab\/wp-json\/wp\/v2\/media\/1872"}],"wp:attachment":[{"href":"https:\/\/labone.vn\/huylab\/wp-json\/wp\/v2\/media?parent=1871"}],"wp:term":[{"taxonomy":"product_cat","embeddable":true,"href":"https:\/\/labone.vn\/huylab\/wp-json\/wp\/v2\/product_cat?post=1871"},{"taxonomy":"product_tag","embeddable":true,"href":"https:\/\/labone.vn\/huylab\/wp-json\/wp\/v2\/product_tag?post=1871"}],"curies":[{"name":"wp","href":"https:\/\/api.w.org\/{rel}","templated":true}]}}