{"id":2306,"date":"2023-09-20T08:19:33","date_gmt":"2023-09-20T08:19:33","guid":{"rendered":"https:\/\/labone.vn\/huylab\/?post_type=product&#038;p=2306"},"modified":"2023-10-27T02:40:33","modified_gmt":"2023-10-27T02:40:33","slug":"model-huyair-pcr-eco-tu-thao-tac-pcr-voi-uv","status":"publish","type":"product","link":"https:\/\/labone.vn\/huylab\/san-pham\/model-huyair-pcr-eco-tu-thao-tac-pcr-voi-uv\/","title":{"rendered":"Model HUYAir PCR Eco | T\u1ee7 Thao T\u00e1c PCR V\u1edbi UV"},"content":{"rendered":"<p><span style=\"color: #3366ff;\"><strong>M\u1ee4C \u0110\u00cdCH S\u1eec D\u1ee4NG<\/strong><\/span><\/p>\n<ul>\n<li><span style=\"color: #000000;\">\u0110\u1ec3 chu\u1ea9n b\u1ecb c\u00e1c ph\u1ea3n \u1ee9ng PCR v\u00e0 nhi\u1ec1u ph\u01b0\u01a1ng ph\u00e1p kh\u00e1c trong sinh h\u1ecdc ph\u00e2n t\u1eed, m\u1ed9t m\u00f4i tr\u01b0\u1eddng l\u00e0m vi\u1ec7c kh\u00f4ng c\u00f3 \u00f4 nhi\u1ec5m l\u00e0 c\u1ea7n thi\u1ebft. <\/span><\/li>\n<li><span style=\"color: #000000;\">HUYAir PCR Eco | T\u1ee7 Thao T\u00e1c PCR V\u1edbi UV \u0111\u01b0\u1ee3c thi\u1ebft k\u1ebf cho kh\u1eed nhi\u1ec5m DNA \/ RNA trong kh\u00f4ng gian l\u00e0m vi\u1ec7c trong ph\u00f2ng th\u00ed nghi\u1ec7m..<\/span><\/li>\n<\/ul>\n<p><span style=\"color: #3366ff;\"><strong>THI\u1ebeT K\u1ebe<\/strong><\/span><\/p>\n<ul>\n<li><span style=\"color: #000000;\">C\u1ea5u tr\u00fac v\u1eefng ch\u1eafc v\u1edbi b\u1ec1 m\u1eb7t l\u00e0m vi\u1ec7c v\u00e0 v\u00e1ch ph\u00eda sau b\u1eb1ng inox 304 kh\u00e1ng h\u00f3a ch\u1ea5t v\u00e0 d\u1ec5 d\u00e0ng lau ch\u00f9i v\u1ec7 sinh. <\/span><\/li>\n<li><span style=\"color: #000000;\">V\u00e1ch 2 b\u00ean b\u1eb1ng nh\u1ef1a Polycarbonate trong su\u1ed1t \u0111\u1ec3 quan s\u00e1t m\u1eabu b\u00ean trong.<\/span><\/li>\n<li><span style=\"color: #000000;\">C\u1eeda g\u1eadp b\u1eb1ng nh\u1ef1a Polycarbonate v\u00e0 b\u1ec1 m\u1eb7t nghi\u00ean 10 \u0111\u1ed9 gi\u00fap vi\u1ec7c thao t\u00e1c m\u1ed9t c\u00e1ch d\u1ec5 d\u00e0ng.<\/span><\/li>\n<\/ul>\n<p><span style=\"color: #3366ff;\"><strong>V\u1eacT LI\u1ec6U<\/strong><\/span><\/p>\n<ul>\n<li><span style=\"color: #000000;\">V\u1ecf ngo\u00e0i b\u1eb1ng th\u00e9p k\u1ebdm d\u00e0y 1.2 mm \u0111\u01b0\u1ee3c s\u01a1n t\u0129nh \u0111i\u1ec7n kh\u00e1ng h\u00f3a ch\u1ea5t.<\/span><\/li>\n<li><span style=\"color: #000000;\">V\u1eadt li\u1ec7u bu\u1ed3ng b\u00ean trong b\u1eb1ng th\u00e9p kh\u00f4ng g\u1ec9 d\u00e0y 0.8 mm.<\/span><\/li>\n<li><span style=\"color: #000000;\">C\u1eeda g\u1eadp b\u1eb1ng nh\u1ef1a Polycarbonate.<\/span><\/li>\n<\/ul>\n","protected":false},"excerpt":{"rendered":"<ul>\n<li>Nh\u1ecf g\u1ecdn kh\u00f4ng l\u1ecdc HEPA.<\/li>\n<li>UV h\u1eb9n gi\u1edd.<\/li>\n<li>B\u1ea3o h\u00e0nh : 03 n\u0103m.<\/li>\n<\/ul>\n","protected":false},"featured_media":2307,"template":"","meta":[],"product_cat":[300],"product_tag":[],"class_list":["post-2306","product","type-product","status-publish","has-post-thumbnail","hentry","product_cat-tu-thao-tac-pcr-voi-uv-vi"],"_links":{"self":[{"href":"https:\/\/labone.vn\/huylab\/wp-json\/wp\/v2\/product\/2306","targetHints":{"allow":["GET"]}}],"collection":[{"href":"https:\/\/labone.vn\/huylab\/wp-json\/wp\/v2\/product"}],"about":[{"href":"https:\/\/labone.vn\/huylab\/wp-json\/wp\/v2\/types\/product"}],"wp:featuredmedia":[{"embeddable":true,"href":"https:\/\/labone.vn\/huylab\/wp-json\/wp\/v2\/media\/2307"}],"wp:attachment":[{"href":"https:\/\/labone.vn\/huylab\/wp-json\/wp\/v2\/media?parent=2306"}],"wp:term":[{"taxonomy":"product_cat","embeddable":true,"href":"https:\/\/labone.vn\/huylab\/wp-json\/wp\/v2\/product_cat?post=2306"},{"taxonomy":"product_tag","embeddable":true,"href":"https:\/\/labone.vn\/huylab\/wp-json\/wp\/v2\/product_tag?post=2306"}],"curies":[{"name":"wp","href":"https:\/\/api.w.org\/{rel}","templated":true}]}}