{"id":2519,"date":"2024-07-08T04:03:25","date_gmt":"2024-07-08T04:03:25","guid":{"rendered":"https:\/\/labone.vn\/huylab\/?post_type=product&#038;p=2519"},"modified":"2024-07-08T08:44:41","modified_gmt":"2024-07-08T08:44:41","slug":"ke-luu-tru-huystore-rack","status":"publish","type":"product","link":"https:\/\/labone.vn\/huylab\/san-pham\/ke-luu-tru-huystore-rack\/","title":{"rendered":"K\u1ec7 L\u01b0u Tr\u1eef | HUYStore Rack"},"content":{"rendered":"<p>\u25cf V\u1eadt li\u1ec7u: Th\u00e9p m\u1ea1 k\u1ebdm d\u00e0y 1.2mm ho\u1eb7c inox 304 d\u00e0y 1.2mm, M\u00e2m k\u1ec7 th\u00e9p m\u1ea1 k\u1ebdm ho\u1eb7c inox d\u00e0y 0.8mm.<br \/>\n\u25cf M\u00e2m k\u1ec7 c\u00f3 th\u1ec3 \u0111i\u1ec1u ch\u1ec9nh \u0111\u1ed9 cao d\u1ec5 d\u00e0ng v\u00e0 linh ho\u1ea1t.<br \/>\n\u25cf Ch\u00e2n k\u1ec7 c\u00f3 t\u0103ng \u0111\u01b0a t\u00f9y ch\u1ec9nh c\u00e2n b\u1eb1ng.<br \/>\n\u25cf K\u1ebft c\u1ea5u ch\u1eafc ch\u1eafn, c\u00e1c \u0111\u1ee3t k\u1ec7 ch\u1ecbu \u0111\u01b0\u1ee3c t\u1ea3i tr\u1ecdng l\u00ean \u0111\u1ebfn 150kg.<br \/>\n\u25cf D\u1ea1ng thi\u1ebft k\u1ebf: C\u00f3 th\u1ec3 \u0111\u01b0\u1ee3c l\u1eafp r\u00e1p v\u00e0 th\u00e1o r\u1eddi m\u1ed9t c\u00e1ch d\u1ec5 d\u00e0ng.<\/p>\n","protected":false},"excerpt":{"rendered":"<p>K\u1ec7 L\u01b0u Tr\u1eef | HUYStore Rack \u0111\u01b0\u1ee3c s\u1eed d\u1ee5ng \u0111\u1ec3 \u0111\u1ea3m b\u1ea3o r\u1eb1ng h\u00f3a ch\u1ea5t \u0111\u01b0\u1ee3c l\u01b0u tr\u1eef \u0111\u00fang c\u00e1ch v\u00e0 an to\u00e0n. Ngo\u00e0i ra, h\u1ec7 th\u1ed1ng k\u1ec7 ph\u1ea3i \u0111\u01b0\u1ee3c thi\u1ebft k\u1ebf m\u1ed9t c\u00e1ch t\u1ed1i \u01b0u h\u00f3a \u0111\u1ec3 thu\u1eadn ti\u1ec7n cho qu\u00e1 tr\u00ecnh qu\u1ea3n l\u00fd v\u00e0 x\u1ebfp d\u1ee1 h\u00e0ng h\u00f3a.<\/p>\n<p>\u2714 \u0110\u1ec3 l\u01b0u tr\u1eef thi\u1ebft b\u1ecb v\u00e0 h\u00f3a ch\u1ea5t.<\/p>\n<p>\u2714 K\u1ec7 \u0111\u1ef1ng \u0111\u1ed3, c\u00f3 th\u1ec3 \u0111i\u1ec1u ch\u1ec9nh chi\u1ec1u cao linh ho\u1ea1t.<\/p>\n<p>\u2714 K\u1ebft c\u1ea5u ch\u1eafc ch\u1eafn<\/p>\n","protected":false},"featured_media":2520,"template":"","meta":[],"product_cat":[310],"product_tag":[],"class_list":["post-2519","product","type-product","status-publish","has-post-thumbnail","hentry","product_cat-ke-luu-tru"],"_links":{"self":[{"href":"https:\/\/labone.vn\/huylab\/wp-json\/wp\/v2\/product\/2519","targetHints":{"allow":["GET"]}}],"collection":[{"href":"https:\/\/labone.vn\/huylab\/wp-json\/wp\/v2\/product"}],"about":[{"href":"https:\/\/labone.vn\/huylab\/wp-json\/wp\/v2\/types\/product"}],"wp:featuredmedia":[{"embeddable":true,"href":"https:\/\/labone.vn\/huylab\/wp-json\/wp\/v2\/media\/2520"}],"wp:attachment":[{"href":"https:\/\/labone.vn\/huylab\/wp-json\/wp\/v2\/media?parent=2519"}],"wp:term":[{"taxonomy":"product_cat","embeddable":true,"href":"https:\/\/labone.vn\/huylab\/wp-json\/wp\/v2\/product_cat?post=2519"},{"taxonomy":"product_tag","embeddable":true,"href":"https:\/\/labone.vn\/huylab\/wp-json\/wp\/v2\/product_tag?post=2519"}],"curies":[{"name":"wp","href":"https:\/\/api.w.org\/{rel}","templated":true}]}}