{"id":340,"date":"2022-07-27T06:20:17","date_gmt":"2022-07-27T06:20:17","guid":{"rendered":"http:\/\/labone.vn\/labone\/huylab\/?post_type=product&#038;p=340"},"modified":"2023-05-04T01:46:13","modified_gmt":"2023-05-04T01:46:13","slug":"ban-thi-nghiem-ap-tuong-loai-cabinet","status":"publish","type":"product","link":"https:\/\/labone.vn\/huylab\/san-pham\/ban-thi-nghiem-ap-tuong-loai-cabinet\/","title":{"rendered":"B\u00e0n Th\u00ed Nghi\u1ec7m \u00c1p T\u01b0\u1eddng, Lo\u1ea1i Cabinet"},"content":{"rendered":"<h2><\/h2>\n<ul>\n<li style=\"list-style-type: none;\">\n<ul>\n<li><a href=\"https:\/\/huylab.com\/san-pham\/ban-thi-nghiem-ap-tuong-loai-cabinet\/\" target=\"_blank\" rel=\"noopener\"><strong>B\u00e0n th\u00ed nghi\u1ec7m \u00e1p t\u01b0\u1eddng<\/strong><\/a>\u00a0lo\u1ea1i kh\u00f4ng khung t\u1ea1o th\u00e0nh t\u1eeb c\u00e1c Cabinet c\u01a1 b\u1ea3n b\u00ean d\u01b0\u1edbi v\u00e0 k\u1ebft n\u1ed1i v\u1edbi h\u1ec7 th\u1ed1ng Filler pannel t\u1ea1o th\u00e0nh m\u1ed9t h\u1ec7 th\u1ed1ng\u00a0<strong><a href=\"https:\/\/huylab.com\/san-pham\/ban-thi-nghiem-ap-tuong-loai-cabinet\/\" target=\"_blank\" rel=\"noopener\">b\u00e0n th\u00ed nghi\u1ec7m \u00e1p t\u01b0\u1eddng<\/a><\/strong>\u00a0ch\u1eafc ch\u1eafn v\u00e0 \u0111\u01b0\u1ee3c s\u1eed d\u1ee5ng ph\u1ed5 bi\u1ebfn tr\u00ean th\u1ebf gi\u1edbi.<\/li>\n<li><a href=\"https:\/\/huylab.com\/san-pham\/ban-thi-nghiem-ap-tuong-loai-cabinet\/\" target=\"_blank\" rel=\"noopener\"><strong>B\u00e0n th\u00ed nghi\u1ec7m \u00e1p t\u01b0\u1eddng<\/strong><\/a>\u00a0lo\u1ea1i n\u00e0y k\u1ebft h\u1ee3p v\u1edbi c\u00e1c b\u00e0n r\u1eeda, gi\u00e1 treo, k\u1ec7 thu\u1ed1c th\u1eed, module kh\u00ed, gas, n\u01b0\u1edbc,\u2026 t\u1ea1o th\u00e0nh m\u1ed9t h\u1ec7 th\u1ed1ng thao t\u00e1c th\u00ed nghi\u1ec7m ti\u1ec7n \u00edch v\u00e0 \u0111\u1ea7y \u0111\u1ee7 c\u00e1c ch\u1ee9c n\u0103ng.<\/li>\n<li>K\u00edch th\u01b0\u1edbc ti\u00eau chu\u1ea9n: chi\u1ec1u ngang 750mm; chi\u1ec1u cao 800mm(ng\u1ed3i l\u00e0m vi\u1ec7c), 900mm(\u0111\u1ee9ng l\u00e0m vi\u1ec7c); chi\u1ec1u d\u00e0i s\u1ebd \u0111\u01b0\u1ee3c thi\u1ebft k\u1ebf v\u00e0 s\u1ea3n xu\u1ea5t theo nhu c\u1ea7u v\u00e0 th\u1ef1c t\u1ebf c\u1ee7a kh\u00e1ch h\u00e0ng.<\/li>\n<\/ul>\n<\/li>\n<\/ul>\n","protected":false},"excerpt":{"rendered":"<p><a href=\"https:\/\/huylab.com\/san-pham\/ban-thi-nghiem-ap-tuong-loai-cabinet\/\"><strong>B\u00e0n th\u00ec nghi\u1ec7m \u00e1p t\u01b0\u1eddng<\/strong><\/a>\u00a0lo\u1ea1i kh\u00f4ng khung v\u00e0 c\u00e1c Cabinet k\u1ebft n\u1ed1i l\u1ea1i v\u1edbi nhau t\u1ea1o th\u00e0nh m\u1ed9t h\u1ec7 th\u1ed1ng\u00a0<strong><a href=\"https:\/\/huylab.com\/san-pham\/ban-thi-nghiem-ap-tuong-loai-cabinet\/\">b\u00e0n th\u00ed nghi\u1ec7m \u00e1p t\u01b0\u1eddng<\/a><\/strong>\u00a0hi\u1ec7n \u0111\u1ea1i.<\/p>\n<ul>\n<li>Cabinet, b\u00e0n r\u1eeda b\u1eb1ng v\u1eadt li\u1ec7u \u0111a d\u1ea1ng: th\u00e9p k\u1ebdm s\u01a1n t\u0129nh \u0111i\u1ec7n, V\u00e1n MFC, Laminate, Inox 304.<\/li>\n<li>M\u1eb7t b\u00e0n chuy\u00ean d\u1ee5ng: Phenolic resin, Expoxy, Inox 304, \u0110\u00e1 Granite.<\/li>\n<li>B\u1ed3n r\u1eeda: Nh\u1ef1a PP, Exoxy resin, Inox 304.<\/li>\n<\/ul>\n","protected":false},"featured_media":338,"template":"","meta":[],"product_cat":[19,33],"product_tag":[],"class_list":["post-340","product","type-product","status-publish","has-post-thumbnail","hentry","product_cat-noi-that-phong-thi-nghiem-vi","product_cat-ban-thi-nghiem-ap-tuong-vi"],"_links":{"self":[{"href":"https:\/\/labone.vn\/huylab\/wp-json\/wp\/v2\/product\/340","targetHints":{"allow":["GET"]}}],"collection":[{"href":"https:\/\/labone.vn\/huylab\/wp-json\/wp\/v2\/product"}],"about":[{"href":"https:\/\/labone.vn\/huylab\/wp-json\/wp\/v2\/types\/product"}],"wp:featuredmedia":[{"embeddable":true,"href":"https:\/\/labone.vn\/huylab\/wp-json\/wp\/v2\/media\/338"}],"wp:attachment":[{"href":"https:\/\/labone.vn\/huylab\/wp-json\/wp\/v2\/media?parent=340"}],"wp:term":[{"taxonomy":"product_cat","embeddable":true,"href":"https:\/\/labone.vn\/huylab\/wp-json\/wp\/v2\/product_cat?post=340"},{"taxonomy":"product_tag","embeddable":true,"href":"https:\/\/labone.vn\/huylab\/wp-json\/wp\/v2\/product_tag?post=340"}],"curies":[{"name":"wp","href":"https:\/\/api.w.org\/{rel}","templated":true}]}}