{"id":349,"date":"2022-07-27T06:27:03","date_gmt":"2022-07-27T06:27:03","guid":{"rendered":"http:\/\/labone.vn\/labone\/huylab\/?post_type=product&#038;p=349"},"modified":"2023-05-04T01:45:57","modified_gmt":"2023-05-04T01:45:57","slug":"hoc-tu-co-ban","status":"publish","type":"product","link":"https:\/\/labone.vn\/huylab\/san-pham\/hoc-tu-co-ban\/","title":{"rendered":"H\u1ed9c T\u1ee7 C\u01a1 B\u1ea3n"},"content":{"rendered":"<p>+ H\u1ed9c t\u1ee7 c\u01a1 b\u1ea3n: l\u00e0 lo\u1ea1i h\u1ed9c t\u1ee7 t\u1ef1 do \u0111\u01b0\u1ee3c b\u1ed1 tr\u00ed li\u00ean k\u1ebft l\u1ea1i v\u1edbi nhau t\u1ea1o th\u00e0nh m\u1ed9t kh\u1ed1i b\u00e0n th\u00ed nghi\u1ec7m.<\/p>\n<p>+ H\u1ed9c t\u1ee7 d\u1ea1ng treo khung: l\u00e0 lo\u1ea1i h\u1ed9c t\u1ee7 \u0111\u01b0\u1ee3c g\u1eafn treo tr\u00ean khung b\u00e0n<\/p>\n<p>+ H\u1ed9c t\u1ee7 di \u0111\u1ed9ng: l\u00e0 lo\u1ea1i h\u1ed9c t\u1ee7 c\u00f3 th\u1ec3 di chuy\u1ec3n nh\u1eefng v\u1eadt t\u01b0, thi\u1ebft b\u1ecb \u0111\u1ebfn nh\u1eefng b\u00e0n th\u00ed nghi\u1ec7m d\u1ec5 d\u00e0ng.<\/p>\n","protected":false},"excerpt":{"rendered":"<p>H\u1ed9c t\u1ee7 \u0111\u01b0\u1ee3c l\u00e0m b\u1eb1ng: th\u00e9p k\u1ebdm s\u01a1n t\u0129nh \u0111i\u1ec7n d\u00e0y 1.2mm, inox 304 d\u00e0y 1.2 mm, v\u00e1n MFC v\u00e0 MDF ch\u1ed1ng \u1ea9m d\u00e0y 18mm,\u2026<\/p>\n<p>S\u1eed d\u1ee5ng ph\u1ee5 ki\u1ec7n: b\u1ea3n l\u1ec1, thanh ray 3 t\u1ea7ng c\u1ee7a Hafele \u2013 \u0110\u1ee9c.<\/p>\n","protected":false},"featured_media":360,"template":"","meta":[],"product_cat":[19,34],"product_tag":[],"class_list":["post-349","product","type-product","status-publish","has-post-thumbnail","hentry","product_cat-noi-that-phong-thi-nghiem-vi","product_cat-hoc-tu-vi"],"_links":{"self":[{"href":"https:\/\/labone.vn\/huylab\/wp-json\/wp\/v2\/product\/349","targetHints":{"allow":["GET"]}}],"collection":[{"href":"https:\/\/labone.vn\/huylab\/wp-json\/wp\/v2\/product"}],"about":[{"href":"https:\/\/labone.vn\/huylab\/wp-json\/wp\/v2\/types\/product"}],"wp:featuredmedia":[{"embeddable":true,"href":"https:\/\/labone.vn\/huylab\/wp-json\/wp\/v2\/media\/360"}],"wp:attachment":[{"href":"https:\/\/labone.vn\/huylab\/wp-json\/wp\/v2\/media?parent=349"}],"wp:term":[{"taxonomy":"product_cat","embeddable":true,"href":"https:\/\/labone.vn\/huylab\/wp-json\/wp\/v2\/product_cat?post=349"},{"taxonomy":"product_tag","embeddable":true,"href":"https:\/\/labone.vn\/huylab\/wp-json\/wp\/v2\/product_tag?post=349"}],"curies":[{"name":"wp","href":"https:\/\/api.w.org\/{rel}","templated":true}]}}