{"id":1199,"date":"2023-09-06T06:05:18","date_gmt":"2023-09-06T06:05:18","guid":{"rendered":"https:\/\/labone.vn\/kinglab\/?page_id=1199"},"modified":"2024-10-01T04:39:12","modified_gmt":"2024-10-01T04:39:12","slug":"may-dap-mau-vi-sinh","status":"publish","type":"page","link":"https:\/\/labone.vn\/kinglab\/may-dap-mau-vi-sinh\/","title":{"rendered":"M\u00e1y d\u1eadp m\u1eabu vi sinh"},"content":{"rendered":"\n  <div class=\"banner has-hover\" id=\"banner-31096687\">\n          <div class=\"banner-inner fill\">\n        <div class=\"banner-bg fill\" >\n            <div class=\"bg fill bg-fill \"><\/div>\n                        <div class=\"overlay\"><\/div>            \n                    <\/div>\n        <div class=\"banner-layers container\">\n            <div class=\"fill banner-link\"><\/div>            \n   <div id=\"text-box-1771537232\" class=\"text-box banner-layer x5 md-x5 lg-x5 y50 md-y50 lg-y50 res-text\">\n                                <div class=\"text-box-content text \">\n              \n              <div class=\"text-inner text-left\">\n                  \n\t<div id=\"text-1013848178\" class=\"text\">\n\t\t\n<h4><strong>M\u00e1y D\u1eadp M\u1eabu Vi Sinh | <span style=\"color: #3366ff;\">KingBlender 400<\/span><\/strong><\/h4>\n<hr \/>\n<p><strong><span style=\"color: #3366ff;\">KingBlender 400<\/span> <\/strong>\u2013 M\u00e1y d\u1eadp m\u1eabu vi sinh m\u1ea1nh m\u1ebd s\u1eed d\u1ee5ng \u0111\u1ec3 tr\u1ed9n m\u1eabu v\u00e0 \u0111\u1ed3ng nh\u1ea5t vi sinh v\u1eadt nhanh ch\u00f3ng, ti\u1ec7n l\u1ee3i v\u1edbi k\u1ebft qu\u1ea3 ch\u00ednh x\u00e1c c\u00f9ng hi\u1ec7u qu\u1ea3 cao trong vi\u1ec7c chu\u1ea9n b\u1ecb m\u1eabu vi sinh v\u1eadt.<\/p>\n\t\t\n<style>\n#text-1013848178 {\n  font-size: 0.75rem;\n}\n@media (min-width:550px) {\n  #text-1013848178 {\n    font-size: 1rem;\n  }\n}\n<\/style>\n\t<\/div>\n\t\n              <\/div>\n           <\/div>\n                            \n<style>\n#text-box-1771537232 {\n  margin: 0px 0px 0px -5px;\n  width: 50%;\n}\n#text-box-1771537232 .text-box-content {\n  font-size: 100%;\n}\n@media (min-width:550px) {\n  #text-box-1771537232 {\n    width: 40%;\n  }\n}\n<\/style>\n    <\/div>\n \n        <\/div>\n      <\/div>\n\n            \n<style>\n#banner-31096687 {\n  padding-top: 50%;\n  background-color: rgb(255, 255, 255);\n}\n#banner-31096687 .bg.bg-loaded {\n  background-image: url(https:\/\/labone.vn\/kinglab\/wp-content\/uploads\/2024\/05\/banner-kingbender-1.jpg);\n}\n#banner-31096687 .overlay {\n  background-color: rgba(190, 190, 190, 0.2);\n}\n#banner-31096687 .bg {\n  background-position: 94% 0%;\n}\n@media (min-width:550px) {\n  #banner-31096687 {\n    padding-top: 25%;\n  }\n}\n<\/style>\n  <\/div>\n\n\n<div class=\"row row-large row-divided\"  id=\"row-488016646\">\n\n\t<div id=\"col-682319034\" class=\"col medium-4 small-12 large-4\"  >\n\t\t\t\t<div class=\"col-inner\"  >\n\t\t\t\n\t\t\t\n<div class=\"container section-title-container\" ><h4 class=\"section-title section-title-center\"><b><\/b><span class=\"section-title-main\" >KingBlender 400<\/span><b><\/b><\/h4><\/div>\n\t<div class=\"img has-hover x md-x lg-x y md-y lg-y\" id=\"image_1071660382\">\n\t\t\t\t\t\t\t\t<div class=\"img-inner dark\" >\n\t\t\t<img loading=\"lazy\" decoding=\"async\" width=\"900\" height=\"900\" src=\"https:\/\/labone.vn\/kinglab\/wp-content\/uploads\/2024\/05\/KingBlender-400-KingLab-Labone-Icon-1.jpg\" class=\"attachment-original size-original\" alt=\"\" srcset=\"https:\/\/labone.vn\/kinglab\/wp-content\/uploads\/2024\/05\/KingBlender-400-KingLab-Labone-Icon-1.jpg 900w, https:\/\/labone.vn\/kinglab\/wp-content\/uploads\/2024\/05\/KingBlender-400-KingLab-Labone-Icon-1-500x500.jpg 500w, https:\/\/labone.vn\/kinglab\/wp-content\/uploads\/2024\/05\/KingBlender-400-KingLab-Labone-Icon-1-768x768.jpg 768w, https:\/\/labone.vn\/kinglab\/wp-content\/uploads\/2024\/05\/KingBlender-400-KingLab-Labone-Icon-1-800x800.jpg 800w, https:\/\/labone.vn\/kinglab\/wp-content\/uploads\/2024\/05\/KingBlender-400-KingLab-Labone-Icon-1-100x100.jpg 100w\" sizes=\"auto, (max-width: 900px) 100vw, 900px\" \/>\t\t\t\t\t\t\n\t\t\t\t\t<\/div>\n\t\t\t\t\t\t\t\t\n<style>\n#image_1071660382 {\n  width: 100%;\n}\n<\/style>\n\t<\/div>\n\t\n<h3><span style=\"color: #3366ff;\">Model KingBlender 400<\/span> | M\u00e1y D\u1eadp M\u1eabu Vi Sinh<\/h3>\n<p><span style=\"color: #3366ff;\">\u2714<\/span> <span style=\"color: #000000;\">Th\u1ec3 t\u00edch d\u1eadp m\u1eabu: 50-400 mL<\/span><\/p>\n<p><span style=\"color: #3366ff;\">\u2714<\/span>\u00a0<span style=\"color: #000000;\">K\u00edch th\u01b0\u1edbc (RxSxC): 228 x 472 x 256 mm<\/span><\/p>\n<p><span style=\"color: #3366ff;\">\u2714<\/span> <span style=\"color: #000000;\">Ngu\u1ed3n: 220\/240V 50Hz<\/span><\/p>\n<p><span style=\"color: #3366ff;\">\u2714<\/span> <span style=\"color: #000000;\">Kh\u1ed1i l\u01b0\u1ee3ng: 25kg<\/span><\/p>\n<a href=\"https:\/\/labone.vn\/kinglab\/product\/model-kingblender-400-may-dap-mau-vi-sinh\/\" target=\"_self\" class=\"button primary is-outline lowercase expand\"  style=\"border-radius:99px;\">\n    <span>KingBlender 400 \u2794<\/span>\n  <\/a>\n\n\t\t<\/div>\n\t\t\t\t\n<style>\n#col-682319034 > .col-inner {\n  border-radius: 5px;\n}\n<\/style>\n\t<\/div>\n\n\t\n<\/div>\n","protected":false},"excerpt":{"rendered":"","protected":false},"author":1,"featured_media":0,"parent":0,"menu_order":0,"comment_status":"closed","ping_status":"closed","template":"page-blank.php","meta":{"footnotes":""},"class_list":["post-1199","page","type-page","status-publish","hentry"],"_links":{"self":[{"href":"https:\/\/labone.vn\/kinglab\/wp-json\/wp\/v2\/pages\/1199","targetHints":{"allow":["GET"]}}],"collection":[{"href":"https:\/\/labone.vn\/kinglab\/wp-json\/wp\/v2\/pages"}],"about":[{"href":"https:\/\/labone.vn\/kinglab\/wp-json\/wp\/v2\/types\/page"}],"author":[{"embeddable":true,"href":"https:\/\/labone.vn\/kinglab\/wp-json\/wp\/v2\/users\/1"}],"replies":[{"embeddable":true,"href":"https:\/\/labone.vn\/kinglab\/wp-json\/wp\/v2\/comments?post=1199"}],"version-history":[{"count":11,"href":"https:\/\/labone.vn\/kinglab\/wp-json\/wp\/v2\/pages\/1199\/revisions"}],"predecessor-version":[{"id":1787,"href":"https:\/\/labone.vn\/kinglab\/wp-json\/wp\/v2\/pages\/1199\/revisions\/1787"}],"wp:attachment":[{"href":"https:\/\/labone.vn\/kinglab\/wp-json\/wp\/v2\/media?parent=1199"}],"curies":[{"name":"wp","href":"https:\/\/api.w.org\/{rel}","templated":true}]}}