{"id":1224,"date":"2023-09-07T01:37:37","date_gmt":"2023-09-07T01:37:37","guid":{"rendered":"https:\/\/labone.vn\/kinglab\/?page_id=1224"},"modified":"2024-10-15T02:19:34","modified_gmt":"2024-10-15T02:19:34","slug":"bom-phan-phoi-moi-truong","status":"publish","type":"page","link":"https:\/\/labone.vn\/kinglab\/bom-phan-phoi-moi-truong\/","title":{"rendered":"B\u01a1m ph\u00e2n ph\u1ed1i m\u00f4i tr\u01b0\u1eddng"},"content":{"rendered":"\n  <div class=\"banner has-hover\" id=\"banner-1110148708\">\n          <div class=\"banner-inner fill\">\n        <div class=\"banner-bg fill\" >\n            <div class=\"bg fill bg-fill \"><\/div>\n                        <div class=\"overlay\"><\/div>            \n                    <\/div>\n        <div class=\"banner-layers container\">\n            <div class=\"fill banner-link\"><\/div>            \n   <div id=\"text-box-1396625895\" class=\"text-box banner-layer x5 md-x5 lg-x5 y50 md-y50 lg-y50 res-text\">\n                                <div class=\"text-box-content text \">\n              \n              <div class=\"text-inner text-left\">\n                  \n\t<div id=\"text-3945013335\" class=\"text\">\n\t\t\n<p class=\"lead\"><strong>B\u01a1m Ph\u00e2n Ph\u1ed1i M\u00f4i Tr\u01b0\u1eddng | <span style=\"color: #3366ff;\">KingPump<\/span><\/strong><\/p>\n<hr \/>\n<p><span style=\"color: #3366ff;\"><strong>KingPump1 v\u00e0 2<\/strong><\/span> l\u00e0 thi\u1ebft b\u1ecb b\u01a1m ph\u00e2n ph\u1ed1i m\u00f4i tr\u01b0\u1eddng ch\u00ednh x\u00e1c, ph\u00e2n ph\u1ed1i ch\u1ea5t l\u1ecfng nhanh ch\u00f3ng v\u00e0 hi\u1ec7u qu\u1ea3, l\u00fd t\u01b0\u1edfng cho ph\u00f2ng th\u00ed nghi\u1ec7m v\u00e0 nghi\u00ean c\u1ee9u trong khoa h\u1ecdc, th\u1eed nghi\u1ec7m, s\u1ea3n xu\u1ea5t v\u00e0 ki\u1ec3m tra ch\u1ea5t l\u01b0\u1ee3ng.<\/p>\n\t\t\n<style>\n#text-3945013335 {\n  font-size: 0.75rem;\n}\n@media (min-width:550px) {\n  #text-3945013335 {\n    font-size: 1rem;\n  }\n}\n<\/style>\n\t<\/div>\n\t\n              <\/div>\n           <\/div>\n                            \n<style>\n#text-box-1396625895 {\n  margin: 0px 0px 0px -5px;\n  width: 50%;\n}\n#text-box-1396625895 .text-box-content {\n  font-size: 100%;\n}\n@media (min-width:550px) {\n  #text-box-1396625895 {\n    width: 50%;\n  }\n}\n<\/style>\n    <\/div>\n \n        <\/div>\n      <\/div>\n\n            \n<style>\n#banner-1110148708 {\n  padding-top: 50%;\n  background-color: rgb(255, 255, 255);\n}\n#banner-1110148708 .bg.bg-loaded {\n  background-image: url(https:\/\/labone.vn\/kinglab\/wp-content\/uploads\/2024\/09\/banner-kingpump1.jpg);\n}\n#banner-1110148708 .overlay {\n  background-color: rgba(190, 190, 190, 0.2);\n}\n#banner-1110148708 .bg {\n  background-position: 100% 0%;\n}\n@media (min-width:550px) {\n  #banner-1110148708 {\n    padding-top: 25%;\n  }\n}\n<\/style>\n  <\/div>\n\n\n<div class=\"row row-large row-divided\"  id=\"row-1390052458\">\n\n\t<div id=\"col-1118164486\" class=\"col medium-4 small-12 large-4\"  >\n\t\t\t\t<div class=\"col-inner\"  >\n\t\t\t\n\t\t\t\n<div class=\"container section-title-container\" ><h4 class=\"section-title section-title-center\"><b><\/b><span class=\"section-title-main\" >01 \u0111\u1ea7u b\u01a1m<\/span><b><\/b><\/h4><\/div>\n\t<div class=\"img has-hover x md-x lg-x y md-y lg-y\" id=\"image_1544660344\">\n\t\t\t\t\t\t\t\t<div class=\"img-inner dark\" >\n\t\t\t<img loading=\"lazy\" decoding=\"async\" width=\"900\" height=\"900\" src=\"https:\/\/labone.vn\/kinglab\/wp-content\/uploads\/2024\/09\/ICON-KINGPUMP.png\" class=\"attachment-original size-original\" alt=\"\" srcset=\"https:\/\/labone.vn\/kinglab\/wp-content\/uploads\/2024\/09\/ICON-KINGPUMP.png 900w, https:\/\/labone.vn\/kinglab\/wp-content\/uploads\/2024\/09\/ICON-KINGPUMP-500x500.png 500w, https:\/\/labone.vn\/kinglab\/wp-content\/uploads\/2024\/09\/ICON-KINGPUMP-768x768.png 768w, https:\/\/labone.vn\/kinglab\/wp-content\/uploads\/2024\/09\/ICON-KINGPUMP-800x800.png 800w, https:\/\/labone.vn\/kinglab\/wp-content\/uploads\/2024\/09\/ICON-KINGPUMP-100x100.png 100w\" sizes=\"auto, (max-width: 900px) 100vw, 900px\" \/>\t\t\t\t\t\t\n\t\t\t\t\t<\/div>\n\t\t\t\t\t\t\t\t\n<style>\n#image_1544660344 {\n  width: 100%;\n}\n<\/style>\n\t<\/div>\n\t\n<h3><span style=\"color: #3366ff;\">Model KingPump1<\/span> | M\u00e1y Ph\u00e2n Ph\u1ed1i Ch\u1ea5t L\u1ecfng, M\u00f4i Tr\u01b0\u1eddng<\/h3>\n<p><span style=\"color: #3366ff;\">\u2714<\/span> <span style=\"color: #000000;\">K\u00edch th\u01b0\u1edbc (RxSxC): R150 x S176 x C295 mm<\/span><\/p>\n<p><span style=\"color: #3366ff;\">\u2714 <\/span><span style=\"color: #000000;\">T\u1ed1c \u0111\u1ed9 quay \u0111\u1ea7u b\u01a1m: 10-400rpm<\/span><\/p>\n<p><span style=\"color: #3366ff;\">\u2714 <\/span><span style=\"color: #000000;\">Th\u1ec3 t\u00edch ph\u00e2n ph\u1ed1i: 50 \u03bcL t\u1edbi 99 L<\/span><\/p>\n<p><span style=\"color: #3366ff;\">\u2714<\/span> <span style=\"color: #000000;\">Ngu\u1ed3n \u0111i\u1ec7n: 220-240 V~ 50-60 Hz<\/span><\/p>\n<a href=\"https:\/\/labone.vn\/kinglab\/product\/model-kingpump1-may-phan-phoi-chat-long-moi-truong\/\" target=\"_self\" class=\"button primary is-outline lowercase expand\"  style=\"border-radius:99px;\">\n    <span>Model KingPump1 \u2794<\/span>\n  <\/a>\n\n\t\t<\/div>\n\t\t\t\t\n<style>\n#col-1118164486 > .col-inner {\n  border-radius: 5px;\n}\n<\/style>\n\t<\/div>\n\n\t\n\n\t<div id=\"col-1271657396\" class=\"col medium-4 small-12 large-4\"  >\n\t\t\t\t<div class=\"col-inner\"  >\n\t\t\t\n\t\t\t\n<div class=\"container section-title-container\" ><h4 class=\"section-title section-title-center\"><b><\/b><span class=\"section-title-main\" >02 \u0111\u1ea7u b\u01a1m<\/span><b><\/b><\/h4><\/div>\n\t<div class=\"img has-hover x md-x lg-x y md-y lg-y\" id=\"image_1228862196\">\n\t\t\t\t\t\t\t\t<div class=\"img-inner dark\" >\n\t\t\t<img loading=\"lazy\" decoding=\"async\" width=\"900\" height=\"900\" src=\"https:\/\/labone.vn\/kinglab\/wp-content\/uploads\/2024\/09\/ICON-KINGPUMP-2.png\" class=\"attachment-original size-original\" alt=\"\" srcset=\"https:\/\/labone.vn\/kinglab\/wp-content\/uploads\/2024\/09\/ICON-KINGPUMP-2.png 900w, https:\/\/labone.vn\/kinglab\/wp-content\/uploads\/2024\/09\/ICON-KINGPUMP-2-500x500.png 500w, https:\/\/labone.vn\/kinglab\/wp-content\/uploads\/2024\/09\/ICON-KINGPUMP-2-768x768.png 768w, https:\/\/labone.vn\/kinglab\/wp-content\/uploads\/2024\/09\/ICON-KINGPUMP-2-800x800.png 800w, https:\/\/labone.vn\/kinglab\/wp-content\/uploads\/2024\/09\/ICON-KINGPUMP-2-100x100.png 100w\" sizes=\"auto, (max-width: 900px) 100vw, 900px\" \/>\t\t\t\t\t\t\n\t\t\t\t\t<\/div>\n\t\t\t\t\t\t\t\t\n<style>\n#image_1228862196 {\n  width: 100%;\n}\n<\/style>\n\t<\/div>\n\t\n<h3><span style=\"color: #3366ff;\">Model KingPump2<\/span> | M\u00e1y Ph\u00e2n Ph\u1ed1i Ch\u1ea5t L\u1ecfng, M\u00f4i Tr\u01b0\u1eddng<\/h3>\n<p><span style=\"color: #3366ff;\">\u2714<\/span> <span style=\"color: #000000;\">K\u00edch th\u01b0\u1edbc (RxSxC): R300 x S176 x C295 mm<\/span><\/p>\n<p><span style=\"color: #3366ff;\">\u2714 <\/span><span style=\"color: #000000;\">T\u1ed1c \u0111\u1ed9 quay \u0111\u1ea7u b\u01a1m: 10-400rpm<\/span><\/p>\n<p><span style=\"color: #3366ff;\">\u2714 <\/span><span style=\"color: #000000;\">Th\u1ec3 t\u00edch ph\u00e2n ph\u1ed1i: 50 \u03bcL t\u1edbi 99 L<\/span><\/p>\n<p><span style=\"color: #3366ff;\">\u2714<\/span> <span style=\"color: #000000;\">Ngu\u1ed3n \u0111i\u1ec7n: 220-240 V~ 50-60 Hz<\/span><\/p>\n<a href=\"https:\/\/labone.vn\/kinglab\/product\/model-kingpump2-may-phan-phoi-chat-long-moi-truong\/\" target=\"_self\" class=\"button primary is-outline lowercase expand\"  style=\"border-radius:99px;\">\n    <span>Model KingPump2 \u2794<\/span>\n  <\/a>\n\n\t\t<\/div>\n\t\t\t\t\n<style>\n#col-1271657396 > .col-inner {\n  border-radius: 5px;\n}\n<\/style>\n\t<\/div>\n\n\t\n<\/div>\n","protected":false},"excerpt":{"rendered":"","protected":false},"author":1,"featured_media":0,"parent":0,"menu_order":0,"comment_status":"closed","ping_status":"closed","template":"page-blank.php","meta":{"footnotes":""},"class_list":["post-1224","page","type-page","status-publish","hentry"],"_links":{"self":[{"href":"https:\/\/labone.vn\/kinglab\/wp-json\/wp\/v2\/pages\/1224","targetHints":{"allow":["GET"]}}],"collection":[{"href":"https:\/\/labone.vn\/kinglab\/wp-json\/wp\/v2\/pages"}],"about":[{"href":"https:\/\/labone.vn\/kinglab\/wp-json\/wp\/v2\/types\/page"}],"author":[{"embeddable":true,"href":"https:\/\/labone.vn\/kinglab\/wp-json\/wp\/v2\/users\/1"}],"replies":[{"embeddable":true,"href":"https:\/\/labone.vn\/kinglab\/wp-json\/wp\/v2\/comments?post=1224"}],"version-history":[{"count":20,"href":"https:\/\/labone.vn\/kinglab\/wp-json\/wp\/v2\/pages\/1224\/revisions"}],"predecessor-version":[{"id":1829,"href":"https:\/\/labone.vn\/kinglab\/wp-json\/wp\/v2\/pages\/1224\/revisions\/1829"}],"wp:attachment":[{"href":"https:\/\/labone.vn\/kinglab\/wp-json\/wp\/v2\/media?parent=1224"}],"curies":[{"name":"wp","href":"https:\/\/api.w.org\/{rel}","templated":true}]}}