{"id":1319,"date":"2023-09-12T07:58:55","date_gmt":"2023-09-12T07:58:55","guid":{"rendered":"https:\/\/labone.vn\/kinglab\/?page_id=1319"},"modified":"2023-09-19T04:58:10","modified_gmt":"2023-09-19T04:58:10","slug":"tu-say","status":"publish","type":"page","link":"https:\/\/labone.vn\/kinglab\/tu-say\/","title":{"rendered":"T\u1ee7 S\u1ea5y"},"content":{"rendered":"\n  <div class=\"banner has-hover\" id=\"banner-1539180451\">\n          <div class=\"banner-inner fill\">\n        <div class=\"banner-bg fill\" >\n            <div class=\"bg fill bg-fill \"><\/div>\n                        <div class=\"overlay\"><\/div>            \n                    <\/div>\n        <div class=\"banner-layers container\">\n            <div class=\"fill banner-link\"><\/div>            \n   <div id=\"text-box-1009826490\" class=\"text-box banner-layer x5 md-x5 lg-x5 y50 md-y50 lg-y50 res-text\">\n                                <div class=\"text-box-content text box-shadow-2\">\n              \n              <div class=\"text-inner text-left\">\n                  \n\t<div id=\"text-3690741528\" class=\"text\">\n\t\t\n<h4 class=\"uppercase\"><strong>t\u1ee7 s\u1ea5y<\/strong><\/h4>\n<p>T\u1ee7 s\u1ea5y c\u1ee7a th\u01b0\u01a1ng hi\u1ec7u KingLab l\u00e0 m\u1ed9t gi\u1ea3i ph\u00e1p \u0111\u00e1ng tin c\u1eady v\u00e0 hi\u1ec7u qu\u1ea3 cho qu\u00e1 tr\u00ecnh s\u1ea5y kh\u00f4 v\u00e0 x\u1eed l\u00fd m\u1eabu trong c\u00e1c m\u00f4i tr\u01b0\u1eddng nh\u01b0 ph\u00f2ng th\u00ed nghi\u1ec7m, nghi\u00ean c\u1ee9u v\u00e0 s\u1ea3n xu\u1ea5t. V\u1edbi s\u1ef1 k\u1ebft h\u1ee3p gi\u1eefa c\u00f4ng ngh\u1ec7 ti\u00ean ti\u1ebfn v\u00e0 thi\u1ebft k\u1ebf ch\u1ea5t l\u01b0\u1ee3ng, t\u1ee7 s\u1ea5y KingLab \u0111\u1ea3m b\u1ea3o m\u1eabu c\u1ee7a b\u1ea1n \u0111\u01b0\u1ee3c x\u1eed l\u00fd m\u1ed9t c\u00e1ch hi\u1ec7u qu\u1ea3 v\u00e0 an to\u00e0n.<br \/>\n\t\t\n<style>\n#text-3690741528 {\n  font-size: 0.75rem;\n}\n@media (min-width:550px) {\n  #text-3690741528 {\n    font-size: 1rem;\n  }\n}\n<\/style>\n\t<\/div>\n\t\n              <\/div>\n           <\/div>\n                            \n<style>\n#text-box-1009826490 {\n  margin: 0px 0px 0px -5px;\n  width: 93%;\n}\n#text-box-1009826490 .text-box-content {\n  background-color: rgba(255, 255, 255, 0.692);\n  border-radius: 15px;\n  font-size: 100%;\n}\n#text-box-1009826490 .text-inner {\n  padding: 5px 5px 5px 5px;\n}\n@media (min-width:550px) {\n  #text-box-1009826490 .text-inner {\n    padding: 30px 30px 30px 30px;\n  }\n  #text-box-1009826490 {\n    width: 50%;\n  }\n}\n<\/style>\n    <\/div>\n \n        <\/div>\n      <\/div>\n\n            \n<style>\n#banner-1539180451 {\n  padding-top: 55%;\n  background-color: rgb(255, 255, 255);\n}\n#banner-1539180451 .bg.bg-loaded {\n  background-image: url(https:\/\/labone.vn\/kinglab\/wp-content\/uploads\/2023\/09\/banner-1.jpg);\n}\n#banner-1539180451 .overlay {\n  background-color: rgba(190, 190, 190, 0.2);\n}\n#banner-1539180451 .bg {\n  background-position: 87% 0%;\n}\n@media (min-width:550px) {\n  #banner-1539180451 {\n    padding-top: 25%;\n  }\n}\n<\/style>\n  <\/div>\n\n\n\t<section class=\"section\" id=\"section_1490785673\">\n\t\t<div class=\"bg section-bg fill bg-fill  bg-loaded\" >\n\n\t\t\t\n\t\t\t\n\t\t\t\n\n\t\t<\/div>\n\n\t\t<div class=\"section-content relative\">\n\t\t\t\n<div class=\"container section-title-container\" ><h3 class=\"section-title section-title-center\"><b><\/b><span class=\"section-title-main\" >T\u1ee6 S\u1ea4Y TI\u00caU CHU\u1ea8N | KingLAB<\/span><b><\/b><\/h3><\/div>\n<div class=\"row align-center\"  id=\"row-603662496\">\n\n\t<div id=\"col-514113816\" class=\"col medium-3 small-6 large-3\"  >\n\t\t\t\t<div class=\"col-inner\"  >\n\t\t\t\n\t\t\t\n\t<div class=\"img has-hover x md-x lg-x y md-y lg-y\" id=\"image_1566753251\">\n\t\t\t\t\t\t\t\t<div class=\"img-inner dark\" >\n\t\t\t<img loading=\"lazy\" decoding=\"async\" width=\"900\" height=\"900\" src=\"https:\/\/labone.vn\/kinglab\/wp-content\/uploads\/2023\/09\/KINGLAB-INCUBATOR-1.jpg\" class=\"attachment-original size-original\" alt=\"\" srcset=\"https:\/\/labone.vn\/kinglab\/wp-content\/uploads\/2023\/09\/KINGLAB-INCUBATOR-1.jpg 900w, https:\/\/labone.vn\/kinglab\/wp-content\/uploads\/2023\/09\/KINGLAB-INCUBATOR-1-800x800.jpg 800w, https:\/\/labone.vn\/kinglab\/wp-content\/uploads\/2023\/09\/KINGLAB-INCUBATOR-1-100x100.jpg 100w, https:\/\/labone.vn\/kinglab\/wp-content\/uploads\/2023\/09\/KINGLAB-INCUBATOR-1-500x500.jpg 500w, https:\/\/labone.vn\/kinglab\/wp-content\/uploads\/2023\/09\/KINGLAB-INCUBATOR-1-768x768.jpg 768w\" sizes=\"auto, (max-width: 900px) 100vw, 900px\" \/>\t\t\t\t\t\t\n\t\t\t\t\t<\/div>\n\t\t\t\t\t\t\t\t\n<style>\n#image_1566753251 {\n  width: 100%;\n}\n<\/style>\n\t<\/div>\n\t\n\t<div id=\"text-4267406207\" class=\"text\">\n\t\t\n<h2 style=\"text-align: center;\">D\u00f2ng Kh\u00ed \u0110\u1ed1i L\u01b0u T\u1ef1 Nhi\u00ean<\/h2>\n<p style=\"text-align: center;\"><strong>Model: KingOven NC<\/strong><\/p>\n\t\t\n<style>\n#text-4267406207 {\n  font-size: 0.75rem;\n  text-align: center;\n}\n<\/style>\n\t<\/div>\n\t\n<a href=\"https:\/\/labone.vn\/kinglab\/tu-say\/tu-say-dong-khi-doi-luu-tu-nhien\/\" target=\"_self\" class=\"button primary is-outline expand\"  style=\"border-radius:99px;\">\n    <span>s\u1ea3n ph\u1ea9m<\/span>\n  <\/a>\n\n\t\t<\/div>\n\t\t\t\t\n<style>\n#col-514113816 > .col-inner {\n  margin: 20px 0px 0px 0px;\n  border-radius: 5px;\n}\n<\/style>\n\t<\/div>\n\n\t\n\n\t<div id=\"col-805863828\" class=\"col medium-3 small-6 large-3\"  >\n\t\t\t\t<div class=\"col-inner\"  >\n\t\t\t\n\t\t\t\n\t<div class=\"img has-hover x md-x lg-x y md-y lg-y\" id=\"image_412494062\">\n\t\t\t\t\t\t\t\t<div class=\"img-inner dark\" >\n\t\t\t<img loading=\"lazy\" decoding=\"async\" width=\"900\" height=\"900\" src=\"https:\/\/labone.vn\/kinglab\/wp-content\/uploads\/2023\/09\/KINGLAB-INCUBATOR-1.jpg\" class=\"attachment-original size-original\" alt=\"\" srcset=\"https:\/\/labone.vn\/kinglab\/wp-content\/uploads\/2023\/09\/KINGLAB-INCUBATOR-1.jpg 900w, https:\/\/labone.vn\/kinglab\/wp-content\/uploads\/2023\/09\/KINGLAB-INCUBATOR-1-800x800.jpg 800w, https:\/\/labone.vn\/kinglab\/wp-content\/uploads\/2023\/09\/KINGLAB-INCUBATOR-1-100x100.jpg 100w, https:\/\/labone.vn\/kinglab\/wp-content\/uploads\/2023\/09\/KINGLAB-INCUBATOR-1-500x500.jpg 500w, https:\/\/labone.vn\/kinglab\/wp-content\/uploads\/2023\/09\/KINGLAB-INCUBATOR-1-768x768.jpg 768w\" sizes=\"auto, (max-width: 900px) 100vw, 900px\" \/>\t\t\t\t\t\t\n\t\t\t\t\t<\/div>\n\t\t\t\t\t\t\t\t\n<style>\n#image_412494062 {\n  width: 100%;\n}\n<\/style>\n\t<\/div>\n\t\n\t<div id=\"text-2666274600\" class=\"text\">\n\t\t\n<h2 style=\"text-align: center;\">D\u00f2ng Kh\u00ed \u0110\u1ed1i L\u01b0u C\u01b0\u1ee1ng B\u1ee9c<\/h2>\n<p style=\"text-align: center;\"><strong>Model: KingOven FC<\/strong><\/p>\n\t\t\n<style>\n#text-2666274600 {\n  font-size: 0.75rem;\n  text-align: center;\n}\n<\/style>\n\t<\/div>\n\t\n<a href=\"https:\/\/labone.vn\/kinglab\/tu-say\/tu-say-dong-khi-doi-luu-cuong-buc\/\" target=\"_self\" class=\"button primary is-outline expand\"  style=\"border-radius:99px;\">\n    <span>s\u1ea3n ph\u1ea9m<\/span>\n  <\/a>\n\n\t\t<\/div>\n\t\t\t\t\n<style>\n#col-805863828 > .col-inner {\n  margin: 20px 0px 0px 0px;\n  border-radius: 5px;\n}\n<\/style>\n\t<\/div>\n\n\t\n<\/div>\n\t\t<\/div>\n\n\t\t\n<style>\n#section_1490785673 {\n  padding-top: 30px;\n  padding-bottom: 30px;\n}\n<\/style>\n\t<\/section>\n\t\n","protected":false},"excerpt":{"rendered":"","protected":false},"author":1,"featured_media":0,"parent":0,"menu_order":0,"comment_status":"closed","ping_status":"closed","template":"page-blank.php","meta":{"footnotes":""},"class_list":["post-1319","page","type-page","status-publish","hentry"],"_links":{"self":[{"href":"https:\/\/labone.vn\/kinglab\/wp-json\/wp\/v2\/pages\/1319","targetHints":{"allow":["GET"]}}],"collection":[{"href":"https:\/\/labone.vn\/kinglab\/wp-json\/wp\/v2\/pages"}],"about":[{"href":"https:\/\/labone.vn\/kinglab\/wp-json\/wp\/v2\/types\/page"}],"author":[{"embeddable":true,"href":"https:\/\/labone.vn\/kinglab\/wp-json\/wp\/v2\/users\/1"}],"replies":[{"embeddable":true,"href":"https:\/\/labone.vn\/kinglab\/wp-json\/wp\/v2\/comments?post=1319"}],"version-history":[{"count":4,"href":"https:\/\/labone.vn\/kinglab\/wp-json\/wp\/v2\/pages\/1319\/revisions"}],"predecessor-version":[{"id":1338,"href":"https:\/\/labone.vn\/kinglab\/wp-json\/wp\/v2\/pages\/1319\/revisions\/1338"}],"wp:attachment":[{"href":"https:\/\/labone.vn\/kinglab\/wp-json\/wp\/v2\/media?parent=1319"}],"curies":[{"name":"wp","href":"https:\/\/api.w.org\/{rel}","templated":true}]}}