{"id":1330,"date":"2023-09-12T08:33:33","date_gmt":"2023-09-12T08:33:33","guid":{"rendered":"https:\/\/labone.vn\/kinglab\/?page_id=1330"},"modified":"2023-11-27T06:28:09","modified_gmt":"2023-11-27T06:28:09","slug":"tu-say-dong-khi-doi-luu-cuong-buc","status":"publish","type":"page","link":"https:\/\/labone.vn\/kinglab\/tu-say\/tu-say-dong-khi-doi-luu-cuong-buc\/","title":{"rendered":"T\u1ee7 S\u1ea5y D\u00f2ng Kh\u00ed \u0110\u1ed1i L\u01b0u C\u01b0\u1ee1ng B\u1ee9c"},"content":{"rendered":"\n  <div class=\"banner has-hover\" id=\"banner-1225534590\">\n          <div class=\"banner-inner fill\">\n        <div class=\"banner-bg fill\" >\n            <div class=\"bg fill bg-fill \"><\/div>\n                        <div class=\"overlay\"><\/div>            \n                    <\/div>\n        <div class=\"banner-layers container\">\n            <div class=\"fill banner-link\"><\/div>            \n   <div id=\"text-box-1314076019\" class=\"text-box banner-layer x5 md-x5 lg-x5 y50 md-y50 lg-y50 res-text\">\n                                <div class=\"text-box-content text \">\n              \n              <div class=\"text-inner text-left\">\n                  \n\t<div id=\"text-2724296637\" class=\"text\">\n\t\t\n<h3 class=\"uppercase\"><strong>t\u1ee7 S\u1ea4Y<\/strong><\/h3>\n<hr \/>\n<h4>D\u00f2ng Kh\u00ed \u0110\u1ed1i L\u01b0u C\u01b0\u1ee1ng B\u1ee9c &#8211; FC<\/h4>\n\t\t\n<style>\n#text-2724296637 {\n  font-size: 0.75rem;\n}\n@media (min-width:550px) {\n  #text-2724296637 {\n    font-size: 1rem;\n  }\n}\n<\/style>\n\t<\/div>\n\t\n              <\/div>\n           <\/div>\n                            \n<style>\n#text-box-1314076019 {\n  width: 86%;\n}\n#text-box-1314076019 .text-box-content {\n  font-size: 100%;\n}\n@media (min-width:550px) {\n  #text-box-1314076019 {\n    width: 40%;\n  }\n}\n<\/style>\n    <\/div>\n \n        <\/div>\n      <\/div>\n\n            \n<style>\n#banner-1225534590 {\n  padding-top: 50%;\n  background-color: rgb(255, 255, 255);\n}\n#banner-1225534590 .bg.bg-loaded {\n  background-image: url(https:\/\/labone.vn\/kinglab\/wp-content\/uploads\/2023\/09\/banner-1.jpg);\n}\n#banner-1225534590 .overlay {\n  background-color: rgba(190, 190, 190, 0.2);\n}\n@media (min-width:550px) {\n  #banner-1225534590 {\n    padding-top: 25%;\n  }\n}\n<\/style>\n  <\/div>\n\n\n<div class=\"row row-large row-divided\"  id=\"row-890288550\">\n\n\t<div id=\"col-1201698324\" class=\"col medium-4 small-12 large-4\"  >\n\t\t\t\t<div class=\"col-inner\"  >\n\t\t\t\n\t\t\t\n<div class=\"container section-title-container\" ><h4 class=\"section-title section-title-center\"><b><\/b><span class=\"section-title-main\" >55 L\u00edt<\/span><b><\/b><\/h4><\/div>\n\t<div class=\"img has-hover x md-x lg-x y md-y lg-y\" id=\"image_789967125\">\n\t\t\t\t\t\t\t\t<div class=\"img-inner dark\" >\n\t\t\t<img loading=\"lazy\" decoding=\"async\" width=\"900\" height=\"900\" src=\"https:\/\/labone.vn\/kinglab\/wp-content\/uploads\/2023\/11\/KingIncu-KingOven-55L.jpg\" class=\"attachment-original size-original\" alt=\"\" srcset=\"https:\/\/labone.vn\/kinglab\/wp-content\/uploads\/2023\/11\/KingIncu-KingOven-55L.jpg 900w, https:\/\/labone.vn\/kinglab\/wp-content\/uploads\/2023\/11\/KingIncu-KingOven-55L-500x500.jpg 500w, https:\/\/labone.vn\/kinglab\/wp-content\/uploads\/2023\/11\/KingIncu-KingOven-55L-768x768.jpg 768w, https:\/\/labone.vn\/kinglab\/wp-content\/uploads\/2023\/11\/KingIncu-KingOven-55L-800x800.jpg 800w, https:\/\/labone.vn\/kinglab\/wp-content\/uploads\/2023\/11\/KingIncu-KingOven-55L-100x100.jpg 100w\" sizes=\"auto, (max-width: 900px) 100vw, 900px\" \/>\t\t\t\t\t\t\n\t\t\t\t\t<\/div>\n\t\t\t\t\t\t\t\t\n<style>\n#image_789967125 {\n  width: 100%;\n}\n<\/style>\n\t<\/div>\n\t\n<h3 class=\"product-title product_title entry-title\"><span style=\"color: #3366ff;\"><strong>Model KingOven_55 FC<\/strong><\/span> | T\u1ee7 S\u1ea5y D\u00f2ng Kh\u00ed \u0110\u1ed1i L\u01b0u C\u01b0\u1ee1ng B\u1ee9c<\/h3>\n<p>\u2714 K\u00edch th\u01b0\u1edbc ngo\u00e0i (RxSxC):\u00a0 R660 x S650 x C690 mm<\/p>\n<p>\u2714 K\u00edch th\u01b0\u1edbc trong (RxSxC): R400 x S345 x C400 mm<\/p>\n<p>\u2714 Dung t\u00edch 55L<\/p>\n<p>\u2714 Tr\u1ecdng l\u01b0\u1ee3ng: 50Kg<\/p>\n<p>\u2714\u00a0Ngu\u1ed3n: 220\/240 50Hz<\/p>\n<a href=\"https:\/\/labone.vn\/kinglab\/product\/model-kingoven-55-fc-tu-say-dong-khi-doi-luu-cuong-buc\/\" target=\"_self\" class=\"button primary is-outline lowercase expand\"  style=\"border-radius:99px;\">\n    <span>Model KingOven_55 FC \u2794<\/span>\n  <\/a>\n\n\t\t<\/div>\n\t\t\t\t\n<style>\n#col-1201698324 > .col-inner {\n  border-radius: 5px;\n}\n<\/style>\n\t<\/div>\n\n\t\n\n\t<div id=\"col-1495095738\" class=\"col medium-4 small-12 large-4\"  >\n\t\t\t\t<div class=\"col-inner\"  >\n\t\t\t\n\t\t\t\n<div class=\"container section-title-container\" ><h4 class=\"section-title section-title-center\"><b><\/b><span class=\"section-title-main\" >127 L\u00edt<\/span><b><\/b><\/h4><\/div>\n\t<div class=\"img has-hover x md-x lg-x y md-y lg-y\" id=\"image_1306099487\">\n\t\t\t\t\t\t\t\t<div class=\"img-inner dark\" >\n\t\t\t<img loading=\"lazy\" decoding=\"async\" width=\"900\" height=\"900\" src=\"https:\/\/labone.vn\/kinglab\/wp-content\/uploads\/2023\/11\/KingIncu-KingOven-127L.jpg\" class=\"attachment-original size-original\" alt=\"\" srcset=\"https:\/\/labone.vn\/kinglab\/wp-content\/uploads\/2023\/11\/KingIncu-KingOven-127L.jpg 900w, https:\/\/labone.vn\/kinglab\/wp-content\/uploads\/2023\/11\/KingIncu-KingOven-127L-500x500.jpg 500w, https:\/\/labone.vn\/kinglab\/wp-content\/uploads\/2023\/11\/KingIncu-KingOven-127L-768x768.jpg 768w, https:\/\/labone.vn\/kinglab\/wp-content\/uploads\/2023\/11\/KingIncu-KingOven-127L-800x800.jpg 800w, https:\/\/labone.vn\/kinglab\/wp-content\/uploads\/2023\/11\/KingIncu-KingOven-127L-100x100.jpg 100w\" sizes=\"auto, (max-width: 900px) 100vw, 900px\" \/>\t\t\t\t\t\t\n\t\t\t\t\t<\/div>\n\t\t\t\t\t\t\t\t\n<style>\n#image_1306099487 {\n  width: 100%;\n}\n<\/style>\n\t<\/div>\n\t\n<h3 class=\"product-title product_title entry-title\"><span style=\"color: #3366ff;\"><strong>Model KingOven_127 FC<\/strong><\/span> | T\u1ee7 S\u1ea5y D\u00f2ng Kh\u00ed \u0110\u1ed1i L\u01b0u C\u01b0\u1ee1ng B\u1ee9c<\/h3>\n<p>\u2714 K\u00edch th\u01b0\u1edbc ngo\u00e0i (RxSxC): R810 x S725 x C840 mm<\/p>\n<p>\u2714 K\u00edch th\u01b0\u1edbc trong (RxSxC): R550 x S419 x C550 mm<\/p>\n<p>\u2714 Dung t\u00edch 127L<\/p>\n<p>\u2714 Tr\u1ecdng l\u01b0\u1ee3ng: 64Kg<\/p>\n<p>\u2714\u00a0Ngu\u1ed3n: 220\/240 50Hz<\/p>\n<a href=\"https:\/\/labone.vn\/kinglab\/product\/model-kingoven_127-fc-tu-say-dong-khi-doi-luu-cuong-buc\/\" target=\"_self\" class=\"button primary is-outline lowercase expand\"  style=\"border-radius:99px;\">\n    <span>Model KingOven_127 FC \u2794<\/span>\n  <\/a>\n\n\t\t<\/div>\n\t\t\t\t\n<style>\n#col-1495095738 > .col-inner {\n  border-radius: 5px;\n}\n<\/style>\n\t<\/div>\n\n\t\n\n\t<div id=\"col-1768208186\" class=\"col medium-4 small-12 large-4\"  >\n\t\t\t\t<div class=\"col-inner\"  >\n\t\t\t\n\t\t\t\n<div class=\"container section-title-container\" ><h4 class=\"section-title section-title-center\"><b><\/b><span class=\"section-title-main\" >186 L\u00edt<\/span><b><\/b><\/h4><\/div>\n\t<div class=\"img has-hover x md-x lg-x y md-y lg-y\" id=\"image_669527077\">\n\t\t\t\t\t\t\t\t<div class=\"img-inner dark\" >\n\t\t\t<img loading=\"lazy\" decoding=\"async\" width=\"900\" height=\"900\" src=\"https:\/\/labone.vn\/kinglab\/wp-content\/uploads\/2023\/11\/KingIncu-KingOven-186L.jpg\" class=\"attachment-original size-original\" alt=\"\" srcset=\"https:\/\/labone.vn\/kinglab\/wp-content\/uploads\/2023\/11\/KingIncu-KingOven-186L.jpg 900w, https:\/\/labone.vn\/kinglab\/wp-content\/uploads\/2023\/11\/KingIncu-KingOven-186L-500x500.jpg 500w, https:\/\/labone.vn\/kinglab\/wp-content\/uploads\/2023\/11\/KingIncu-KingOven-186L-768x768.jpg 768w, https:\/\/labone.vn\/kinglab\/wp-content\/uploads\/2023\/11\/KingIncu-KingOven-186L-800x800.jpg 800w, https:\/\/labone.vn\/kinglab\/wp-content\/uploads\/2023\/11\/KingIncu-KingOven-186L-100x100.jpg 100w\" sizes=\"auto, (max-width: 900px) 100vw, 900px\" \/>\t\t\t\t\t\t\n\t\t\t\t\t<\/div>\n\t\t\t\t\t\t\t\t\n<style>\n#image_669527077 {\n  width: 100%;\n}\n<\/style>\n\t<\/div>\n\t\n<h3 class=\"product-title product_title entry-title\"><span style=\"color: #3366ff;\"><strong>Model KingOven_186 FC<\/strong><\/span> | T\u1ee7 S\u1ea5y D\u00f2ng Kh\u00ed \u0110\u1ed1i L\u01b0u C\u01b0\u1ee1ng B\u1ee9c<\/h3>\n<p>\u2714 K\u00edch th\u01b0\u1edbc ngo\u00e0i (RxSxC): R810 x S715 x C1040 mm<\/p>\n<p>\u2714 K\u00edch th\u01b0\u1edbc trong (RxSxC): R550 x S485 x C750 mm<\/p>\n<p>\u2714 Dung t\u00edch 186L<\/p>\n<p>\u2714 Tr\u1ecdng l\u01b0\u1ee3ng: 95Kg<\/p>\n<p>\u2714\u00a0Ngu\u1ed3n: 220\/240 50Hz<\/p>\n<a href=\"https:\/\/labone.vn\/kinglab\/product\/model-kingoven_186-fc-tu-say-dong-khi-doi-luu-cuong-buc\/\" target=\"_self\" class=\"button primary is-outline lowercase expand\"  style=\"border-radius:99px;\">\n    <span>Model KingOven_186 FC \u2794<\/span>\n  <\/a>\n\n\t\t<\/div>\n\t\t\t\t\n<style>\n#col-1768208186 > .col-inner {\n  border-radius: 5px;\n}\n<\/style>\n\t<\/div>\n\n\t\n<\/div>\n","protected":false},"excerpt":{"rendered":"","protected":false},"author":1,"featured_media":0,"parent":1319,"menu_order":0,"comment_status":"closed","ping_status":"closed","template":"page-blank.php","meta":{"footnotes":""},"class_list":["post-1330","page","type-page","status-publish","hentry"],"_links":{"self":[{"href":"https:\/\/labone.vn\/kinglab\/wp-json\/wp\/v2\/pages\/1330","targetHints":{"allow":["GET"]}}],"collection":[{"href":"https:\/\/labone.vn\/kinglab\/wp-json\/wp\/v2\/pages"}],"about":[{"href":"https:\/\/labone.vn\/kinglab\/wp-json\/wp\/v2\/types\/page"}],"author":[{"embeddable":true,"href":"https:\/\/labone.vn\/kinglab\/wp-json\/wp\/v2\/users\/1"}],"replies":[{"embeddable":true,"href":"https:\/\/labone.vn\/kinglab\/wp-json\/wp\/v2\/comments?post=1330"}],"version-history":[{"count":17,"href":"https:\/\/labone.vn\/kinglab\/wp-json\/wp\/v2\/pages\/1330\/revisions"}],"predecessor-version":[{"id":1706,"href":"https:\/\/labone.vn\/kinglab\/wp-json\/wp\/v2\/pages\/1330\/revisions\/1706"}],"up":[{"embeddable":true,"href":"https:\/\/labone.vn\/kinglab\/wp-json\/wp\/v2\/pages\/1319"}],"wp:attachment":[{"href":"https:\/\/labone.vn\/kinglab\/wp-json\/wp\/v2\/media?parent=1330"}],"curies":[{"name":"wp","href":"https:\/\/api.w.org\/{rel}","templated":true}]}}