{"id":1419,"date":"2023-09-07T03:20:06","date_gmt":"2023-09-07T03:20:06","guid":{"rendered":"https:\/\/labone.vn\/kinglab\/?page_id=1419"},"modified":"2023-09-19T04:10:57","modified_gmt":"2023-09-19T04:10:57","slug":"incubator","status":"publish","type":"page","link":"https:\/\/labone.vn\/kinglab\/en\/incubator\/","title":{"rendered":"Incubator"},"content":{"rendered":"\n  <div class=\"banner has-hover\" id=\"banner-1871822780\">\n          <div class=\"banner-inner fill\">\n        <div class=\"banner-bg fill\" >\n            <div class=\"bg fill bg-fill \"><\/div>\n                        <div class=\"overlay\"><\/div>            \n                    <\/div>\n        <div class=\"banner-layers container\">\n            <div class=\"fill banner-link\"><\/div>            \n   <div id=\"text-box-742539097\" class=\"text-box banner-layer x5 md-x5 lg-x5 y50 md-y50 lg-y50 res-text\">\n                                <div class=\"text-box-content text box-shadow-2\">\n              \n              <div class=\"text-inner text-left\">\n                  \n\t<div id=\"text-668141786\" class=\"text\">\n\t\t\n<h3 class=\"uppercase\">INCUBATOR<\/h3>\n<p>D\u00f2ng t\u1ee7 \u1ea5m c\u1ee7a KingLab l\u00e0 m\u1ed9t s\u1ef1 k\u1ebft h\u1ee3p ho\u00e0n h\u1ea3o gi\u1eefa c\u00f4ng ngh\u1ec7 ti\u00ean ti\u1ebfn v\u00e0 hi\u1ec7u su\u1ea5t \u0111\u00e1ng tin c\u1eady, \u0111\u01b0\u1ee3c thi\u1ebft k\u1ebf \u0111\u1ec3 \u0111\u00e1p \u1ee9ng nhu c\u1ea7u c\u1ee7a c\u00e1c \u1ee9ng d\u1ee5ng trong l\u0129nh v\u1ef1c nghi\u00ean c\u1ee9u, s\u1ea3n xu\u1ea5t v\u00e0 th\u1eed nghi\u1ec7m. V\u1edbi s\u1ef1 t\u1eadp trung v\u00e0o vi\u1ec7c cung c\u1ea5p m\u00f4i tr\u01b0\u1eddng \u1ea5m \u00e1p, ki\u1ec3m so\u00e1t ch\u1ea5t l\u01b0\u1ee3ng t\u1ed1i \u01b0u v\u00e0 t\u00ednh linh ho\u1ea1t trong vi\u1ec7c \u0111i\u1ec1u ch\u1ec9nh c\u00e1c th\u00f4ng s\u1ed1, d\u00f2ng t\u1ee7 \u1ea5m KingLab \u0111\u00e1p \u1ee9ng c\u00e1c ti\u00eau chu\u1ea9n cao trong c\u00e1c ng\u00e0nh kh\u00e1c nhau.<br \/>\n\t\t\n<style>\n#text-668141786 {\n  font-size: 0.75rem;\n  text-align: left;\n}\n@media (min-width:550px) {\n  #text-668141786 {\n    font-size: 0.9rem;\n  }\n}\n<\/style>\n\t<\/div>\n\t\n              <\/div>\n           <\/div>\n                            \n<style>\n#text-box-742539097 {\n  margin: 0px 0px 0px -5px;\n  width: 93%;\n}\n#text-box-742539097 .text-box-content {\n  background-color: rgba(245, 245, 245, 0.802);\n  border-radius: 15px;\n  font-size: 100%;\n}\n#text-box-742539097 .text-inner {\n  padding: 5px 5px 5px 5px;\n}\n@media (min-width:550px) {\n  #text-box-742539097 .text-inner {\n    padding: 30px 30px 30px 30px;\n  }\n  #text-box-742539097 {\n    width: 50%;\n  }\n}\n<\/style>\n    <\/div>\n \n        <\/div>\n      <\/div>\n\n            \n<style>\n#banner-1871822780 {\n  padding-top: 55%;\n  background-color: rgb(255, 255, 255);\n}\n#banner-1871822780 .bg.bg-loaded {\n  background-image: url(https:\/\/labone.vn\/kinglab\/wp-content\/uploads\/2023\/09\/banner-1.jpg);\n}\n#banner-1871822780 .overlay {\n  background-color: rgba(190, 190, 190, 0.2);\n}\n#banner-1871822780 .bg {\n  background-position: 88% 17%;\n}\n@media (min-width:550px) {\n  #banner-1871822780 {\n    padding-top: 25%;\n  }\n}\n<\/style>\n  <\/div>\n\n\n\t<section class=\"section\" id=\"section_1220951035\">\n\t\t<div class=\"bg section-bg fill bg-fill  bg-loaded\" >\n\n\t\t\t\n\t\t\t\n\t\t\t\n\n\t\t<\/div>\n\n\t\t<div class=\"section-content relative\">\n\t\t\t\n<div class=\"container section-title-container\" ><h3 class=\"section-title section-title-center\"><b><\/b><span class=\"section-title-main\" >Standard INCUBATOR | KingLAB<\/span><b><\/b><\/h3><\/div>\n<div class=\"row align-center\"  id=\"row-2145219782\">\n\n\t<div id=\"col-1765382595\" class=\"col medium-3 small-6 large-3\"  >\n\t\t\t\t<div class=\"col-inner\"  >\n\t\t\t\n\t\t\t\n\t<div class=\"img has-hover x md-x lg-x y md-y lg-y\" id=\"image_205479144\">\n\t\t\t\t\t\t\t\t<div class=\"img-inner dark\" >\n\t\t\t<img loading=\"lazy\" decoding=\"async\" width=\"900\" height=\"900\" src=\"https:\/\/labone.vn\/kinglab\/wp-content\/uploads\/2023\/09\/KINGLAB-INCUBATOR-180.jpg\" class=\"attachment-original size-original\" alt=\"\" srcset=\"https:\/\/labone.vn\/kinglab\/wp-content\/uploads\/2023\/09\/KINGLAB-INCUBATOR-180.jpg 900w, https:\/\/labone.vn\/kinglab\/wp-content\/uploads\/2023\/09\/KINGLAB-INCUBATOR-180-800x800.jpg 800w, https:\/\/labone.vn\/kinglab\/wp-content\/uploads\/2023\/09\/KINGLAB-INCUBATOR-180-100x100.jpg 100w, https:\/\/labone.vn\/kinglab\/wp-content\/uploads\/2023\/09\/KINGLAB-INCUBATOR-180-500x500.jpg 500w, https:\/\/labone.vn\/kinglab\/wp-content\/uploads\/2023\/09\/KINGLAB-INCUBATOR-180-768x768.jpg 768w\" sizes=\"auto, (max-width: 900px) 100vw, 900px\" \/>\t\t\t\t\t\t\n\t\t\t\t\t<\/div>\n\t\t\t\t\t\t\t\t\n<style>\n#image_205479144 {\n  width: 100%;\n}\n<\/style>\n\t<\/div>\n\t\n\t<div id=\"text-3244864265\" class=\"text\">\n\t\t\n<h2 style=\"text-align: center;\">Natural Convention<\/h2>\n<p style=\"text-align: center;\"><strong>Model: NC<\/strong><\/p>\n\t\t\n<style>\n#text-3244864265 {\n  font-size: 0.75rem;\n  text-align: center;\n}\n<\/style>\n\t<\/div>\n\t\n<a href=\"https:\/\/labone.vn\/kinglab\/en\/incubator\/natural-convention-incubator\/\" target=\"_self\" class=\"button primary is-outline expand\"  style=\"border-radius:99px;\">\n    <span>PRODUCTS<\/span>\n  <\/a>\n\n\t\t<\/div>\n\t\t\t\t\n<style>\n#col-1765382595 > .col-inner {\n  margin: 0px 0px 0px 0px;\n  border-radius: 5px;\n}\n@media (min-width:550px) {\n  #col-1765382595 > .col-inner {\n    margin: 20px 0px 0px 0px;\n  }\n}\n<\/style>\n\t<\/div>\n\n\t\n\n\t<div id=\"col-1537234821\" class=\"col medium-3 small-6 large-3\"  >\n\t\t\t\t<div class=\"col-inner\"  >\n\t\t\t\n\t\t\t\n\t<div class=\"img has-hover x md-x lg-x y md-y lg-y\" id=\"image_1321691078\">\n\t\t\t\t\t\t\t\t<div class=\"img-inner dark\" >\n\t\t\t<img loading=\"lazy\" decoding=\"async\" width=\"900\" height=\"900\" src=\"https:\/\/labone.vn\/kinglab\/wp-content\/uploads\/2023\/09\/KINGLAB-INCUBATOR-180.jpg\" class=\"attachment-original size-original\" alt=\"\" srcset=\"https:\/\/labone.vn\/kinglab\/wp-content\/uploads\/2023\/09\/KINGLAB-INCUBATOR-180.jpg 900w, https:\/\/labone.vn\/kinglab\/wp-content\/uploads\/2023\/09\/KINGLAB-INCUBATOR-180-800x800.jpg 800w, https:\/\/labone.vn\/kinglab\/wp-content\/uploads\/2023\/09\/KINGLAB-INCUBATOR-180-100x100.jpg 100w, https:\/\/labone.vn\/kinglab\/wp-content\/uploads\/2023\/09\/KINGLAB-INCUBATOR-180-500x500.jpg 500w, https:\/\/labone.vn\/kinglab\/wp-content\/uploads\/2023\/09\/KINGLAB-INCUBATOR-180-768x768.jpg 768w\" sizes=\"auto, (max-width: 900px) 100vw, 900px\" \/>\t\t\t\t\t\t\n\t\t\t\t\t<\/div>\n\t\t\t\t\t\t\t\t\n<style>\n#image_1321691078 {\n  width: 100%;\n}\n<\/style>\n\t<\/div>\n\t\n\t<div id=\"text-2879951195\" class=\"text\">\n\t\t\n<h2 style=\"text-align: center;\">Forced Convection<\/h2>\n<p style=\"text-align: center;\"><strong>Model: FC<\/strong><\/p>\n\t\t\n<style>\n#text-2879951195 {\n  font-size: 0.75rem;\n  text-align: center;\n}\n<\/style>\n\t<\/div>\n\t\n<a href=\"https:\/\/labone.vn\/kinglab\/en\/incubator\/forced-convection-incubator\/\" target=\"_self\" class=\"button primary is-outline expand\"  style=\"border-radius:99px;\">\n    <span>PRODUCTS<\/span>\n  <\/a>\n\n\t\t<\/div>\n\t\t\t\t\n<style>\n#col-1537234821 > .col-inner {\n  margin: 0px 0px 0px 0px;\n  border-radius: 5px;\n}\n@media (min-width:550px) {\n  #col-1537234821 > .col-inner {\n    margin: 20px 0px 0px 0px;\n  }\n}\n<\/style>\n\t<\/div>\n\n\t\n<\/div>\n\t\t<\/div>\n\n\t\t\n<style>\n#section_1220951035 {\n  padding-top: 30px;\n  padding-bottom: 30px;\n}\n<\/style>\n\t<\/section>\n\t\n","protected":false},"excerpt":{"rendered":"","protected":false},"author":1,"featured_media":0,"parent":0,"menu_order":0,"comment_status":"closed","ping_status":"closed","template":"page-blank.php","meta":{"footnotes":""},"class_list":["post-1419","page","type-page","status-publish","hentry"],"_links":{"self":[{"href":"https:\/\/labone.vn\/kinglab\/wp-json\/wp\/v2\/pages\/1419","targetHints":{"allow":["GET"]}}],"collection":[{"href":"https:\/\/labone.vn\/kinglab\/wp-json\/wp\/v2\/pages"}],"about":[{"href":"https:\/\/labone.vn\/kinglab\/wp-json\/wp\/v2\/types\/page"}],"author":[{"embeddable":true,"href":"https:\/\/labone.vn\/kinglab\/wp-json\/wp\/v2\/users\/1"}],"replies":[{"embeddable":true,"href":"https:\/\/labone.vn\/kinglab\/wp-json\/wp\/v2\/comments?post=1419"}],"version-history":[{"count":5,"href":"https:\/\/labone.vn\/kinglab\/wp-json\/wp\/v2\/pages\/1419\/revisions"}],"predecessor-version":[{"id":1453,"href":"https:\/\/labone.vn\/kinglab\/wp-json\/wp\/v2\/pages\/1419\/revisions\/1453"}],"wp:attachment":[{"href":"https:\/\/labone.vn\/kinglab\/wp-json\/wp\/v2\/media?parent=1419"}],"curies":[{"name":"wp","href":"https:\/\/api.w.org\/{rel}","templated":true}]}}