{"id":2,"date":"2022-07-13T04:09:10","date_gmt":"2022-07-13T04:09:10","guid":{"rendered":"http:\/\/labone.vn\/labone\/tecra\/?page_id=2"},"modified":"2024-10-15T03:24:54","modified_gmt":"2024-10-15T03:24:54","slug":"trang-chu","status":"publish","type":"page","link":"https:\/\/labone.vn\/kinglab\/","title":{"rendered":"Trang Ch\u1ee7"},"content":{"rendered":"\t<section class=\"section\" id=\"section_631177730\">\n\t\t<div class=\"bg section-bg fill bg-fill  \" >\n\n\t\t\t\n\t\t\t\n\t\t\t\n\n\t\t<\/div>\n\n\t\t<div class=\"section-content relative\">\n\t\t\t\n\n  <div class=\"banner has-hover has-video\" id=\"banner-1902941609\">\n          <div class=\"banner-inner fill\">\n        <div class=\"banner-bg fill\" >\n            <div class=\"bg fill bg-fill \"><\/div>\n            \t<div class=\"video-overlay no-click fill visible\"><\/div>\n\t<video class=\"video-bg fill visible\" preload playsinline autoplay\n\t\tmuted\t\tloop>\n\t\t<source src=\"http:\/\/labone.vn\/kinglab\/wp-content\/uploads\/2023\/05\/LB_KINGLAB-BANNER-WEB_VIE_2.mp4\" type=\"video\/mp4\">\t<\/video>\n                        \n                    <\/div>\n        <div class=\"banner-layers container\">\n            <div class=\"fill banner-link\"><\/div>            \n        <\/div>\n      <\/div>\n\n            \n<style>\n#banner-1902941609 {\n  padding-top: 50%;\n}\n@media (min-width:550px) {\n  #banner-1902941609 {\n    padding-top: 30%;\n  }\n}\n<\/style>\n  <\/div>\n\n\n<div class=\"row\"  id=\"row-1084914411\">\n\n\t<div id=\"col-1332887339\" class=\"col small-12 large-12\"  >\n\t\t\t\t<div class=\"col-inner\"  >\n\t\t\t\n\t\t\t\n<div class=\"container section-title-container\" ><h2 class=\"section-title section-title-center\"><b><\/b><span class=\"section-title-main\" style=\"color:rgb(1, 62, 140);\">S\u1ea2N PH\u1ea8M N\u1ed4I B\u1eacT<\/span><b><\/b><\/h2><\/div>\n\t\t<\/div>\n\t\t\t\t\n<style>\n#col-1332887339 > .col-inner {\n  margin: -30px 0px -30px 0px;\n}\n@media (min-width:550px) {\n  #col-1332887339 > .col-inner {\n    margin: -30px 0px -20px 0px;\n  }\n}\n<\/style>\n\t<\/div>\n\n\t\n\n<style>\n#row-1084914411 > .col > .col-inner {\n  padding: 30px 0px 0px 0px;\n}\n<\/style>\n<\/div>\n<div class=\"row align-equal align-center row-divided\"  id=\"row-1303324986\">\n\n\t<div id=\"col-2058793938\" class=\"col medium-6 small-12 large-6\"  >\n\t\t\t\t<div class=\"col-inner\"  >\n\t\t\t\n\t\t\t\n<div class=\"row row-small\"  id=\"row-1450048286\">\n\n\t<div id=\"col-817853051\" class=\"col medium-4 small-12 large-4\"  >\n\t\t\t\t<div class=\"col-inner\"  >\n\t\t\t\n\t\t\t\n\t<div class=\"img has-hover x md-x lg-x y md-y lg-y\" id=\"image_167334266\">\n\t\t<a class=\"\" href=\"https:\/\/labone.vn\/kinglab\/may-dap-mau-vi-sinh\/\"  >\t\t\t\t\t\t<div class=\"img-inner image-zoom-fade dark\" >\n\t\t\t<img loading=\"lazy\" decoding=\"async\" width=\"900\" height=\"900\" src=\"https:\/\/labone.vn\/kinglab\/wp-content\/uploads\/2023\/09\/Model-KingBlender-400.jpg\" class=\"attachment-original size-original\" alt=\"\" srcset=\"https:\/\/labone.vn\/kinglab\/wp-content\/uploads\/2023\/09\/Model-KingBlender-400.jpg 900w, https:\/\/labone.vn\/kinglab\/wp-content\/uploads\/2023\/09\/Model-KingBlender-400-800x800.jpg 800w, https:\/\/labone.vn\/kinglab\/wp-content\/uploads\/2023\/09\/Model-KingBlender-400-100x100.jpg 100w, https:\/\/labone.vn\/kinglab\/wp-content\/uploads\/2023\/09\/Model-KingBlender-400-500x500.jpg 500w, https:\/\/labone.vn\/kinglab\/wp-content\/uploads\/2023\/09\/Model-KingBlender-400-768x768.jpg 768w\" sizes=\"auto, (max-width: 900px) 100vw, 900px\" \/>\t\t\t\t\t\t\n\t\t\t\t\t<\/div>\n\t\t\t\t\t\t<\/a>\t\t\n<style>\n#image_167334266 {\n  width: 100%;\n}\n<\/style>\n\t<\/div>\n\t\n\t\t<\/div>\n\t\t\t\t\t<\/div>\n\n\t\n\n\t<div id=\"col-2100612607\" class=\"col medium-8 small-12 large-8\"  >\n\t\t\t\t<div class=\"col-inner\"  >\n\t\t\t\n\t\t\t\n\t<div id=\"text-3939041409\" class=\"text\">\n\t\t\n<h5 class=\"product-title product_title entry-title\"><a href=\"https:\/\/labone.vn\/kinglab\/may-dap-mau-vi-sinh\/\"><span style=\"color: #008080;\"><strong>M\u00c1Y D\u1eacP M\u1eaaU VI SINH<\/strong><\/span><\/a><\/h5>\n<p><strong><span style=\"color: #3366ff;\">KingBlender 400<\/span><\/strong> l\u00e0 m\u00e1y d\u1eadp m\u1eabu vi sinh m\u1ea1nh m\u1ebd s\u1eed d\u1ee5ng \u0111\u1ec3 tr\u1ed9n m\u1eabu v\u00e0 \u0111\u1ed3ng nh\u1ea5t vi sinh v\u1eadt nhanh ch\u00f3ng, ti\u1ec7n l\u1ee3i v\u1edbi k\u1ebft qu\u1ea3 ch\u00ednh x\u00e1c, hi\u1ec7u qu\u1ea3 cao trong vi\u1ec7c chu\u1ea9n b\u1ecb m\u1eabu vi sinh v\u1eadt.<\/p>\n\t\t\n<style>\n#text-3939041409 {\n  font-size: 1rem;\n}\n<\/style>\n\t<\/div>\n\t\n\t\t<\/div>\n\t\t\t\t\t<\/div>\n\n\t\n<\/div>\n\t\t<\/div>\n\t\t\t\t\n<style>\n#col-2058793938 > .col-inner {\n  margin: 0px 0px 0 0px;\n}\n@media (min-width:550px) {\n  #col-2058793938 > .col-inner {\n    margin: 0px 0px -20px 0px;\n  }\n}\n<\/style>\n\t<\/div>\n\n\t\n\n\t<div id=\"col-1456529971\" class=\"col medium-6 small-12 large-6\"  >\n\t\t\t\t<div class=\"col-inner\"  >\n\t\t\t\n\t\t\t\n<div class=\"row row-small\"  id=\"row-1778648842\">\n\n\t<div id=\"col-1418810747\" class=\"col medium-4 small-12 large-4\"  >\n\t\t\t\t<div class=\"col-inner\"  >\n\t\t\t\n\t\t\t\n\t<div class=\"img has-hover x md-x lg-x y md-y lg-y\" id=\"image_1170850065\">\n\t\t<a class=\"\" href=\"https:\/\/labone.vn\/kinglab\/may-pha-loang-theo-trong-luong\/\"  >\t\t\t\t\t\t<div class=\"img-inner image-zoom-fade dark\" >\n\t\t\t<img loading=\"lazy\" decoding=\"async\" width=\"900\" height=\"900\" src=\"https:\/\/labone.vn\/kinglab\/wp-content\/uploads\/2024\/10\/ICON-KINGGRAVIDILU.png\" class=\"attachment-original size-original\" alt=\"\" srcset=\"https:\/\/labone.vn\/kinglab\/wp-content\/uploads\/2024\/10\/ICON-KINGGRAVIDILU.png 900w, https:\/\/labone.vn\/kinglab\/wp-content\/uploads\/2024\/10\/ICON-KINGGRAVIDILU-500x500.png 500w, https:\/\/labone.vn\/kinglab\/wp-content\/uploads\/2024\/10\/ICON-KINGGRAVIDILU-768x768.png 768w, https:\/\/labone.vn\/kinglab\/wp-content\/uploads\/2024\/10\/ICON-KINGGRAVIDILU-800x800.png 800w, https:\/\/labone.vn\/kinglab\/wp-content\/uploads\/2024\/10\/ICON-KINGGRAVIDILU-100x100.png 100w\" sizes=\"auto, (max-width: 900px) 100vw, 900px\" \/>\t\t\t\t\t\t\n\t\t\t\t\t<\/div>\n\t\t\t\t\t\t<\/a>\t\t\n<style>\n#image_1170850065 {\n  width: 100%;\n}\n<\/style>\n\t<\/div>\n\t\n\t\t<\/div>\n\t\t\t\t\t<\/div>\n\n\t\n\n\t<div id=\"col-1011197191\" class=\"col medium-8 small-12 large-8\"  >\n\t\t\t\t<div class=\"col-inner\"  >\n\t\t\t\n\t\t\t\n\t<div id=\"text-596988874\" class=\"text\">\n\t\t\n<h5 class=\"product-title product_title entry-title\"><a href=\"https:\/\/labone.vn\/kinglab\/may-pha-loang-theo-trong-luong\/\"><span style=\"color: #008080;\"><strong>M\u00c1Y PHA LO\u00c3NG THEO TR\u1eccNG L\u01af\u1ee2NG<\/strong><\/span><\/a><\/h5>\n<p><span style=\"font-size: 90%; color: #000000;\"><strong>KingGraviDilu<\/strong> l\u00e0 m\u1ed9t gi\u1ea3i ph\u00e1p cho c\u00e1c ph\u00f2ng th\u00ed nghi\u1ec7m v\u1edbi m\u1ee5c ti\u00eau pha lo\u00e3ng c\u00e1c m\u1eabu d\u1ef1a theo tr\u1ecdng l\u01b0\u1ee3ng. T\u1eeb \u0111\u00f3, gi\u00fap c\u1ea3i thi\u1ec7n quy tr\u00ecnh tr\u1edf n\u00ean nhanh ch\u00f3ng, ch\u00ednh x\u00e1c. H\u1ea1n ch\u1ebf c\u00e1c t\u00e1c nh\u00e2n g\u00e2y nhi\u1ec5m m\u1eabu v\u00f4 tr\u00f9ng&#8230;<\/span><\/p>\n\t\t\n<style>\n#text-596988874 {\n  font-size: 1rem;\n}\n<\/style>\n\t<\/div>\n\t\n\t\t<\/div>\n\t\t\t\t\t<\/div>\n\n\t\n<\/div>\n\t\t<\/div>\n\t\t\t\t\n<style>\n#col-1456529971 > .col-inner {\n  margin: 0px 0px 0 0px;\n}\n<\/style>\n\t<\/div>\n\n\t\n<\/div>\n<div class=\"row row-divided\"  id=\"row-111321146\">\n\n\t<div id=\"col-378049765\" class=\"col medium-6 small-12 large-6\"  >\n\t\t\t\t<div class=\"col-inner\"  >\n\t\t\t\n\t\t\t\n<div class=\"row row-small\"  id=\"row-342522008\">\n\n\t<div id=\"col-134297473\" class=\"col medium-4 small-12 large-4\"  >\n\t\t\t\t<div class=\"col-inner\"  >\n\t\t\t\n\t\t\t\n\t<div class=\"img has-hover x md-x lg-x y md-y lg-y\" id=\"image_1986894597\">\n\t\t<a class=\"\" href=\"https:\/\/labone.vn\/kinglab\/may-phan-phoi-chat-long-tu-dong\/\"  >\t\t\t\t\t\t<div class=\"img-inner image-zoom-fade dark\" >\n\t\t\t<img loading=\"lazy\" decoding=\"async\" width=\"900\" height=\"900\" src=\"https:\/\/labone.vn\/kinglab\/wp-content\/uploads\/2024\/09\/ICON-KINGAUTOTUBE-M.png\" class=\"attachment-original size-original\" alt=\"\" srcset=\"https:\/\/labone.vn\/kinglab\/wp-content\/uploads\/2024\/09\/ICON-KINGAUTOTUBE-M.png 900w, https:\/\/labone.vn\/kinglab\/wp-content\/uploads\/2024\/09\/ICON-KINGAUTOTUBE-M-500x500.png 500w, https:\/\/labone.vn\/kinglab\/wp-content\/uploads\/2024\/09\/ICON-KINGAUTOTUBE-M-768x768.png 768w, https:\/\/labone.vn\/kinglab\/wp-content\/uploads\/2024\/09\/ICON-KINGAUTOTUBE-M-800x800.png 800w, https:\/\/labone.vn\/kinglab\/wp-content\/uploads\/2024\/09\/ICON-KINGAUTOTUBE-M-100x100.png 100w\" sizes=\"auto, (max-width: 900px) 100vw, 900px\" \/>\t\t\t\t\t\t\n\t\t\t\t\t<\/div>\n\t\t\t\t\t\t<\/a>\t\t\n<style>\n#image_1986894597 {\n  width: 100%;\n}\n<\/style>\n\t<\/div>\n\t\n\t\t<\/div>\n\t\t\t\t\t<\/div>\n\n\t\n\n\t<div id=\"col-50867637\" class=\"col medium-8 small-12 large-8\"  >\n\t\t\t\t<div class=\"col-inner\"  >\n\t\t\t\n\t\t\t\n<h5 class=\"product-title product_title entry-title\"><a href=\"https:\/\/labone.vn\/kinglab\/may-phan-phoi-chat-long-tu-dong\/\"><strong><span style=\"color: #008080;\">M\u00c1Y PH\u00c2N PH\u1ed0I CH\u1ea4T L\u1eceNG T\u1ef0 \u0110\u1ed8NG<\/span><\/strong><\/a><\/h5>\n<p><span style=\"font-size: 90%; color: #000000;\"><strong>KingTubeAuto<\/strong> l\u00e0 m\u1ed9t gi\u1ea3i ph\u00e1p cho c\u00e1c ph\u00f2ng th\u00ed nghi\u1ec7m. Ph\u00e2n ph\u1ed1i c\u00e1c m\u1eabu d\u1ef1a theo tr\u1ecdng l\u01b0\u1ee3ng v\u00e0 th\u1ec3 t\u00edch \u0111\u01a1n gi\u1ea3n m\u00e0 hi\u1ec7u qu\u1ea3. Qu\u00e1 tr\u00ecnh ph\u00e2n ph\u1ed1i nhanh ch\u00f3ng, ch\u00ednh x\u00e1c c\u00e1c m\u1eabu v\u00f4 tr\u00f9ng v\u00e0 d\u1ec5 d\u00e0ng theo d\u00f5i&#8230;<\/span><\/p>\n\t\t<\/div>\n\t\t\t\t\t<\/div>\n\n\t\n<\/div>\n\t\t<\/div>\n\t\t\t\t\n<style>\n#col-378049765 > .col-inner {\n  margin: 0px 0px 0 0px;\n}\n<\/style>\n\t<\/div>\n\n\t\n\n\t<div id=\"col-1310269880\" class=\"col medium-6 small-12 large-6\"  >\n\t\t\t\t<div class=\"col-inner text-left\"  >\n\t\t\t\n\t\t\t\n<div class=\"row row-small align-center\"  id=\"row-1117689483\">\n\n\t<div id=\"col-413528102\" class=\"col medium-4 small-12 large-4\"  >\n\t\t\t\t<div class=\"col-inner text-left\"  >\n\t\t\t\n\t\t\t\n\t<div class=\"img has-hover x md-x lg-x y md-y lg-y\" id=\"image_1349721329\">\n\t\t<a class=\"\" href=\"https:\/\/labone.vn\/kinglab\/bom-phan-phoi-moi-truong\/\"  >\t\t\t\t\t\t<div class=\"img-inner image-zoom-fade dark\" >\n\t\t\t<img loading=\"lazy\" decoding=\"async\" width=\"900\" height=\"900\" src=\"https:\/\/labone.vn\/kinglab\/wp-content\/uploads\/2024\/09\/ICON-KINGPUMP.png\" class=\"attachment-original size-original\" alt=\"\" srcset=\"https:\/\/labone.vn\/kinglab\/wp-content\/uploads\/2024\/09\/ICON-KINGPUMP.png 900w, https:\/\/labone.vn\/kinglab\/wp-content\/uploads\/2024\/09\/ICON-KINGPUMP-500x500.png 500w, https:\/\/labone.vn\/kinglab\/wp-content\/uploads\/2024\/09\/ICON-KINGPUMP-768x768.png 768w, https:\/\/labone.vn\/kinglab\/wp-content\/uploads\/2024\/09\/ICON-KINGPUMP-800x800.png 800w, https:\/\/labone.vn\/kinglab\/wp-content\/uploads\/2024\/09\/ICON-KINGPUMP-100x100.png 100w\" sizes=\"auto, (max-width: 900px) 100vw, 900px\" \/>\t\t\t\t\t\t\n\t\t\t\t\t<\/div>\n\t\t\t\t\t\t<\/a>\t\t\n<style>\n#image_1349721329 {\n  width: 100%;\n}\n@media (min-width:550px) {\n  #image_1349721329 {\n    width: 100%;\n  }\n}\n<\/style>\n\t<\/div>\n\t\n\t\t<\/div>\n\t\t\t\t\n<style>\n#col-413528102 > .col-inner {\n  margin: 0px 0px 0px 0;\n}\n<\/style>\n\t<\/div>\n\n\t\n\n\t<div id=\"col-439847268\" class=\"col medium-8 small-12 large-8\"  >\n\t\t\t\t<div class=\"col-inner\"  >\n\t\t\t\n\t\t\t\n\t<div id=\"text-459922295\" class=\"text\">\n\t\t\n<h5 class=\"product-title product_title entry-title\"><a href=\"https:\/\/labone.vn\/kinglab\/bom-phan-phoi-moi-truong\/\"><span style=\"color: #008080;\"><strong>B\u01a0M PH\u00c2N PH\u1ed0I M\u00d4I TR\u01af\u1edcNG<\/strong><\/span><\/a><\/h5>\n<p><span style=\"color: #000000;\"><span style=\"font-size: 90%;\"><strong>KingPump<\/strong><\/span><span style=\"font-size: 90%;\"> l\u00e0 thi\u1ebft b\u1ecb b\u01a1m ph\u00e2n ph\u1ed1i m\u00f4i tr\u01b0\u1eddng c\u00f3 \u0111\u1ed9 ch\u00ednh x\u00e1c cao \u0111\u1ec3 ph\u00e2n ph\u1ed1i m\u00f4i tr\u01b0\u1eddng nu\u00f4i c\u1ea5y, agar hay b\u1ea5t k\u1ef3 lo\u1ea1i ch\u1ea5t pha lo\u00e3ng n\u00e0o cho th\u1ec3 t\u00edch t\u1eeb v\u00e0i microlit t\u1edbi v\u00e0i l\u00edt&#8230;<\/span><\/span><\/p>\n\t\t\n<style>\n#text-459922295 {\n  font-size: 1rem;\n}\n<\/style>\n\t<\/div>\n\t\n\t\t<\/div>\n\t\t\t\t\n<style>\n#col-439847268 > .col-inner {\n  margin: 0px 0px 0px 0px;\n}\n<\/style>\n\t<\/div>\n\n\t\n<\/div>\n\t\t<\/div>\n\t\t\t\t\n<style>\n#col-1310269880 > .col-inner {\n  margin: 0px 0px 0 0px;\n}\n<\/style>\n\t<\/div>\n\n\t\n<\/div>\n<div class=\"row row-divided\"  id=\"row-1697136827\">\n\n\t<div id=\"col-931560282\" class=\"col medium-6 small-12 large-6\"  >\n\t\t\t\t<div class=\"col-inner\"  >\n\t\t\t\n\t\t\t\n<div class=\"row row-small\"  id=\"row-1871005426\">\n\n\t<div id=\"col-540956359\" class=\"col medium-4 small-12 large-4\"  >\n\t\t\t\t<div class=\"col-inner\"  >\n\t\t\t\n\t\t\t\n\t<div class=\"img has-hover x md-x lg-x y md-y lg-y\" id=\"image_754998758\">\n\t\t<a class=\"\" href=\"https:\/\/labone.vn\/kinglab\/may-lac\/\"  >\t\t\t\t\t\t<div class=\"img-inner image-zoom-fade dark\" >\n\t\t\t<img loading=\"lazy\" decoding=\"async\" width=\"900\" height=\"900\" src=\"https:\/\/labone.vn\/kinglab\/wp-content\/uploads\/2024\/09\/ICON-KINGSHAKER-C02.png\" class=\"attachment-original size-original\" alt=\"\" srcset=\"https:\/\/labone.vn\/kinglab\/wp-content\/uploads\/2024\/09\/ICON-KINGSHAKER-C02.png 900w, https:\/\/labone.vn\/kinglab\/wp-content\/uploads\/2024\/09\/ICON-KINGSHAKER-C02-500x500.png 500w, https:\/\/labone.vn\/kinglab\/wp-content\/uploads\/2024\/09\/ICON-KINGSHAKER-C02-768x768.png 768w, https:\/\/labone.vn\/kinglab\/wp-content\/uploads\/2024\/09\/ICON-KINGSHAKER-C02-800x800.png 800w, https:\/\/labone.vn\/kinglab\/wp-content\/uploads\/2024\/09\/ICON-KINGSHAKER-C02-100x100.png 100w\" sizes=\"auto, (max-width: 900px) 100vw, 900px\" \/>\t\t\t\t\t\t\n\t\t\t\t\t<\/div>\n\t\t\t\t\t\t<\/a>\t\t\n<style>\n#image_754998758 {\n  width: 100%;\n}\n<\/style>\n\t<\/div>\n\t\n\t\t<\/div>\n\t\t\t\t\t<\/div>\n\n\t\n\n\t<div id=\"col-1015608029\" class=\"col medium-8 small-12 large-8\"  >\n\t\t\t\t<div class=\"col-inner\"  >\n\t\t\t\n\t\t\t\n<h5 class=\"product-title product_title entry-title\"><a href=\"https:\/\/labone.vn\/kinglab\/may-lac\/\"><strong><span style=\"color: #008080;\">M\u00c1Y L\u1eaeC<\/span><\/strong><\/a><\/h5>\n<p><span style=\"font-size: 90%; color: #000000;\"><strong>KingShaker<sub>\u00a0<\/sub><\/strong>\u0111\u01b0\u1ee3c thi\u1ebft k\u1ebf ph\u1ee5c v\u1ee5 cho nhu c\u1ea7u l\u1eafc, tr\u1ed9n, s\u1ee5c kh\u00ed trong m\u1ecdi \u0111i\u1ec1u ki\u1ec7n m\u00f4i tr\u01b0\u1eddng nh\u01b0 nhi\u1ec7t \u0111\u1ed9 ph\u00f2ng, t\u1ee7 \u1ea5m v\u00e0 c\u1ea3 t\u1ee7 \u1ea5m CO<sub>2.\u00a0<\/sub>V\u1edbi thang nhi\u1ec7t \u0111\u1ed9 r\u1ed9ng t\u1eeb 0 \u0111\u1ebfn 60<sup>o<\/sup> C v\u00e0 \u0111\u1ed9 \u1ea9m \u0111\u1ea1t 100%, gi\u00fap ng\u01b0\u1eddi d\u00f9ng c\u00f3 \u0111\u01b0\u1ee3c kho\u1ea3ng \u0111i\u1ec1u ch\u1ec9nh nhi\u1ec7t \u0111\u1ed9 ph\u00f9 h\u1ee3p m\u1ee5c ti\u00eau trong \u1ee9ng d\u1ee5ng nu\u00f4i c\u1ea5y m\u00f4 v\u00e0 sinh h\u1ecdc ph\u00e2n t\u1eed&#8230;<\/span><\/p>\n\t\t<\/div>\n\t\t\t\t\n<style>\n#col-1015608029 > .col-inner {\n  margin: 0px 0px 0 0px;\n}\n<\/style>\n\t<\/div>\n\n\t\n<\/div>\n\t\t<\/div>\n\t\t\t\t\n<style>\n#col-931560282 > .col-inner {\n  margin: 0px 0px 0 0px;\n}\n@media (min-width:550px) {\n  #col-931560282 > .col-inner {\n    margin: 0px 0px -20px 0px;\n  }\n}\n<\/style>\n\t<\/div>\n\n\t\n\n\t<div id=\"col-1233176637\" class=\"col medium-6 small-12 large-6\"  >\n\t\t\t\t<div class=\"col-inner\"  >\n\t\t\t\n\t\t\t\n<div class=\"row row-small row-full-width\"  id=\"row-1183060617\">\n\n\t<div id=\"col-1036106590\" class=\"col medium-4 small-12 large-4\"  >\n\t\t\t\t<div class=\"col-inner\"  >\n\t\t\t\n\t\t\t\n\t<div class=\"img has-hover x md-x lg-x y md-y lg-y\" id=\"image_740810058\">\n\t\t\t\t\t\t\t\t<div class=\"img-inner dark\" >\n\t\t\t<img loading=\"lazy\" decoding=\"async\" width=\"900\" height=\"900\" src=\"https:\/\/labone.vn\/kinglab\/wp-content\/uploads\/2024\/10\/tu-am-lac-icon.png\" class=\"attachment-large size-large\" alt=\"\" srcset=\"https:\/\/labone.vn\/kinglab\/wp-content\/uploads\/2024\/10\/tu-am-lac-icon.png 900w, https:\/\/labone.vn\/kinglab\/wp-content\/uploads\/2024\/10\/tu-am-lac-icon-500x500.png 500w, https:\/\/labone.vn\/kinglab\/wp-content\/uploads\/2024\/10\/tu-am-lac-icon-768x768.png 768w, https:\/\/labone.vn\/kinglab\/wp-content\/uploads\/2024\/10\/tu-am-lac-icon-800x800.png 800w, https:\/\/labone.vn\/kinglab\/wp-content\/uploads\/2024\/10\/tu-am-lac-icon-100x100.png 100w\" sizes=\"auto, (max-width: 900px) 100vw, 900px\" \/>\t\t\t\t\t\t\n\t\t\t\t\t<\/div>\n\t\t\t\t\t\t\t\t\n<style>\n#image_740810058 {\n  width: 100%;\n}\n<\/style>\n\t<\/div>\n\t\n\t\t<\/div>\n\t\t\t\t\t<\/div>\n\n\t\n\n\t<div id=\"col-2138824222\" class=\"col medium-8 small-12 large-8\"  >\n\t\t\t\t<div class=\"col-inner\"  >\n\t\t\t\n\t\t\t\n<h5 class=\"product-title product_title entry-title\"><a href=\"https:\/\/labone.vn\/kinglab\/tu-am-lac\/\"><span style=\"color: #008080;\"><b>T\u1ee6 \u1ea4M L\u1eaeC<\/b><\/span><\/a><\/h5>\n<p class=\"product-title product_title entry-title\"><strong>T\u1ee7 \u1ea5m l\u1eafc <\/strong><span style=\"font-size: 90%; color: #000000;\">l\u00e0 m\u1ed9t trong nh\u1eefng thi\u1ebft b\u1ecb ch\u00ednh cho \u1ee9ng d\u1ee5ng nu\u00f4i c\u1ea5y vi sinh trong y t\u1ebf, d\u01b0\u1ee3c ph\u1ea9m, th\u1ef1c ph\u1ea9m v\u00e0 nghi\u00ean c\u1ee9u sinh h\u1ecdc, y h\u1ecdc.<\/span><\/p>\n\t\t<\/div>\n\t\t\t\t\t<\/div>\n\n\t\n<\/div>\n\t\t<\/div>\n\t\t\t\t\n<style>\n#col-1233176637 > .col-inner {\n  margin: 0px 0px 0 0px;\n}\n@media (min-width:550px) {\n  #col-1233176637 > .col-inner {\n    margin: 0px 0px -20px 0px;\n  }\n}\n<\/style>\n\t<\/div>\n\n\t\n<\/div>\n\t\t<\/div>\n\n\t\t\n<style>\n#section_631177730 {\n  padding-top: 0px;\n  padding-bottom: 0px;\n}\n#section_631177730 .section-bg.bg-loaded {\n  background-image: url(https:\/\/labone.vn\/kinglab\/wp-content\/uploads\/2022\/09\/gray-abstract-wireframe-technology-background_53876-101941.webp);\n}\n<\/style>\n\t<\/section>\n\t\n\t<section class=\"section .sec-kinglab-bottom-vi\" id=\"section_467668588\">\n\t\t<div class=\"bg section-bg fill bg-fill  \" >\n\n\t\t\t\n\t\t\t<div class=\"section-bg-overlay absolute fill\"><\/div>\n\t\t\t\n\t<div class=\"is-border\"\n\t\tstyle=\"border-color:rgb(235, 235, 235);border-width:1px 0px 0px 0px;margin:0px 0px 30px 0px;\">\n\t<\/div>\n\n\t\t<\/div>\n\n\t\t<div class=\"section-content relative\">\n\t\t\t\n<div class=\"row align-middle align-center\"  id=\"row-1405788531\">\n\n\t<div id=\"col-211387398\" class=\"col medium-6 small-12 large-6\"  >\n\t\t\t\t<div class=\"col-inner text-center dark\"  >\n\t\t\t\n\t\t\t\n<hr \/>\n<p><strong>KingLab<\/strong> l\u00e0 m\u1ed9t b\u1ed9 ph\u1eadn s\u1ea3n xu\u1ea5t thi\u1ebft b\u1ecb khoa h\u1ecdc ph\u00f2ng th\u00ed nghi\u1ec7m c\u1ee7a C\u00f4ng ty TNHH Thi\u1ebft b\u1ecb khoa h\u1ecdc LABone nh\u01b0: M\u00e1y d\u1eadp m\u1eabu vi sinh; M\u00e1y ph\u00e2n ph\u1ed1i ch\u1ea5t l\u1ecfng, agar; M\u00e1y pha lo\u00e3ng m\u1eabu theo tr\u1ecdng l\u01b0\u1ee3ng; M\u00e1y chi\u1ebft r\u00f3t ch\u1ea5t l\u1ecfng t\u1ef1 \u0111\u1ed9ng; M\u00e1y c\u1ea5y vi sinh t\u1ef1 \u0111\u1ed9ng; M\u00e1y \u0111\u1ecdc khu\u1ea9n l\u1ea1c t\u1ef1 \u0111\u1ed9ng; M\u00e1y r\u00f3t m\u00f4i tr\u01b0\u1eddng \u0111\u0129a Agar t\u1ef1 \u0111\u1ed9ng; M\u00e1y t\u00e1ch chi\u1ebft DNA\/RNA t\u1ef1 \u0111\u1ed9ng<\/p>\n<hr \/>\n<p style=\"text-align: center;\"><span style=\"color: #33cccc; font-size: 120%;\"><b>TR\u1ede TH\u00c0NH NH\u00c0 PH\u00c2N PH\u1ed0I KINGLAB<\/b><\/span><\/p>\n<p style=\"text-align: center;\">KingLab lu\u00f4n lu\u00f4n t\u00ecm ki\u1ebfm nh\u00e0 nh\u00e2n ph\u1ed1i t\u00ecm n\u0103ng trong n\u01b0\u1edbc v\u00e0 qu\u1ed1c t\u1ebf. H\u00e3y li\u00ean h\u1ec7 ngay v\u1edbi ch\u00fang t\u00f4i \u0111\u1ec3 thi\u1ebft l\u1eadp m\u1ed1i quan h\u1ec7 h\u1ee3p t\u00e1c l\u00e2u d\u00e0i v\u00e0 t\u1ea1o l\u1ee3i nhu\u1eadn b\u1ec1n l\u00e2u cho qu\u00ed c\u00f4ng ty.<\/p>\n\t\t<\/div>\n\t\t\t\t\n<style>\n#col-211387398 > .col-inner {\n  margin: 0px 0px -50px 0px;\n}\n@media (min-width:550px) {\n  #col-211387398 > .col-inner {\n    margin: 0px 0px 0 0px;\n  }\n}\n<\/style>\n\t<\/div>\n\n\t\n\n\t<div id=\"col-426356497\" class=\"col medium-6 small-12 large-6\"  data-animate=\"flipInY\">\n\t\t\t\t<div class=\"col-inner text-left box-shadow-2 box-shadow-5-hover\" style=\"background-color:rgb(255, 255, 255);\" >\n\t\t\t\n\t\t\t\n\t<div class=\"box has-hover   has-hover box-text-bottom\" >\n\n\t\t<div class=\"box-image\" style=\"width:76%;\">\n\t\t\t\t\t\t<div class=\"\" >\n\t\t\t\t<img loading=\"lazy\" decoding=\"async\" width=\"2191\" height=\"1368\" src=\"https:\/\/labone.vn\/kinglab\/wp-content\/uploads\/2022\/09\/thuong-hieu-oem.jpg\" class=\"attachment-original size-original\" alt=\"\" srcset=\"https:\/\/labone.vn\/kinglab\/wp-content\/uploads\/2022\/09\/thuong-hieu-oem.jpg 2191w, https:\/\/labone.vn\/kinglab\/wp-content\/uploads\/2022\/09\/thuong-hieu-oem-800x499.jpg 800w, https:\/\/labone.vn\/kinglab\/wp-content\/uploads\/2022\/09\/thuong-hieu-oem-1000x624.jpg 1000w, https:\/\/labone.vn\/kinglab\/wp-content\/uploads\/2022\/09\/thuong-hieu-oem-2000x1249.jpg 2000w, https:\/\/labone.vn\/kinglab\/wp-content\/uploads\/2022\/09\/thuong-hieu-oem-768x480.jpg 768w, https:\/\/labone.vn\/kinglab\/wp-content\/uploads\/2022\/09\/thuong-hieu-oem-1536x959.jpg 1536w, https:\/\/labone.vn\/kinglab\/wp-content\/uploads\/2022\/09\/thuong-hieu-oem-2048x1279.jpg 2048w, https:\/\/labone.vn\/kinglab\/wp-content\/uploads\/2022\/09\/thuong-hieu-oem-600x375.jpg 600w\" sizes=\"auto, (max-width: 2191px) 100vw, 2191px\" \/>\t\t\t\t\t\t\t\t\t\t\t<\/div>\n\t\t\t\t\t<\/div>\n\n\t\t<div class=\"box-text text-center\" >\n\t\t\t<div class=\"box-text-inner\">\n\t\t\t\t\n\t<div id=\"text-4117300345\" class=\"text\">\n\t\t\n<p style=\"text-align: center;\"><strong>OEM S\u1ea2N PH\u1ea8M KINGLAB<\/strong><\/p>\n<p style=\"text-align: center;\">KingLab s\u1eb5n s\u00e0ng OEM s\u1ea3n ph\u1ea9m c\u1ee7a ch\u00fang t\u00f4i v\u1edbi th\u01b0\u01a1ng hi\u1ec7u c\u1ee7a b\u1ea1n. Ch\u00fang t\u00f4i \u0111\u1ea3m b\u1ea3o ch\u1ea5t l\u01b0\u1ee3ng, ti\u00eau chu\u1ea9n nh\u01b0 s\u1ea3n ph\u1ea9m v\u1edbi th\u01b0\u01a1ng hi\u1ec7u c\u1ee7a ch\u00fang t\u00f4i t\u1ea1o ra m\u1ed9t l\u1ee3i nhu\u1eadn l\u1edbn gi\u00fap t\u0103ng t\u00ednh c\u1ea1nh tranh. H\u00e3y li\u00ean h\u1ec7 ngay v\u1edbi ch\u00fang t\u00f4i \u0111\u1ec3 c\u00f3 m\u1ed9t bu\u1ed5i th\u1ea3o lu\u1eadn cho v\u1ea5n \u0111\u1ec1 OEM.<\/p>\n\t\t\n<style>\n#text-4117300345 {\n  font-size: 0.85rem;\n  text-align: center;\n}\n<\/style>\n\t<\/div>\n\t\n\t\t\t<\/div>\n\t\t<\/div>\n\t<\/div>\n\t\n\t\t<\/div>\n\t\t\t\t\n<style>\n#col-426356497 > .col-inner {\n  padding: 15px 15px 15px 15px;\n  margin: 30px 0px 0px 0px;\n}\n<\/style>\n\t<\/div>\n\n\t\n<\/div>\n\t\t<\/div>\n\n\t\t\n<style>\n#section_467668588 {\n  padding-top: 0px;\n  padding-bottom: 0px;\n  background-color: rgb(76, 76, 76);\n}\n#section_467668588 .section-bg-overlay {\n  background-color: rgba(44, 43, 43, 0.75);\n}\n#section_467668588 .section-bg.bg-loaded {\n  background-image: url(https:\/\/labone.vn\/kinglab\/wp-content\/uploads\/2022\/09\/partner-01.png);\n}\n<\/style>\n\t<\/section>\n\t\n\t<section class=\"section\" id=\"section_2057217529\">\n\t\t<div class=\"bg section-bg fill bg-fill  bg-loaded\" >\n\n\t\t\t\n\t\t\t\n\t\t\t\n\n\t\t<\/div>\n\n\t\t<div class=\"section-content relative\">\n\t\t\t\n\t\t<\/div>\n\n\t\t\n<style>\n#section_2057217529 {\n  padding-top: 15px;\n  padding-bottom: 15px;\n}\n<\/style>\n\t<\/section>\n\t\n","protected":false},"excerpt":{"rendered":"","protected":false},"author":1,"featured_media":683,"parent":0,"menu_order":0,"comment_status":"closed","ping_status":"closed","template":"page-blank.php","meta":{"footnotes":""},"class_list":["post-2","page","type-page","status-publish","has-post-thumbnail","hentry"],"_links":{"self":[{"href":"https:\/\/labone.vn\/kinglab\/wp-json\/wp\/v2\/pages\/2","targetHints":{"allow":["GET"]}}],"collection":[{"href":"https:\/\/labone.vn\/kinglab\/wp-json\/wp\/v2\/pages"}],"about":[{"href":"https:\/\/labone.vn\/kinglab\/wp-json\/wp\/v2\/types\/page"}],"author":[{"embeddable":true,"href":"https:\/\/labone.vn\/kinglab\/wp-json\/wp\/v2\/users\/1"}],"replies":[{"embeddable":true,"href":"https:\/\/labone.vn\/kinglab\/wp-json\/wp\/v2\/comments?post=2"}],"version-history":[{"count":210,"href":"https:\/\/labone.vn\/kinglab\/wp-json\/wp\/v2\/pages\/2\/revisions"}],"predecessor-version":[{"id":1839,"href":"https:\/\/labone.vn\/kinglab\/wp-json\/wp\/v2\/pages\/2\/revisions\/1839"}],"wp:featuredmedia":[{"embeddable":true,"href":"https:\/\/labone.vn\/kinglab\/wp-json\/wp\/v2\/media\/683"}],"wp:attachment":[{"href":"https:\/\/labone.vn\/kinglab\/wp-json\/wp\/v2\/media?parent=2"}],"curies":[{"name":"wp","href":"https:\/\/api.w.org\/{rel}","templated":true}]}}