{"id":837,"date":"2023-05-18T02:57:28","date_gmt":"2023-05-18T02:57:28","guid":{"rendered":"https:\/\/labone.vn\/kinglab\/?page_id=837"},"modified":"2024-10-15T02:23:38","modified_gmt":"2024-10-15T02:23:38","slug":"danh-muc-san-pham","status":"publish","type":"page","link":"https:\/\/labone.vn\/kinglab\/danh-muc-san-pham\/","title":{"rendered":"Danh m\u1ee5c s\u1ea3n ph\u1ea9m"},"content":{"rendered":"\t<section class=\"section\" id=\"section_1050590175\">\n\t\t<div class=\"bg section-bg fill bg-fill  \" >\n\n\t\t\t\n\t\t\t\n\t\t\t\n\n\t\t<\/div>\n\n\t\t<div class=\"section-content relative\">\n\t\t\t\n<div class=\"row\"  id=\"row-1593838082\">\n\n\t<div id=\"col-755733391\" class=\"col col-content-king-lab-vi small-12 large-12\"  >\n\t\t\t\t<div class=\"col-inner\"  >\n\t\t\t\n\t\t\t\n<div class=\"row row-box-shadow-1 row-box-shadow-4-hover\"  id=\"row-1572206521\">\n\n\t<div id=\"col-1774805000\" class=\"col medium-3 small-12 large-3\"  >\n\t\t\t\t<div class=\"col-inner\" style=\"background-color:rgba(255, 255, 255, 0.587);\" >\n\t\t\t\n\t\t\t\n\t<div class=\"box has-hover   has-hover box-text-bottom\" >\n\n\t\t<div class=\"box-image\" style=\"border-radius:5%;\">\n\t\t\t<a href=\"https:\/\/labone.vn\/kinglab\/may-dap-mau-vi-sinh\/\"  >\t\t\t<div class=\"image-blur image-cover\" style=\"padding-top:100%;\">\n\t\t\t\t<img loading=\"lazy\" decoding=\"async\" width=\"900\" height=\"900\" src=\"https:\/\/labone.vn\/kinglab\/wp-content\/uploads\/2024\/05\/KingBlender-400-KingLab-Labone-Icon-1.jpg\" class=\"attachment-original size-original\" alt=\"\" srcset=\"https:\/\/labone.vn\/kinglab\/wp-content\/uploads\/2024\/05\/KingBlender-400-KingLab-Labone-Icon-1.jpg 900w, https:\/\/labone.vn\/kinglab\/wp-content\/uploads\/2024\/05\/KingBlender-400-KingLab-Labone-Icon-1-500x500.jpg 500w, https:\/\/labone.vn\/kinglab\/wp-content\/uploads\/2024\/05\/KingBlender-400-KingLab-Labone-Icon-1-768x768.jpg 768w, https:\/\/labone.vn\/kinglab\/wp-content\/uploads\/2024\/05\/KingBlender-400-KingLab-Labone-Icon-1-800x800.jpg 800w, https:\/\/labone.vn\/kinglab\/wp-content\/uploads\/2024\/05\/KingBlender-400-KingLab-Labone-Icon-1-100x100.jpg 100w\" sizes=\"auto, (max-width: 900px) 100vw, 900px\" \/>\t\t\t\t\t\t\t\t\t\t\t<\/div>\n\t\t\t<\/a>\t\t<\/div>\n\n\t\t<div class=\"box-text text-center\" >\n\t\t\t<div class=\"box-text-inner\">\n\t\t\t\t\n<h4><a href=\"https:\/\/labone.vn\/kinglab\/may-dap-mau-vi-sinh\/\">M\u00c1Y D\u1eacP M\u1eaaU VI SINH<\/a><\/h4>\n\t\t\t<\/div>\n\t\t<\/div>\n\t<\/div>\n\t\n\t\t<\/div>\n\t\t\t\t\n<style>\n#col-1774805000 > .col-inner {\n  padding: 0px 0px 0px 0px;\n}\n@media (min-width:550px) {\n  #col-1774805000 > .col-inner {\n    padding: 0px 0px 20px 0px;\n  }\n}\n<\/style>\n\t<\/div>\n\n\t\n\n\t<div id=\"col-1064703509\" class=\"col medium-3 small-12 large-3\"  >\n\t\t\t\t<div class=\"col-inner\" style=\"background-color:rgba(255, 255, 255, 0.587);\" >\n\t\t\t\n\t\t\t\n\t<div class=\"box has-hover   has-hover box-text-bottom\" >\n\n\t\t<div class=\"box-image\" style=\"border-radius:5%;\">\n\t\t\t<a href=\"https:\/\/labone.vn\/kinglab\/may-pha-loang-theo-trong-luong\/\"  >\t\t\t<div class=\"image-blur image-cover\" style=\"padding-top:100%;\">\n\t\t\t\t<img loading=\"lazy\" decoding=\"async\" width=\"900\" height=\"900\" src=\"https:\/\/labone.vn\/kinglab\/wp-content\/uploads\/2024\/10\/ICON-KINGGRAVIDILU.png\" class=\"attachment-original size-original\" alt=\"\" srcset=\"https:\/\/labone.vn\/kinglab\/wp-content\/uploads\/2024\/10\/ICON-KINGGRAVIDILU.png 900w, https:\/\/labone.vn\/kinglab\/wp-content\/uploads\/2024\/10\/ICON-KINGGRAVIDILU-500x500.png 500w, https:\/\/labone.vn\/kinglab\/wp-content\/uploads\/2024\/10\/ICON-KINGGRAVIDILU-768x768.png 768w, https:\/\/labone.vn\/kinglab\/wp-content\/uploads\/2024\/10\/ICON-KINGGRAVIDILU-800x800.png 800w, https:\/\/labone.vn\/kinglab\/wp-content\/uploads\/2024\/10\/ICON-KINGGRAVIDILU-100x100.png 100w\" sizes=\"auto, (max-width: 900px) 100vw, 900px\" \/>\t\t\t\t\t\t\t\t\t\t\t<\/div>\n\t\t\t<\/a>\t\t<\/div>\n\n\t\t<div class=\"box-text text-center\" >\n\t\t\t<div class=\"box-text-inner\">\n\t\t\t\t\n<h4><a href=\"https:\/\/labone.vn\/kinglab\/may-pha-loang-theo-trong-luong\/\">M\u00c1Y PHA LO\u00c3NG THEO TR\u1eccNG L\u01af\u1ee2NG<\/a><\/h4>\n\t\t\t<\/div>\n\t\t<\/div>\n\t<\/div>\n\t\n\t\t<\/div>\n\t\t\t\t\t<\/div>\n\n\t\n\n\t<div id=\"col-430400295\" class=\"col medium-3 small-12 large-3\"  >\n\t\t\t\t<div class=\"col-inner\" style=\"background-color:rgba(255, 255, 255, 0.587);\" >\n\t\t\t\n\t\t\t\n\t<div class=\"box has-hover   has-hover box-text-bottom\" >\n\n\t\t<div class=\"box-image\" style=\"border-radius:5%;\">\n\t\t\t<a href=\"https:\/\/labone.vn\/kinglab\/may-phan-phoi-chat-long-tu-dong\/\"  >\t\t\t<div class=\"image-blur image-cover\" style=\"padding-top:100%;\">\n\t\t\t\t<img loading=\"lazy\" decoding=\"async\" width=\"900\" height=\"900\" src=\"https:\/\/labone.vn\/kinglab\/wp-content\/uploads\/2024\/09\/ICON-KINGAUTOTUBE-B-1.png\" class=\"attachment-original size-original\" alt=\"\" srcset=\"https:\/\/labone.vn\/kinglab\/wp-content\/uploads\/2024\/09\/ICON-KINGAUTOTUBE-B-1.png 900w, https:\/\/labone.vn\/kinglab\/wp-content\/uploads\/2024\/09\/ICON-KINGAUTOTUBE-B-1-500x500.png 500w, https:\/\/labone.vn\/kinglab\/wp-content\/uploads\/2024\/09\/ICON-KINGAUTOTUBE-B-1-768x768.png 768w, https:\/\/labone.vn\/kinglab\/wp-content\/uploads\/2024\/09\/ICON-KINGAUTOTUBE-B-1-800x800.png 800w, https:\/\/labone.vn\/kinglab\/wp-content\/uploads\/2024\/09\/ICON-KINGAUTOTUBE-B-1-100x100.png 100w\" sizes=\"auto, (max-width: 900px) 100vw, 900px\" \/>\t\t\t\t\t\t\t\t\t\t\t<\/div>\n\t\t\t<\/a>\t\t<\/div>\n\n\t\t<div class=\"box-text text-center\" >\n\t\t\t<div class=\"box-text-inner\">\n\t\t\t\t\n<h4><a href=\"https:\/\/labone.vn\/kinglab\/may-phan-phoi-chat-long-tu-dong\/\">M\u00c1Y PH\u00c2N PH\u00d4I CH\u1ea4T L\u1eceNG T\u1ef0 \u0110\u1ed8NG<\/a><\/h4>\n\t\t\t<\/div>\n\t\t<\/div>\n\t<\/div>\n\t\n\t\t<\/div>\n\t\t\t\t\t<\/div>\n\n\t\n\n\t<div id=\"col-1659261756\" class=\"col medium-3 small-12 large-3\"  >\n\t\t\t\t<div class=\"col-inner\" style=\"background-color:rgba(255, 255, 255, 0.587);\" >\n\t\t\t\n\t\t\t\n\t<div class=\"box has-hover   has-hover box-text-bottom\" >\n\n\t\t<div class=\"box-image\" style=\"border-radius:5%;\">\n\t\t\t<a href=\"https:\/\/labone.vn\/kinglab\/bom-phan-phoi-moi-truong\/\"  >\t\t\t<div class=\"image-blur image-cover\" style=\"padding-top:100%;\">\n\t\t\t\t<img loading=\"lazy\" decoding=\"async\" width=\"900\" height=\"900\" src=\"https:\/\/labone.vn\/kinglab\/wp-content\/uploads\/2024\/09\/ICON-KINGPUMP.png\" class=\"attachment-original size-original\" alt=\"\" srcset=\"https:\/\/labone.vn\/kinglab\/wp-content\/uploads\/2024\/09\/ICON-KINGPUMP.png 900w, https:\/\/labone.vn\/kinglab\/wp-content\/uploads\/2024\/09\/ICON-KINGPUMP-500x500.png 500w, https:\/\/labone.vn\/kinglab\/wp-content\/uploads\/2024\/09\/ICON-KINGPUMP-768x768.png 768w, https:\/\/labone.vn\/kinglab\/wp-content\/uploads\/2024\/09\/ICON-KINGPUMP-800x800.png 800w, https:\/\/labone.vn\/kinglab\/wp-content\/uploads\/2024\/09\/ICON-KINGPUMP-100x100.png 100w\" sizes=\"auto, (max-width: 900px) 100vw, 900px\" \/>\t\t\t\t\t\t\t\t\t\t\t<\/div>\n\t\t\t<\/a>\t\t<\/div>\n\n\t\t<div class=\"box-text text-center\" >\n\t\t\t<div class=\"box-text-inner\">\n\t\t\t\t\n<h4><a href=\"https:\/\/labone.vn\/kinglab\/bom-phan-phoi-moi-truong\/\">B\u01a0M PH\u00c2N PH\u1ed0I M\u00d4I TR\u01af\u1edcNG<\/a><\/h4>\n\t\t\t<\/div>\n\t\t<\/div>\n\t<\/div>\n\t\n\t\t<\/div>\n\t\t\t\t\n<style>\n#col-1659261756 > .col-inner {\n  padding: 0px 0px 20px 0px;\n}\n<\/style>\n\t<\/div>\n\n\t\n\n<style>\n#row-1572206521 > .col > .col-inner {\n  border-radius: 15px;\n}\n<\/style>\n<\/div>\n<div class=\"row row-box-shadow-1 row-box-shadow-4-hover\"  id=\"row-1878138679\">\n\n\t<div id=\"col-1804693839\" class=\"col medium-3 small-12 large-3\"  >\n\t\t\t\t<div class=\"col-inner\" style=\"background-color:rgba(255, 255, 255, 0.587);\" >\n\t\t\t\n\t\t\t\n\t<div class=\"box has-hover   has-hover box-text-bottom\" >\n\n\t\t<div class=\"box-image\" style=\"border-radius:5%;\">\n\t\t\t<a href=\"https:\/\/labone.vn\/kinglab\/may-lac\/\"  >\t\t\t<div class=\"image-blur image-cover\" style=\"padding-top:100%;\">\n\t\t\t\t<img loading=\"lazy\" decoding=\"async\" width=\"900\" height=\"900\" src=\"https:\/\/labone.vn\/kinglab\/wp-content\/uploads\/2024\/09\/ICON-KINGSHAKER-C02.png\" class=\"attachment-original size-original\" alt=\"\" srcset=\"https:\/\/labone.vn\/kinglab\/wp-content\/uploads\/2024\/09\/ICON-KINGSHAKER-C02.png 900w, https:\/\/labone.vn\/kinglab\/wp-content\/uploads\/2024\/09\/ICON-KINGSHAKER-C02-500x500.png 500w, https:\/\/labone.vn\/kinglab\/wp-content\/uploads\/2024\/09\/ICON-KINGSHAKER-C02-768x768.png 768w, https:\/\/labone.vn\/kinglab\/wp-content\/uploads\/2024\/09\/ICON-KINGSHAKER-C02-800x800.png 800w, https:\/\/labone.vn\/kinglab\/wp-content\/uploads\/2024\/09\/ICON-KINGSHAKER-C02-100x100.png 100w\" sizes=\"auto, (max-width: 900px) 100vw, 900px\" \/>\t\t\t\t\t\t\t\t\t\t\t<\/div>\n\t\t\t<\/a>\t\t<\/div>\n\n\t\t<div class=\"box-text text-center\" >\n\t\t\t<div class=\"box-text-inner\">\n\t\t\t\t\n<h4><a href=\"https:\/\/labone.vn\/kinglab\/may-lac\/\">M\u00c1Y L\u1eaeC<\/a><\/h4>\n\t\t\t<\/div>\n\t\t<\/div>\n\t<\/div>\n\t\n\t\t<\/div>\n\t\t\t\t\t<\/div>\n\n\t\n\n\t<div id=\"col-1929098184\" class=\"col medium-3 small-12 large-3\"  >\n\t\t\t\t<div class=\"col-inner\" style=\"background-color:rgba(255, 255, 255, 0.587);\" >\n\t\t\t\n\t\t\t\n\t<div class=\"box has-hover   has-hover box-text-bottom\" >\n\n\t\t<div class=\"box-image\" style=\"border-radius:5%;\">\n\t\t\t<a href=\"https:\/\/labone.vn\/kinglab\/tu-am-lac\/\"  >\t\t\t<div class=\"image-blur image-cover\" style=\"padding-top:100%;\">\n\t\t\t\t<img loading=\"lazy\" decoding=\"async\" width=\"900\" height=\"900\" src=\"https:\/\/labone.vn\/kinglab\/wp-content\/uploads\/2024\/10\/tu-am-lac-icon.png\" class=\"attachment-original size-original\" alt=\"\" srcset=\"https:\/\/labone.vn\/kinglab\/wp-content\/uploads\/2024\/10\/tu-am-lac-icon.png 900w, https:\/\/labone.vn\/kinglab\/wp-content\/uploads\/2024\/10\/tu-am-lac-icon-500x500.png 500w, https:\/\/labone.vn\/kinglab\/wp-content\/uploads\/2024\/10\/tu-am-lac-icon-768x768.png 768w, https:\/\/labone.vn\/kinglab\/wp-content\/uploads\/2024\/10\/tu-am-lac-icon-800x800.png 800w, https:\/\/labone.vn\/kinglab\/wp-content\/uploads\/2024\/10\/tu-am-lac-icon-100x100.png 100w\" sizes=\"auto, (max-width: 900px) 100vw, 900px\" \/>\t\t\t\t\t\t\t\t\t\t\t<\/div>\n\t\t\t<\/a>\t\t<\/div>\n\n\t\t<div class=\"box-text text-center\" >\n\t\t\t<div class=\"box-text-inner\">\n\t\t\t\t\n<h4><a href=\"https:\/\/labone.vn\/kinglab\/tu-am-lac\/\">T\u1ee6 \u1ea4M L\u1eaeC<\/a><\/h4>\n\t\t\t<\/div>\n\t\t<\/div>\n\t<\/div>\n\t\n\t\t<\/div>\n\t\t\t\t\t<\/div>\n\n\t\n\n\t<div id=\"col-1040395970\" class=\"col medium-3 small-12 large-3\"  >\n\t\t\t\t<div class=\"col-inner\" style=\"background-color:rgba(255, 255, 255, 0.587);\" >\n\t\t\t\n\t\t\t\n\t<div class=\"box has-hover   has-hover box-text-bottom\" >\n\n\t\t<div class=\"box-image\" style=\"border-radius:5%;\">\n\t\t\t<a href=\"https:\/\/labone.vn\/kinglab\/tu-am-co2\/\"  >\t\t\t<div class=\"image-blur image-cover\" style=\"padding-top:100%;\">\n\t\t\t\t<img loading=\"lazy\" decoding=\"async\" width=\"900\" height=\"900\" src=\"https:\/\/labone.vn\/kinglab\/wp-content\/uploads\/2023\/08\/KingIncu-CO2-Kinglab-LABone.jpg\" class=\"attachment-original size-original\" alt=\"\" srcset=\"https:\/\/labone.vn\/kinglab\/wp-content\/uploads\/2023\/08\/KingIncu-CO2-Kinglab-LABone.jpg 900w, https:\/\/labone.vn\/kinglab\/wp-content\/uploads\/2023\/08\/KingIncu-CO2-Kinglab-LABone-800x800.jpg 800w, https:\/\/labone.vn\/kinglab\/wp-content\/uploads\/2023\/08\/KingIncu-CO2-Kinglab-LABone-100x100.jpg 100w, https:\/\/labone.vn\/kinglab\/wp-content\/uploads\/2023\/08\/KingIncu-CO2-Kinglab-LABone-500x500.jpg 500w, https:\/\/labone.vn\/kinglab\/wp-content\/uploads\/2023\/08\/KingIncu-CO2-Kinglab-LABone-768x768.jpg 768w\" sizes=\"auto, (max-width: 900px) 100vw, 900px\" \/>\t\t\t\t\t\t\t\t\t\t\t<\/div>\n\t\t\t<\/a>\t\t<\/div>\n\n\t\t<div class=\"box-text text-center\" >\n\t\t\t<div class=\"box-text-inner\">\n\t\t\t\t\n<h4><a href=\"https:\/\/labone.vn\/kinglab\/tu-am-co2\/\">T\u1ee6 \u1ea4M CO2<\/a><\/h4>\n\t\t\t<\/div>\n\t\t<\/div>\n\t<\/div>\n\t\n\t\t<\/div>\n\t\t\t\t\t<\/div>\n\n\t\n\n\t<div id=\"col-951133885\" class=\"col medium-3 small-12 large-3\"  >\n\t\t\t\t<div class=\"col-inner\" style=\"background-color:rgba(255, 255, 255, 0.587);\" >\n\t\t\t\n\t\t\t\n\t<div class=\"box has-hover   has-hover box-text-bottom\" >\n\n\t\t<div class=\"box-image\" style=\"border-radius:5%;\">\n\t\t\t<a href=\"https:\/\/labone.vn\/kinglab\/tu-am\/\"  >\t\t\t<div class=\"image-blur image-cover\" style=\"padding-top:100%;\">\n\t\t\t\t<img loading=\"lazy\" decoding=\"async\" width=\"900\" height=\"900\" src=\"https:\/\/labone.vn\/kinglab\/wp-content\/uploads\/2023\/08\/KingIncu-CO2-Kinglab-LABone.jpg\" class=\"attachment-original size-original\" alt=\"\" srcset=\"https:\/\/labone.vn\/kinglab\/wp-content\/uploads\/2023\/08\/KingIncu-CO2-Kinglab-LABone.jpg 900w, https:\/\/labone.vn\/kinglab\/wp-content\/uploads\/2023\/08\/KingIncu-CO2-Kinglab-LABone-800x800.jpg 800w, https:\/\/labone.vn\/kinglab\/wp-content\/uploads\/2023\/08\/KingIncu-CO2-Kinglab-LABone-100x100.jpg 100w, https:\/\/labone.vn\/kinglab\/wp-content\/uploads\/2023\/08\/KingIncu-CO2-Kinglab-LABone-500x500.jpg 500w, https:\/\/labone.vn\/kinglab\/wp-content\/uploads\/2023\/08\/KingIncu-CO2-Kinglab-LABone-768x768.jpg 768w\" sizes=\"auto, (max-width: 900px) 100vw, 900px\" \/>\t\t\t\t\t\t\t\t\t\t\t<\/div>\n\t\t\t<\/a>\t\t<\/div>\n\n\t\t<div class=\"box-text text-center\" >\n\t\t\t<div class=\"box-text-inner\">\n\t\t\t\t\n<h4><a href=\"https:\/\/labone.vn\/kinglab\/tu-am\/\">T\u1ee6 \u1ea4M<\/a><\/h4>\n\t\t\t<\/div>\n\t\t<\/div>\n\t<\/div>\n\t\n\t\t<\/div>\n\t\t\t\t\t<\/div>\n\n\t\n\n<style>\n#row-1878138679 > .col > .col-inner {\n  border-radius: 15px;\n}\n<\/style>\n<\/div>\n<div class=\"row row-box-shadow-1 row-box-shadow-4-hover\"  id=\"row-1360852168\">\n\n\t<div id=\"col-969959144\" class=\"col medium-3 small-12 large-3\"  >\n\t\t\t\t<div class=\"col-inner\" style=\"background-color:rgba(255, 255, 255, 0.587);\" >\n\t\t\t\n\t\t\t\n\t<div class=\"box has-hover   has-hover box-text-bottom\" >\n\n\t\t<div class=\"box-image\" style=\"border-radius:5%;\">\n\t\t\t<a href=\"https:\/\/labone.vn\/kinglab\/tu-say\/\"  >\t\t\t<div class=\"image-blur image-cover\" style=\"padding-top:100%;\">\n\t\t\t\t<img loading=\"lazy\" decoding=\"async\" width=\"900\" height=\"900\" src=\"https:\/\/labone.vn\/kinglab\/wp-content\/uploads\/2023\/08\/KingIncu-CO2-Kinglab-LABone.jpg\" class=\"attachment-original size-original\" alt=\"\" srcset=\"https:\/\/labone.vn\/kinglab\/wp-content\/uploads\/2023\/08\/KingIncu-CO2-Kinglab-LABone.jpg 900w, https:\/\/labone.vn\/kinglab\/wp-content\/uploads\/2023\/08\/KingIncu-CO2-Kinglab-LABone-800x800.jpg 800w, https:\/\/labone.vn\/kinglab\/wp-content\/uploads\/2023\/08\/KingIncu-CO2-Kinglab-LABone-100x100.jpg 100w, https:\/\/labone.vn\/kinglab\/wp-content\/uploads\/2023\/08\/KingIncu-CO2-Kinglab-LABone-500x500.jpg 500w, https:\/\/labone.vn\/kinglab\/wp-content\/uploads\/2023\/08\/KingIncu-CO2-Kinglab-LABone-768x768.jpg 768w\" sizes=\"auto, (max-width: 900px) 100vw, 900px\" \/>\t\t\t\t\t\t\t\t\t\t\t<\/div>\n\t\t\t<\/a>\t\t<\/div>\n\n\t\t<div class=\"box-text text-center\" >\n\t\t\t<div class=\"box-text-inner\">\n\t\t\t\t\n<h4><a href=\"https:\/\/labone.vn\/kinglab\/tu-say\/\">T\u1ee6 S\u1ea4Y<\/a><\/h4>\n\t\t\t<\/div>\n\t\t<\/div>\n\t<\/div>\n\t\n\t\t<\/div>\n\t\t\t\t\t<\/div>\n\n\t\n\n\t<div id=\"col-1184336109\" class=\"col medium-3 small-12 large-3\"  >\n\t\t\t\t<div class=\"col-inner\" style=\"background-color:rgba(255, 255, 255, 0.587);\" >\n\t\t\t\n\t\t\t\n\t\t<\/div>\n\t\t\t\t\t<\/div>\n\n\t\n\n\t<div id=\"col-1847626515\" class=\"col medium-3 small-12 large-3\"  >\n\t\t\t\t<div class=\"col-inner\" style=\"background-color:rgba(255, 255, 255, 0.587);\" >\n\t\t\t\n\t\t\t\n\t\t<\/div>\n\t\t\t\t\t<\/div>\n\n\t\n\n\t<div id=\"col-1724385677\" class=\"col medium-3 small-12 large-3\"  >\n\t\t\t\t<div class=\"col-inner\" style=\"background-color:rgba(255, 255, 255, 0.587);\" >\n\t\t\t\n\t\t\t\n\t\t<\/div>\n\t\t\t\t\t<\/div>\n\n\t\n\n<style>\n#row-1360852168 > .col > .col-inner {\n  border-radius: 15px;\n}\n<\/style>\n<\/div>\n\t\t<\/div>\n\t\t\t\t\n<style>\n#col-755733391 > .col-inner {\n  margin: 0px 0px -20px 0px;\n}\n<\/style>\n\t<\/div>\n\n\t\n\n<style>\n#row-1593838082 > .col > .col-inner {\n  padding: 30px 0px 0px 0px;\n}\n<\/style>\n<\/div>\n\t\t<\/div>\n\n\t\t\n<style>\n#section_1050590175 {\n  padding-top: 0px;\n  padding-bottom: 0px;\n}\n#section_1050590175 .section-bg.bg-loaded {\n  background-image: url(https:\/\/labone.vn\/kinglab\/wp-content\/uploads\/2022\/09\/gray-abstract-wireframe-technology-background_53876-101941.webp);\n}\n<\/style>\n\t<\/section>\n\t\n","protected":false},"excerpt":{"rendered":"","protected":false},"author":1,"featured_media":0,"parent":0,"menu_order":0,"comment_status":"closed","ping_status":"closed","template":"page-blank.php","meta":{"footnotes":""},"class_list":["post-837","page","type-page","status-publish","hentry"],"_links":{"self":[{"href":"https:\/\/labone.vn\/kinglab\/wp-json\/wp\/v2\/pages\/837","targetHints":{"allow":["GET"]}}],"collection":[{"href":"https:\/\/labone.vn\/kinglab\/wp-json\/wp\/v2\/pages"}],"about":[{"href":"https:\/\/labone.vn\/kinglab\/wp-json\/wp\/v2\/types\/page"}],"author":[{"embeddable":true,"href":"https:\/\/labone.vn\/kinglab\/wp-json\/wp\/v2\/users\/1"}],"replies":[{"embeddable":true,"href":"https:\/\/labone.vn\/kinglab\/wp-json\/wp\/v2\/comments?post=837"}],"version-history":[{"count":54,"href":"https:\/\/labone.vn\/kinglab\/wp-json\/wp\/v2\/pages\/837\/revisions"}],"predecessor-version":[{"id":1833,"href":"https:\/\/labone.vn\/kinglab\/wp-json\/wp\/v2\/pages\/837\/revisions\/1833"}],"wp:attachment":[{"href":"https:\/\/labone.vn\/kinglab\/wp-json\/wp\/v2\/media?parent=837"}],"curies":[{"name":"wp","href":"https:\/\/api.w.org\/{rel}","templated":true}]}}