{"id":1140,"date":"2023-08-10T06:29:05","date_gmt":"2023-08-10T06:29:05","guid":{"rendered":"https:\/\/labone.vn\/kinglab\/?post_type=product&#038;p=1140"},"modified":"2023-09-20T01:49:57","modified_gmt":"2023-09-20T01:49:57","slug":"model-kingshak-incuplate-may-am-lac-khay-vi-the","status":"publish","type":"product","link":"https:\/\/labone.vn\/kinglab\/product\/model-kingshak-incuplate-may-am-lac-khay-vi-the\/","title":{"rendered":"Model KingShak_IncuPlate | M\u00e1y \u1ea4m L\u1eafc Khay Vi Th\u1ec3"},"content":{"rendered":"<ul>\n<li><strong><span style=\"color: #3366ff;\">Model KingShak_IncuPlate | M\u00e1y \u1ea4m L\u1eafc Khay Vi Th\u1ec3<\/span><\/strong> <span style=\"color: #000000;\">l\u00e0 m\u1ed9t thi\u1ebft b\u1ecb \u0111a n\u0103ng \u0111\u01b0\u1ee3c s\u1eed d\u1ee5ng ch\u1ee7 y\u1ebfu trong c\u00e1c ph\u00f2ng th\u00ed nghi\u1ec7m, vi\u1ec7n nghi\u00ean c\u1ee9u, v\u00e0 c\u00e1c c\u01a1 s\u1edf y t\u1ebf. Ch\u1ee9c n\u0103ng ch\u00ednh c\u1ee7a m\u00e1y l\u00e0 cung c\u1ea5p \u0111i\u1ec1u ki\u1ec7n t\u1ea1o ra nhi\u1ec7t \u0111\u1ed9 \u1ed5n \u0111\u1ecbnh v\u00e0 chuy\u1ec3n \u0111\u1ed9ng l\u1eafc nh\u1eb9 cho c\u00e1c m\u1eabu th\u00ed nghi\u1ec7m \u0111\u01b0\u1ee3c \u0111\u1eb7t tr\u00ean khay vi th\u1ec3.<\/span><\/li>\n<li><span style=\"color: #3366ff;\"><strong>M\u00e1y \u1ea5m l\u1eafc khay vi th\u1ec3<\/strong><\/span> <span style=\"color: #000000;\">\u0111\u1ea1i di\u1ec7n cho s\u1ef1 k\u1ebft h\u1ee3p h\u00e0i h\u00f2a gi\u1eefa c\u00f4ng ngh\u1ec7 v\u00e0 ti\u1ec7n \u00edch trong l\u0129nh v\u1ef1c nghi\u00ean c\u1ee9u v\u00e0 th\u1eed nghi\u1ec7m. S\u1ea3n ph\u1ea9m n\u00e0y kh\u00f4ng ch\u1ec9 gi\u00fap t\u1ed1i \u01b0u h\u00f3a qu\u00e1 tr\u00ecnh nghi\u00ean c\u1ee9u m\u00e0 c\u00f2n mang l\u1ea1i s\u1ef1 ch\u00ednh x\u00e1c, \u1ed5n \u0111\u1ecbnh v\u00e0 ti\u1ebft ki\u1ec7m th\u1eddi gian cho nh\u1eefng ng\u01b0\u1eddi l\u00e0m vi\u1ec7c trong c\u00e1c ng\u00e0nh khoa h\u1ecdc v\u00e0 y t\u1ebf.<\/span><\/li>\n<\/ul>\n","protected":false},"excerpt":{"rendered":"<ul>\n<li><span style=\"color: #000000;\">Ti\u1ebft ki\u1ec7m th\u1eddi gian.<\/span><\/li>\n<li><span style=\"color: #000000;\">T\u1ed1i \u01b0u h\u00f3a qu\u00e1 tr\u00ecnh nghi\u00ean c\u1ee9u.<\/span><\/li>\n<li><span style=\"color: #000000;\">B\u1ea3o h\u00e0nh 03 n\u0103m.<\/span><\/li>\n<\/ul>\n","protected":false},"featured_media":1524,"template":"","meta":[],"product_cat":[84],"product_tag":[],"class_list":["post-1140","product","type-product","status-publish","has-post-thumbnail","hentry","product_cat-tu-am-lac"],"_links":{"self":[{"href":"https:\/\/labone.vn\/kinglab\/wp-json\/wp\/v2\/product\/1140","targetHints":{"allow":["GET"]}}],"collection":[{"href":"https:\/\/labone.vn\/kinglab\/wp-json\/wp\/v2\/product"}],"about":[{"href":"https:\/\/labone.vn\/kinglab\/wp-json\/wp\/v2\/types\/product"}],"wp:featuredmedia":[{"embeddable":true,"href":"https:\/\/labone.vn\/kinglab\/wp-json\/wp\/v2\/media\/1524"}],"wp:attachment":[{"href":"https:\/\/labone.vn\/kinglab\/wp-json\/wp\/v2\/media?parent=1140"}],"wp:term":[{"taxonomy":"product_cat","embeddable":true,"href":"https:\/\/labone.vn\/kinglab\/wp-json\/wp\/v2\/product_cat?post=1140"},{"taxonomy":"product_tag","embeddable":true,"href":"https:\/\/labone.vn\/kinglab\/wp-json\/wp\/v2\/product_tag?post=1140"}],"curies":[{"name":"wp","href":"https:\/\/api.w.org\/{rel}","templated":true}]}}