{"id":1176,"date":"2023-08-11T01:28:36","date_gmt":"2023-08-11T01:28:36","guid":{"rendered":"https:\/\/labone.vn\/kinglab\/?post_type=product&#038;p=1176"},"modified":"2023-09-22T08:41:28","modified_gmt":"2023-09-22T08:41:28","slug":"model-kingshaker-may-lac-tron","status":"publish","type":"product","link":"https:\/\/labone.vn\/kinglab\/product\/model-kingshaker-may-lac-tron\/","title":{"rendered":"Model KingShaker | M\u00e1y L\u1eafc Tr\u00f2n"},"content":{"rendered":"<ul>\n<li><span style=\"color: #000000;\"> L\u00e0 m\u1ed9t gi\u1ea3i ph\u00e1p cho c\u00e1c ph\u00f2ng th\u00ed nghi\u1ec7m, h\u1ed7 tr\u1ee3 c\u00f4ng \u0111o\u1ea1n l\u1eafc \u0111\u1ec1u \u1ed1ng nghi\u1ec7m di\u1ec5n ra t\u1ef1 \u0111\u1ed9ng v\u00e0 \u0111\u1ec1u \u0111\u1eb7n theo ch\u01b0\u01a1ng tr\u00ecnh \u0111\u00e3 c\u00e0i \u0111\u1eb7t tr\u01b0\u1edbc.<\/span><\/li>\n<li><span style=\"color: #000000;\">\u0110\u01b0\u1ee3c thi\u1ebft k\u1ebf ph\u1ee5c v\u1ee5 cho nhu c\u1ea7u l\u1eafc, tr\u1ed9n trong m\u1ecdi \u0111i\u1ec1u ki\u1ec7n m\u00f4i tr\u01b0\u1eddng nh\u01b0 nhi\u1ec7t \u0111\u1ed9 ph\u00f2ng.<\/span><\/li>\n<li><span style=\"color: #000000;\">M\u00e1y l\u1eafc ho\u1ea1t \u0111\u1ed9ng trong m\u00f4i tr\u01b0\u1eddng nhi\u1ec7t \u0111\u1ed9 t\u1eeb 0 \u0111\u1ebfn 60\u00baC v\u1edbi \u0111\u1ed9 \u1ea9m \u0111\u1ea1t 100% v\u00e0 c\u00e1c h\u1ed7n h\u1ee3p kh\u00ed CO\u2082, Nito,\u2026 gi\u00fap ng\u01b0\u1eddi d\u00f9ng c\u00f3 \u0111\u01b0\u1ee3c kho\u1ea3ng \u0111i\u1ec1u ch\u1ec9nh nhi\u1ec7t \u0111\u1ed9 ph\u00f9 h\u1ee3p m\u1ee5c ti\u00eau trong \u1ee9ng d\u1ee5ng nu\u00f4i c\u1ea5y m\u00f4 v\u00e0 sinh h\u1ecdc ph\u00e2n t\u1eed.<\/span><\/li>\n<li><span style=\"color: #000000;\">Cung c\u1ea5p n\u1ec1n t\u1ea3ng cao su ch\u1ed1ng tr\u01b0\u1ee3t hi\u1ec7u qu\u1ea3 v\u1edbi nhi\u1ec1u lo\u1ea1i k\u00edch th\u01b0\u1edbc gi\u00e1 \u0111\u1ee1 cho b\u00ecnh tam gi\u00e1c v\u00e0 \u1ed1ng nghi\u1ec7m.<\/span><\/li>\n<\/ul>\n","protected":false},"excerpt":{"rendered":"<ul>\n<li><span style=\"color: #000000;\">K\u00edch th\u01b0\u1edbc nh\u1ecf g\u1ecdn.<\/span><\/li>\n<li><span style=\"color: #000000;\">Giao di\u1ec7n th\u00e2n thi\u1ec7n v\u1edbi ng\u01b0\u1eddi d\u00f9ng.<\/span><\/li>\n<li><span style=\"color: #000000;\">B\u1ea3o H\u00e0nh 03 n\u0103m.<\/span><\/li>\n<\/ul>\n","protected":false},"featured_media":1177,"template":"","meta":[],"product_cat":[82],"product_tag":[],"class_list":["post-1176","product","type-product","status-publish","has-post-thumbnail","hentry","product_cat-may-lac"],"_links":{"self":[{"href":"https:\/\/labone.vn\/kinglab\/wp-json\/wp\/v2\/product\/1176","targetHints":{"allow":["GET"]}}],"collection":[{"href":"https:\/\/labone.vn\/kinglab\/wp-json\/wp\/v2\/product"}],"about":[{"href":"https:\/\/labone.vn\/kinglab\/wp-json\/wp\/v2\/types\/product"}],"wp:featuredmedia":[{"embeddable":true,"href":"https:\/\/labone.vn\/kinglab\/wp-json\/wp\/v2\/media\/1177"}],"wp:attachment":[{"href":"https:\/\/labone.vn\/kinglab\/wp-json\/wp\/v2\/media?parent=1176"}],"wp:term":[{"taxonomy":"product_cat","embeddable":true,"href":"https:\/\/labone.vn\/kinglab\/wp-json\/wp\/v2\/product_cat?post=1176"},{"taxonomy":"product_tag","embeddable":true,"href":"https:\/\/labone.vn\/kinglab\/wp-json\/wp\/v2\/product_tag?post=1176"}],"curies":[{"name":"wp","href":"https:\/\/api.w.org\/{rel}","templated":true}]}}