{"id":1182,"date":"2023-08-11T06:36:22","date_gmt":"2023-08-11T06:36:22","guid":{"rendered":"https:\/\/labone.vn\/kinglab\/?post_type=product&#038;p=1182"},"modified":"2023-11-27T03:58:02","modified_gmt":"2023-11-27T03:58:02","slug":"model-kingincu-55-nc-tu-am-dong-khi-doi-luu-tu-nhien","status":"publish","type":"product","link":"https:\/\/labone.vn\/kinglab\/product\/model-kingincu-55-nc-tu-am-dong-khi-doi-luu-tu-nhien\/","title":{"rendered":"Model KingIncu_55 NC | T\u1ee7 \u1ea4m D\u00f2ng Kh\u00ed \u0110\u1ed1i L\u01b0u T\u1ef1 Nhi\u00ean"},"content":{"rendered":"<ul>\n<li>KingIncu_55 NC l\u00e0 m\u1ed9t t\u1ee7 \u1ea5m d\u00f2ng kh\u00ed \u0111\u1ed1i l\u01b0u t\u1ef1 nhi\u00ean ti\u00ean ti\u1ebfn, \u0111\u01b0\u1ee3c thi\u1ebft k\u1ebf \u0111\u1ec3 t\u1ea1o ra m\u00f4i tr\u01b0\u1eddng \u1ea5m \u00e1p v\u00e0 \u1ed5n \u0111\u1ecbnh \u0111\u1ec3 nu\u00f4i c\u1ea5y v\u00e0 ph\u00e1t tri\u1ec3n c\u00e1c vi khu\u1ea9n, vi r\u00fat ho\u1eb7c t\u1ebf b\u00e0o h\u1eefu c\u01a1 kh\u00e1c trong m\u00f4i tr\u01b0\u1eddng nghi\u00ean c\u1ee9u v\u00e0 s\u1ea3n xu\u1ea5t. S\u1ea3n ph\u1ea9m n\u00e0y \u0111\u01b0\u1ee3c ph\u00e1t tri\u1ec3n v\u1edbi c\u00e1c t\u00ednh n\u0103ng v\u00e0 c\u00f4ng ngh\u1ec7 h\u00e0ng \u0111\u1ea7u \u0111\u1ec3 \u0111\u1ea3m b\u1ea3o hi\u1ec7u su\u1ea5t t\u1ed1i \u01b0u v\u00e0 ki\u1ec3m so\u00e1t ch\u1ea5t l\u01b0\u1ee3ng ch\u00ednh x\u00e1c.<\/li>\n<li><strong>T\u1ef1 nhi\u00ean \u0111\u1ed1i l\u01b0u:<\/strong> KingIncu_55 NC \u0111\u01b0\u1ee3c trang b\u1ecb h\u1ec7 th\u1ed1ng d\u00f2ng kh\u00ed \u0111\u1ed1i l\u01b0u t\u1ef1 nhi\u00ean, gi\u00fap t\u1ea1o ra s\u1ef1 tu\u1ea7n ho\u00e0n kh\u00f4ng kh\u00ed li\u00ean t\u1ee5c trong t\u1ee7. \u0110i\u1ec1u n\u00e0y \u0111\u1ea3m b\u1ea3o vi khu\u1ea9n v\u00e0 t\u1ebf b\u00e0o \u0111\u01b0\u1ee3c cung c\u1ea5p ngu\u1ed3n d\u01b0\u1ee1ng ch\u1ea5t c\u1ea7n thi\u1ebft v\u00e0 lo\u1ea1i b\u1ecf ch\u1ea5t th\u1ea3i m\u1ed9t c\u00e1ch hi\u1ec7u qu\u1ea3.<\/li>\n<li><strong>Ki\u1ec3m so\u00e1t nhi\u1ec7t \u0111\u1ed9 ch\u00ednh x\u00e1c:<\/strong>\u00a0H\u1ec7 th\u1ed1ng \u0111i\u1ec1u khi\u1ec3n nhi\u1ec7t \u0111\u1ed9 th\u00f4ng minh cho ph\u00e9p ng\u01b0\u1eddi s\u1eed d\u1ee5ng thi\u1ebft l\u1eadp v\u00e0 duy tr\u00ec nhi\u1ec7t \u0111\u1ed9 \u1ea5m \u00e1p c\u1ea7n thi\u1ebft \u0111\u1ec3 th\u00fac \u0111\u1ea9y qu\u00e1 tr\u00ecnh sinh tr\u01b0\u1edfng v\u00e0 ph\u00e1t tri\u1ec3n c\u1ee7a c\u00e1c t\u1ebf b\u00e0o. Kh\u1ea3 n\u0103ng ki\u1ec3m so\u00e1t nhi\u1ec7t \u0111\u1ed9 ch\u00ednh x\u00e1c \u0111\u1ea3m b\u1ea3o m\u00f4i tr\u01b0\u1eddng l\u00fd t\u01b0\u1edfng cho c\u00e1c nghi\u00ean c\u1ee9u v\u00e0 \u1ee9ng d\u1ee5ng s\u1ea3n xu\u1ea5t.<\/li>\n<li><strong>Thi\u1ebft k\u1ebf an to\u00e0n:<\/strong> KingIncu_55 NC \u0111\u01b0\u1ee3c thi\u1ebft k\u1ebf v\u1edbi c\u00e1c t\u00ednh n\u0103ng an to\u00e0n nh\u01b0 c\u1eeda k\u00ednh c\u01b0\u1eddng l\u1ef1c v\u00e0 kh\u00f3a an to\u00e0n \u0111\u1ec3 ng\u0103n ng\u1eeba s\u1ef1 x\u00e2m nh\u1eadp t\u1eeb m\u00f4i tr\u01b0\u1eddng b\u00ean ngo\u00e0i v\u00e0 b\u1ea3o v\u1ec7 ng\u01b0\u1eddi s\u1eed d\u1ee5ng kh\u1ecfi ti\u1ebfp x\u00fac tr\u1ef1c ti\u1ebfp v\u1edbi m\u1eabu.<\/li>\n<li><strong>Ki\u1ec3m so\u00e1t \u0111\u1ed9 \u1ea9m:<\/strong>\u00a0H\u1ec7 th\u1ed1ng ki\u1ec3m so\u00e1t \u0111\u1ed9 \u1ea9m \u0111\u01b0\u1ee3c t\u00edch h\u1ee3p \u0111\u1ec3 duy tr\u00ec \u0111\u1ed9 \u1ea9m t\u01b0\u01a1ng th\u00edch v\u1edbi qu\u00e1 tr\u00ecnh nu\u00f4i c\u1ea5y. \u0110i\u1ec1u n\u00e0y gi\u00fap duy tr\u00ec s\u1ef1 \u1ed5n \u0111\u1ecbnh c\u1ee7a m\u00f4i tr\u01b0\u1eddng v\u00e0 gi\u1ea3m nguy c\u01a1 m\u1ea5t n\u01b0\u1edbc c\u1ee7a c\u00e1c m\u1eabu.<\/li>\n<li><strong>Hi\u1ec3n th\u1ecb v\u00e0 giao di\u1ec7n ng\u01b0\u1eddi d\u00f9ng:<\/strong>\u00a0M\u00e0n h\u00ecnh hi\u1ec3n th\u1ecb LED cung c\u1ea5p th\u00f4ng tin v\u1ec1 nhi\u1ec7t \u0111\u1ed9, \u0111\u1ed9 \u1ea9m v\u00e0 th\u1eddi gian ho\u1ea1t \u0111\u1ed9ng. Giao di\u1ec7n ng\u01b0\u1eddi d\u00f9ng th\u00e2n thi\u1ec7n cho ph\u00e9p ng\u01b0\u1eddi s\u1eed d\u1ee5ng d\u1ec5 d\u00e0ng thi\u1ebft l\u1eadp v\u00e0 \u0111i\u1ec1u ch\u1ec9nh c\u00e1c th\u00f4ng s\u1ed1 theo nhu c\u1ea7u.<\/li>\n<li><strong>Ch\u1ea5t li\u1ec7u ch\u1ea5t l\u01b0\u1ee3ng cao:<\/strong> KingIncu_55 NC \u0111\u01b0\u1ee3c l\u00e0m t\u1eeb c\u00e1c v\u1eadt li\u1ec7u ch\u1ea5t l\u01b0\u1ee3ng cao, ch\u1ecbu \u0111\u01b0\u1ee3c \u0111i\u1ec1u ki\u1ec7n l\u00e0m vi\u1ec7c kh\u1eafc nghi\u1ec7t v\u00e0 d\u1ec5 d\u00e0ng v\u1ec7 sinh v\u00e0 b\u1ea3o d\u01b0\u1ee1ng.<\/li>\n<\/ul>\n","protected":false},"excerpt":{"rendered":"<ul>\n<li><span style=\"color: #000000;\">D\u00f2ng Kh\u00ed \u0110\u1ed1i L\u01b0u T\u1ef1 Nhi\u00ean<\/span><\/li>\n<li><span style=\"color: #000000;\">Ki\u1ec3m so\u00e1t nhi\u1ec7t \u0111\u1ed9 ch\u00ednh x\u00e1c<\/span><\/li>\n<li><span style=\"color: #000000;\">Thi\u1ebft k\u1ebf an to\u00e0n<\/span><\/li>\n<li><span style=\"color: #000000;\">Hi\u1ec3n th\u1ecb v\u00e0 giao di\u1ec7n th\u00e2n thi\u1ec7n v\u1edbi ng\u01b0\u1eddi d\u00f9ng<\/span><\/li>\n<\/ul>\n","protected":false},"featured_media":1435,"template":"","meta":[],"product_cat":[100],"product_tag":[],"class_list":["post-1182","product","type-product","status-publish","has-post-thumbnail","hentry","product_cat-tu-am"],"_links":{"self":[{"href":"https:\/\/labone.vn\/kinglab\/wp-json\/wp\/v2\/product\/1182","targetHints":{"allow":["GET"]}}],"collection":[{"href":"https:\/\/labone.vn\/kinglab\/wp-json\/wp\/v2\/product"}],"about":[{"href":"https:\/\/labone.vn\/kinglab\/wp-json\/wp\/v2\/types\/product"}],"wp:featuredmedia":[{"embeddable":true,"href":"https:\/\/labone.vn\/kinglab\/wp-json\/wp\/v2\/media\/1435"}],"wp:attachment":[{"href":"https:\/\/labone.vn\/kinglab\/wp-json\/wp\/v2\/media?parent=1182"}],"wp:term":[{"taxonomy":"product_cat","embeddable":true,"href":"https:\/\/labone.vn\/kinglab\/wp-json\/wp\/v2\/product_cat?post=1182"},{"taxonomy":"product_tag","embeddable":true,"href":"https:\/\/labone.vn\/kinglab\/wp-json\/wp\/v2\/product_tag?post=1182"}],"curies":[{"name":"wp","href":"https:\/\/api.w.org\/{rel}","templated":true}]}}