{"id":1488,"date":"2023-09-19T06:27:15","date_gmt":"2023-09-19T06:27:15","guid":{"rendered":"https:\/\/labone.vn\/kinglab\/?post_type=product&#038;p=1488"},"modified":"2023-11-27T04:50:22","modified_gmt":"2023-11-27T04:50:22","slug":"model-kingoven-127-nc-tu-say-dong-khi-doi-luu-tu-nhien","status":"publish","type":"product","link":"https:\/\/labone.vn\/kinglab\/product\/model-kingoven-127-nc-tu-say-dong-khi-doi-luu-tu-nhien\/","title":{"rendered":"Model KingOven_127 NC | T\u1ee7 S\u1ea5y D\u00f2ng Kh\u00ed \u0110\u1ed1i L\u01b0u T\u1ef1 Nhi\u00ean"},"content":{"rendered":"<ul>\n<li><span style=\"color: #3366ff;\"><strong>KingOven NC | T\u1ee7 S\u1ea5y D\u00f2ng Kh\u00ed \u0110\u1ed1i L\u01b0u T\u1ef1 Nhi\u00ean<\/strong><\/span> l\u00e0 gi\u1ea3i ph\u00e1p ho\u00e0n h\u1ea3o cho quy tr\u00ecnh \u1ee7 \u1ed5n \u0111\u1ecbnh, t\u1ea1o ra m\u1ed9t m\u00f4i tr\u01b0\u1eddng nu\u00f4i c\u1ea5y \u0111\u00e1ng tin c\u1eady v\u00e0 \u0111\u1ea3m b\u1ea3o k\u1ebft qu\u1ea3 t\u1ed1t.<\/li>\n<li>T\u1ee7 c\u00f3 ch\u1ee9c n\u0103ng \u0111\u1ed1i l\u01b0u t\u1ef1 nhi\u00ean \u0111\u1ea3m b\u1ea3o nhi\u1ec7t \u0111\u1ed9 c\u00e2n b\u1eb1ng nhanh sau khi \u0111\u01b0\u1ee3c m\u1edf c\u1eeda.<\/li>\n<\/ul>\n","protected":false},"excerpt":{"rendered":"<ul>\n<li><span style=\"color: #000000;\">D\u00f2ng Kh\u00ed \u0110\u1ed1i L\u01b0u T\u1ef1 Nhi\u00ean.<\/span><\/li>\n<li><span style=\"color: #000000;\">\u1ed4n \u0111\u1ecbnh v\u00e0 ch\u00ednh x\u00e1c.<\/span><\/li>\n<li>B\u1ea3o h\u00e0nh 3 n\u0103m.<\/li>\n<\/ul>\n","protected":false},"featured_media":1489,"template":"","meta":[],"product_cat":[102],"product_tag":[],"class_list":["post-1488","product","type-product","status-publish","has-post-thumbnail","hentry","product_cat-tu-say"],"_links":{"self":[{"href":"https:\/\/labone.vn\/kinglab\/wp-json\/wp\/v2\/product\/1488","targetHints":{"allow":["GET"]}}],"collection":[{"href":"https:\/\/labone.vn\/kinglab\/wp-json\/wp\/v2\/product"}],"about":[{"href":"https:\/\/labone.vn\/kinglab\/wp-json\/wp\/v2\/types\/product"}],"wp:featuredmedia":[{"embeddable":true,"href":"https:\/\/labone.vn\/kinglab\/wp-json\/wp\/v2\/media\/1489"}],"wp:attachment":[{"href":"https:\/\/labone.vn\/kinglab\/wp-json\/wp\/v2\/media?parent=1488"}],"wp:term":[{"taxonomy":"product_cat","embeddable":true,"href":"https:\/\/labone.vn\/kinglab\/wp-json\/wp\/v2\/product_cat?post=1488"},{"taxonomy":"product_tag","embeddable":true,"href":"https:\/\/labone.vn\/kinglab\/wp-json\/wp\/v2\/product_tag?post=1488"}],"curies":[{"name":"wp","href":"https:\/\/api.w.org\/{rel}","templated":true}]}}