{"id":1493,"date":"2023-09-19T06:47:15","date_gmt":"2023-09-19T06:47:15","guid":{"rendered":"https:\/\/labone.vn\/kinglab\/?post_type=product&#038;p=1493"},"modified":"2023-11-27T06:25:26","modified_gmt":"2023-11-27T06:25:26","slug":"model-kingoven-55-fc-tu-say-dong-khi-doi-luu-cuong-buc","status":"publish","type":"product","link":"https:\/\/labone.vn\/kinglab\/product\/model-kingoven-55-fc-tu-say-dong-khi-doi-luu-cuong-buc\/","title":{"rendered":"Model KingOven_55 FC | T\u1ee7 S\u1ea5y D\u00f2ng Kh\u00ed \u0110\u1ed1i L\u01b0u C\u01b0\u1ee1ng B\u1ee9c"},"content":{"rendered":"<ul>\n<li>\u00a0<strong><span style=\"color: #3366ff;\">KingOven FC | T\u1ee7 S\u1ea5y D\u00f2ng Kh\u00ed \u0110\u1ed1i L\u01b0u C\u01b0\u1ee1ng B\u1ee9c<\/span><\/strong> l\u00e0 gi\u1ea3i ph\u00e1p ho\u00e0n h\u1ea3o cho qu\u00e1 tr\u00ecnh s\u1ea5y kh\u00f4, hi\u1ec7u su\u1ea5t cao, \u0111\u1ea3m b\u1ea3o qu\u00e1 tr\u00ecnh s\u1ea5y kh\u00f4 \u0111\u1ed3ng \u0111\u1ec1u.<\/li>\n<li>T\u1ee7 c\u00f3 ch\u1ee9c n\u0103ng \u0111\u1ed1i l\u01b0u t\u1ef1 nhi\u00ean \u0111\u1ea3m b\u1ea3o nhi\u1ec7t \u0111\u1ed9 c\u00e2n b\u1eb1ng nhanh sau khi \u0111\u01b0\u1ee3c m\u1edf c\u1eeda.<\/li>\n<\/ul>\n","protected":false},"excerpt":{"rendered":"<ul>\n<li>D\u00f2ng kh\u00ed \u0111\u1ed1i l\u01b0u c\u01b0\u1ee1ng b\u1ee9c.<\/li>\n<li>\u1ed4n \u0111\u1ecbnh v\u00e0 ch\u00ednh x\u00e1c.<\/li>\n<li>B\u1ea3o h\u00e0nh 03 n\u0103m.<\/li>\n<\/ul>\n","protected":false},"featured_media":1494,"template":"","meta":[],"product_cat":[102],"product_tag":[],"class_list":["post-1493","product","type-product","status-publish","has-post-thumbnail","hentry","product_cat-tu-say"],"_links":{"self":[{"href":"https:\/\/labone.vn\/kinglab\/wp-json\/wp\/v2\/product\/1493","targetHints":{"allow":["GET"]}}],"collection":[{"href":"https:\/\/labone.vn\/kinglab\/wp-json\/wp\/v2\/product"}],"about":[{"href":"https:\/\/labone.vn\/kinglab\/wp-json\/wp\/v2\/types\/product"}],"wp:featuredmedia":[{"embeddable":true,"href":"https:\/\/labone.vn\/kinglab\/wp-json\/wp\/v2\/media\/1494"}],"wp:attachment":[{"href":"https:\/\/labone.vn\/kinglab\/wp-json\/wp\/v2\/media?parent=1493"}],"wp:term":[{"taxonomy":"product_cat","embeddable":true,"href":"https:\/\/labone.vn\/kinglab\/wp-json\/wp\/v2\/product_cat?post=1493"},{"taxonomy":"product_tag","embeddable":true,"href":"https:\/\/labone.vn\/kinglab\/wp-json\/wp\/v2\/product_tag?post=1493"}],"curies":[{"name":"wp","href":"https:\/\/api.w.org\/{rel}","templated":true}]}}