{"id":1687,"date":"2023-11-22T05:08:52","date_gmt":"2023-11-22T05:08:52","guid":{"rendered":"https:\/\/labone.vn\/kinglab\/?post_type=product&#038;p=1687"},"modified":"2023-11-27T03:00:30","modified_gmt":"2023-11-27T03:00:30","slug":"model-kingincu_co2-127-co2-incubator","status":"publish","type":"product","link":"https:\/\/labone.vn\/kinglab\/en\/product\/model-kingincu_co2-127-co2-incubator\/","title":{"rendered":"Model KingIncu_CO2-127 | CO2 Incubator"},"content":{"rendered":"<ul>\n<li><span style=\"color: #000000;\"><strong><span style=\"color: #3366ff;\">KingIncu_CO2 | T\u1ee7 \u1ea4m CO2<\/span><\/strong> l\u00e0 m\u1ed9t gi\u1ea3i ph\u00e1p ti\u00ean ti\u1ebfn trong vi\u1ec7c t\u1ea1o ra m\u00f4i tr\u01b0\u1eddng ki\u1ec3m so\u00e1t CO2 cao c\u1ea5p, \u0111\u1eb7c bi\u1ec7t th\u00edch h\u1ee3p cho vi\u1ec7c nu\u00f4i c\u1ea5y v\u00e0 ph\u00e1t tri\u1ec3n c\u00e1c t\u1ebf b\u00e0o vi sinh trong c\u00e1c \u1ee9ng d\u1ee5ng nh\u01b0 nghi\u00ean c\u1ee9u, th\u1eed nghi\u1ec7m, v\u00e0 s\u1ea3n xu\u1ea5t d\u01b0\u1ee3c ph\u1ea9m.<\/span><\/li>\n<li><span style=\"color: #000000;\"><strong><span style=\"color: #3366ff;\">KingIncu_CO2 | T\u1ee7 \u1ea4m CO2<\/span><\/strong><\/span> <span style=\"color: #000000;\">\u0111\u1ea1i di\u1ec7n cho s\u1ef1 ti\u1ebfn b\u1ed9 trong vi\u1ec7c t\u1ea1o ra m\u00f4i tr\u01b0\u1eddng ki\u1ec3m so\u00e1t CO2 t\u00f9y ch\u1ec9nh cho vi\u1ec7c nu\u00f4i c\u1ea5y t\u1ebf b\u00e0o vi sinh. T\u00edch h\u1ee3p nhi\u1ec1u t\u00ednh n\u0103ng ti\u1ec7n \u00edch v\u00e0 kh\u1ea3 n\u0103ng \u0111i\u1ec1u khi\u1ec3n ch\u00ednh x\u00e1c, s\u1ea3n ph\u1ea9m n\u00e0y \u0111\u00e1p \u1ee9ng m\u1ecdi y\u00eau c\u1ea7u t\u1eeb c\u00e1c l\u0129nh v\u1ef1c nghi\u00ean c\u1ee9u, s\u1ea3n xu\u1ea5t v\u00e0 ch\u0103m s\u00f3c s\u1ee9c kh\u1ecfe.<\/span><\/li>\n<\/ul>\n","protected":false},"excerpt":{"rendered":"<p>KingIncu_CO2 | T\u1ee7 \u1ea4m CO2 l\u00e0 m\u1ed9t gi\u1ea3i ph\u00e1p ti\u00ean ti\u1ebfn trong vi\u1ec7c t\u1ea1o ra m\u00f4i tr\u01b0\u1eddng ki\u1ec3m so\u00e1t CO2 cao c\u1ea5p, \u0111\u1eb7c bi\u1ec7t th\u00edch h\u1ee3p cho vi\u1ec7c nu\u00f4i c\u1ea5y v\u00e0 ph\u00e1t tri\u1ec3n c\u00e1c t\u1ebf b\u00e0o vi sinh trong c\u00e1c \u1ee9ng d\u1ee5ng nh\u01b0 nghi\u00ean c\u1ee9u, th\u1eed nghi\u1ec7m, v\u00e0 s\u1ea3n xu\u1ea5t d\u01b0\u1ee3c ph\u1ea9m. KingIncu_CO2 | T\u1ee7 [&#8230;]\n","protected":false},"featured_media":1680,"template":"","meta":[],"product_cat":[106],"product_tag":[],"class_list":["post-1687","product","type-product","status-publish","has-post-thumbnail","hentry","product_cat-co2-incubator"],"_links":{"self":[{"href":"https:\/\/labone.vn\/kinglab\/wp-json\/wp\/v2\/product\/1687","targetHints":{"allow":["GET"]}}],"collection":[{"href":"https:\/\/labone.vn\/kinglab\/wp-json\/wp\/v2\/product"}],"about":[{"href":"https:\/\/labone.vn\/kinglab\/wp-json\/wp\/v2\/types\/product"}],"wp:featuredmedia":[{"embeddable":true,"href":"https:\/\/labone.vn\/kinglab\/wp-json\/wp\/v2\/media\/1680"}],"wp:attachment":[{"href":"https:\/\/labone.vn\/kinglab\/wp-json\/wp\/v2\/media?parent=1687"}],"wp:term":[{"taxonomy":"product_cat","embeddable":true,"href":"https:\/\/labone.vn\/kinglab\/wp-json\/wp\/v2\/product_cat?post=1687"},{"taxonomy":"product_tag","embeddable":true,"href":"https:\/\/labone.vn\/kinglab\/wp-json\/wp\/v2\/product_tag?post=1687"}],"curies":[{"name":"wp","href":"https:\/\/api.w.org\/{rel}","templated":true}]}}