{"id":633,"date":"2022-08-15T04:52:42","date_gmt":"2022-08-15T04:52:42","guid":{"rendered":"https:\/\/labone.vn\/kinglab\/?post_type=product&#038;p=633"},"modified":"2024-11-04T01:59:38","modified_gmt":"2024-11-04T01:59:38","slug":"model-kingpump1-may-phan-phoi-chat-long-moi-truong","status":"publish","type":"product","link":"https:\/\/labone.vn\/kinglab\/product\/model-kingpump1-may-phan-phoi-chat-long-moi-truong\/","title":{"rendered":"Model KingPump1 | M\u00e1y Ph\u00e2n Ph\u1ed1i Ch\u1ea5t L\u1ecfng, M\u00f4i Tr\u01b0\u1eddng"},"content":{"rendered":"<p class=\"uppercase\"><span style=\"color: #3366ff;\"><b> M\u1ee5c \u0111\u00edch s\u1eed d\u1ee5ng<\/b><\/span><\/p>\n<p><span style=\"font-weight: 400;\">KingPump1 l\u00e0 m\u1ed9t thi\u1ebft b\u1ecb b\u01a1m ph\u00e2n ph\u1ed1i m\u00f4i tr\u01b0\u1eddng c\u00f3 \u0111\u1ed9 ch\u00ednh x\u00e1c cao, h\u1ed7 tr\u1ee3 ph\u00e2n ph\u1ed1i c\u00e1c lo\u1ea1i ch\u1ea5t l\u1ecfng v\u00e0 m\u00f4i tr\u01b0\u1eddng, c\u00e1c ch\u1ea5t pha lo\u00e3ng m\u1ed9t c\u00e1ch nhanh ch\u00f3ng v\u00e0 hi\u1ec7u qu\u1ea3. V\u1edbi thi\u1ebft k\u1ebf nh\u1ecf g\u1ecdn v\u00e0 ti\u1ec7n d\u1ee5ng c\u00f9ng kh\u1ea3 n\u0103ng ph\u00e2n ph\u1ed1i l\u1edbn, KingPump1 l\u00e0 m\u1ed9t c\u00f4ng c\u1ee5 l\u00fd t\u01b0\u1edfng cho c\u00e1c ph\u00f2ng th\u00ed nghi\u1ec7m v\u00e0 c\u01a1 s\u1edf nghi\u00ean c\u1ee9u.\u00a0<\/span><\/p>\n<p class=\"uppercase\"><span style=\"color: #3366ff;\"><b> \u0110\u1eb7c \u0111i\u1ec3m n\u1ed5i b\u1eadt c\u1ee7a s\u1ea3n ph\u1ea9m<\/b><\/span><\/p>\n<ul>\n<li style=\"font-weight: 400;\" aria-level=\"1\"><b>Thi\u1ebft k\u1ebf nh\u1ecf g\u1ecdn, nhi\u1ec1u ch\u1ebf \u0111\u1ed9 ph\u00e2n ph\u1ed1i:<\/b><span style=\"font-weight: 400;\"> KingPump1 \u0111\u01b0\u1ee3c thi\u1ebft k\u1ebf nh\u1ecf g\u1ecdn v\u1edbi tr\u1ecdng l\u01b0\u1ee3ng ch\u1ec9 5kg nh\u01b0ng v\u1eabn mang l\u1ea1i kh\u1ea3 n\u0103ng ph\u00e2n ph\u1ed1i ch\u1ea5t l\u1ecfng linh ho\u1ea1t v\u1edbi nhi\u1ec1u ch\u1ebf \u0111\u1ed9 \u0111i\u1ec1u ch\u1ec9nh.<\/span><\/li>\n<li style=\"font-weight: 400;\" aria-level=\"1\"><b>\u0110\u1ea7u b\u01a1m Watson Marlow<\/b><span style=\"font-weight: 400;\"> m\u1ea1nh m\u1ebd, b\u1ec1n b\u1ec9 v\u00e0 c\u00f3 \u0111\u1ed9 ch\u00ednh x\u00e1c cao.<\/span><\/li>\n<li style=\"font-weight: 400;\" aria-level=\"1\"><b>Kh\u1ea3 n\u0103ng ph\u00e2n ph\u1ed1i v\u1edbi th\u1ec3 t\u00edch nh\u1ecf<\/b><span style=\"font-weight: 400;\">: <\/span><span style=\"font-weight: 400;\">c\u00f3 kh\u1ea3 n\u0103ng ph\u00e2n ph\u1ed1i ch\u1ea5t l\u1ecfng v\u1edbi th\u1ec3 t\u00edch nh\u1ecf nh\u1ea5t ch\u1ec9 100 \u00b5L<\/span><span style=\"font-weight: 400;\">, KingPump1 gi\u00fap t\u1ed1i \u01b0u h\u00f3a hi\u1ec7u su\u1ea5t v\u00e0 ti\u1ebft ki\u1ec7m th\u1eddi gian trong c\u00e1c quy tr\u00ecnh l\u00e0m vi\u1ec7c.<\/span><\/li>\n<li style=\"font-weight: 400;\" aria-level=\"1\"><b>\u0110\u1ed9 ch\u00ednh x\u00e1c cao<\/b><span style=\"font-weight: 400;\">: KingPump1 c\u00f3 th\u1ec3 \u0111em l\u1ea1i \u0111\u1ed9 ch\u00ednh x\u00e1c &gt;99.9% trong c\u00e1c quy tr\u00ecnh ph\u00e2n ph\u1ed1i ch\u1ea5t l\u1ecfng, \u0111\u00e1p \u1ee9ng c\u00e1c y\u00eau c\u1ea7u nghi\u00eam ng\u1eb7t c\u1ee7a c\u00e1c ph\u00f2ng th\u00ed nghi\u1ec7m v\u00e0 nh\u00e0 m\u00e1y s\u1ea3n xu\u1ea5t.<\/span><\/li>\n<li style=\"font-weight: 400;\" aria-level=\"1\"><b>M\u00e0n h\u00ecnh hi\u1ec3n th\u1ecb c\u1ea3m \u1ee9ng v\u1edbi b\u1ed9 \u0111i\u1ec1u khi\u1ec3n k\u1ef9 thu\u1eadt s\u1ed1 PID<\/b><span style=\"font-weight: 400;\"> v\u1edbi k\u00edch th\u01b0\u1edbc 4.3 inch cho ph\u00e9p ng\u01b0\u1eddi d\u00f9ng d\u1ec5 d\u00e0ng \u0111i\u1ec1u khi\u1ec3n v\u00e0 gi\u00e1m s\u00e1t c\u00e1c quy tr\u00ecnh l\u00e0m vi\u1ec7c.<\/span><span style=\"font-weight: 400;\"> Giao di\u1ec7n th\u00e2n thi\u1ec7n v\u00e0 c\u00e1c t\u00ednh n\u0103ng \u0111i\u1ec1u khi\u1ec3n ti\u1ec7n l\u1ee3i gi\u00fap t\u1ed1i \u01b0u h\u00f3a qu\u1ea3n l\u00fd v\u00e0 \u0111i\u1ec1u ch\u1ec9nh.<\/span><\/li>\n<li style=\"font-weight: 400;\" aria-level=\"1\"><b>\u1ee8ng d\u1ee5ng<\/b><span style=\"font-weight: 400;\">: KingPump1 \u0111\u01b0\u1ee3c \u1ee9ng d\u1ee5ng r\u1ed9ng r\u00e3i trong nghi\u00ean c\u1ee9u khoa h\u1ecdc, th\u1eed nghi\u1ec7m m\u00f4i tr\u01b0\u1eddng, s\u1ea3n xu\u1ea5t v\u00e0 ki\u1ec3m tra ch\u1ea5t l\u01b0\u1ee3ng.\u00a0<\/span><\/li>\n<li style=\"font-weight: 400;\" aria-level=\"1\"><b>B\u1ea3o h\u00e0nh 3 n\u0103m:<\/b><span style=\"font-weight: 400;\"> V\u1edbi cam k\u1ebft b\u1ea3o h\u00e0nh 3 n\u0103m, LABone mang \u0111\u1ebfn s\u1ef1 y\u00ean t\u00e2m v\u00e0 tin t\u01b0\u1edfng tuy\u1ec7t \u0111\u1ed1i v\u1ec1 ch\u1ea5t l\u01b0\u1ee3ng v\u00e0 \u0111\u1ed9 b\u1ec1n s\u1ea3n ph\u1ea9m, cam k\u1ebft h\u1ed7 tr\u1ee3 kh\u00e1ch h\u00e0ng m\u1ecdi l\u00fac m\u1ecdi n\u01a1i \u0111\u1ec3 \u0111\u1ea3m b\u1ea3o v\u1ec1 ho\u1ea1t \u0111\u1ed9ng c\u1ee7a thi\u1ebft b\u1ecb.<\/span><\/li>\n<\/ul>\n","protected":false},"excerpt":{"rendered":"<ul>\n<li><strong>Th\u1ec3 t\u00edch ph\u00e2n ph\u1ed1i t\u1ed1i thi\u1ec3u: 100\u00b5L<\/strong><\/li>\n<li><strong>\u0110a d\u1ea1ng ch\u1ebf \u0111\u1ed9 b\u01a1m: Li\u00ean t\u1ee5c \u2013 \u0110\u01a1n li\u1ec1u \u2013 \u0110a li\u1ec1u<\/strong><\/li>\n<li><strong>\u0110\u1ed9 ch\u00ednh x\u00e1c: &gt;99.5%<\/strong><\/li>\n<li><strong>\u0110\u1ea7u b\u01a1m Watson Marlow<\/strong><\/li>\n<li><strong>\u0110i\u1ec1u Khi\u1ec3n K\u1ef9 Thu\u1eadt S\u1ed1 PID V\u1edbi M\u00e0n H\u00ecnh C\u1ea3m \u1ee8ng<\/strong><\/li>\n<\/ul>\n","protected":false},"featured_media":1834,"template":"","meta":[],"product_cat":[57],"product_tag":[],"class_list":["post-633","product","type-product","status-publish","has-post-thumbnail","hentry","product_cat-bom-phan-phoi-moi-truong"],"_links":{"self":[{"href":"https:\/\/labone.vn\/kinglab\/wp-json\/wp\/v2\/product\/633","targetHints":{"allow":["GET"]}}],"collection":[{"href":"https:\/\/labone.vn\/kinglab\/wp-json\/wp\/v2\/product"}],"about":[{"href":"https:\/\/labone.vn\/kinglab\/wp-json\/wp\/v2\/types\/product"}],"wp:featuredmedia":[{"embeddable":true,"href":"https:\/\/labone.vn\/kinglab\/wp-json\/wp\/v2\/media\/1834"}],"wp:attachment":[{"href":"https:\/\/labone.vn\/kinglab\/wp-json\/wp\/v2\/media?parent=633"}],"wp:term":[{"taxonomy":"product_cat","embeddable":true,"href":"https:\/\/labone.vn\/kinglab\/wp-json\/wp\/v2\/product_cat?post=633"},{"taxonomy":"product_tag","embeddable":true,"href":"https:\/\/labone.vn\/kinglab\/wp-json\/wp\/v2\/product_tag?post=633"}],"curies":[{"name":"wp","href":"https:\/\/api.w.org\/{rel}","templated":true}]}}