{"id":646,"date":"2022-09-16T02:58:03","date_gmt":"2022-09-16T02:58:03","guid":{"rendered":"https:\/\/labone.vn\/kinglab\/?post_type=product&#038;p=646"},"modified":"2023-09-22T04:26:02","modified_gmt":"2023-09-22T04:26:02","slug":"model-kinggravidilu-may-pha-loang-theo-trong-luong","status":"publish","type":"product","link":"https:\/\/labone.vn\/kinglab\/product\/model-kinggravidilu-may-pha-loang-theo-trong-luong\/","title":{"rendered":"Model KingGraviDilu | M\u00e1y Pha Lo\u00e3ng Theo Tr\u1ecdng L\u01b0\u1ee3ng"},"content":{"rendered":"<p><strong><span style=\"color: #3366ff;\">M\u1ee4C \u0110\u00cdCH S\u1eec D\u1ee4NG<\/span><\/strong><\/p>\n<ul>\n<li><span style=\"color: #000000;\"><span style=\"color: #3366ff;\"><strong>KingGraviDilu<\/strong><\/span> l\u00e0 m\u1ed9t gi\u1ea3i ph\u00e1p cho c\u00e1c ph\u00f2ng th\u00ed nghi\u1ec7m c\u1ea7n th\u1ef1c hi\u1ec7n pha lo\u00e3ng d\u1ef1a tr\u00ean kh\u1ed1i l\u01b0\u1ee3ng m\u1eabu. Do \u0111\u00f3, pha lo\u00e3ng d\u1ef1a tr\u00ean kh\u1ed1i l\u01b0\u1ee3ng m\u1eabu tr\u1edf n\u00ean hi\u1ec7u qu\u1ea3 v\u00e0 \u0111\u01a1n gi\u1ea3n h\u01a1n. Gi\u1ea3m nguy c\u01a1 nhi\u1ec5m m\u1eabu.<\/span><\/li>\n<\/ul>\n","protected":false},"excerpt":{"rendered":"<ul>\n<li><span style=\"color: #000000;\">Thao t\u00e1c s\u1eed d\u1ee5ng \u0111\u01a1n gi\u1ea3n m\u00e0 hi\u1ec7u qu\u1ea3.<\/span><\/li>\n<li><span style=\"color: #000000;\">M\u00e1y b\u01a1m nhu \u0111\u1ed9ng ch\u00ednh x\u00e1c v\u00e0 m\u1ea1nh m\u1ebd.<\/span><\/li>\n<li><span style=\"color: #000000;\">Ti\u1ec7n d\u1ee5ng khi c\u00f3 th\u1ec3 di chuy\u1ec3n.<\/span><\/li>\n<li><span style=\"color: #000000;\">Giao di\u1ec7n th\u00e2n thi\u1ec7n v\u1edbi ng\u01b0\u1eddi d\u00f9ng.<\/span><\/li>\n<li><span style=\"color: #000000;\">L\u00e0m vi\u1ec7c t\u1ed1t tr\u00ean c\u00e1c b\u1ec1 m\u1eb7t kh\u00f4ng \u1ed5n \u0111\u1ecbnh nh\u01b0 t\u1ee7 c\u1ea5y, ho\u1eb7c b\u00e0n l\u00e0m vi\u1ec7c c\u1ee7a m\u00e1y d\u1eadp m\u1eabu.<\/span><\/li>\n<\/ul>\n","protected":false},"featured_media":1797,"template":"","meta":[],"product_cat":[62],"product_tag":[],"class_list":["post-646","product","type-product","status-publish","has-post-thumbnail","hentry","product_cat-may-pha-loang-theo-trong-luong"],"_links":{"self":[{"href":"https:\/\/labone.vn\/kinglab\/wp-json\/wp\/v2\/product\/646","targetHints":{"allow":["GET"]}}],"collection":[{"href":"https:\/\/labone.vn\/kinglab\/wp-json\/wp\/v2\/product"}],"about":[{"href":"https:\/\/labone.vn\/kinglab\/wp-json\/wp\/v2\/types\/product"}],"wp:featuredmedia":[{"embeddable":true,"href":"https:\/\/labone.vn\/kinglab\/wp-json\/wp\/v2\/media\/1797"}],"wp:attachment":[{"href":"https:\/\/labone.vn\/kinglab\/wp-json\/wp\/v2\/media?parent=646"}],"wp:term":[{"taxonomy":"product_cat","embeddable":true,"href":"https:\/\/labone.vn\/kinglab\/wp-json\/wp\/v2\/product_cat?post=646"},{"taxonomy":"product_tag","embeddable":true,"href":"https:\/\/labone.vn\/kinglab\/wp-json\/wp\/v2\/product_tag?post=646"}],"curies":[{"name":"wp","href":"https:\/\/api.w.org\/{rel}","templated":true}]}}