{"id":652,"date":"2022-09-16T03:26:00","date_gmt":"2022-09-16T03:26:00","guid":{"rendered":"https:\/\/labone.vn\/kinglab\/?post_type=product&#038;p=652"},"modified":"2024-10-02T03:48:08","modified_gmt":"2024-10-02T03:48:08","slug":"model-kingblender-400-may-dap-mau-vi-sinh","status":"publish","type":"product","link":"https:\/\/labone.vn\/kinglab\/product\/model-kingblender-400-may-dap-mau-vi-sinh\/","title":{"rendered":"Model KingBlender 400 | M\u00e1y D\u1eadp M\u1eabu Vi Sinh"},"content":{"rendered":"<h4><span style=\"color: #3366ff;\"><strong>M\u1ee4C \u0110\u00cdCH S\u1eec D\u1ee4NG<\/strong><\/span><\/h4>\n<ul>\n<li><span style=\"color: #3366ff;\"><strong>KingBlender 400<\/strong><\/span> l\u00e0 m\u1ed9t <a href=\"https:\/\/labone.vn\/kinglab\/product\/model-kingblender-400-may-dap-mau-vi-sinh\/\">m\u00e1y d\u1eadp m\u1eabu vi sinh<\/a> m\u1ea1nh m\u1ebd, \u0111\u01b0\u1ee3c thi\u1ebft k\u1ebf \u0111\u1ec3 tr\u1ed9n v\u00e0 \u0111\u1ed3ng nh\u1ea5t m\u1eabu vi sinh v\u1eadt m\u1ed9t c\u00e1ch nhanh ch\u00f3ng v\u00e0 ti\u1ec7n l\u1ee3i. V\u1edbi kh\u1ea3 n\u0103ng ho\u1ea1t \u0111\u1ed9ng hi\u1ec7u qu\u1ea3, s\u1ea3n ph\u1ea9m mang l\u1ea1i k\u1ebft qu\u1ea3 ch\u00ednh x\u00e1c trong qu\u00e1 tr\u00ecnh chu\u1ea9n b\u1ecb m\u1eabu, \u0111\u00e1p \u1ee9ng m\u1ecdi nhu c\u1ea7u c\u1ee7a ng\u00e0nh c\u00f4ng nghi\u1ec7p sinh h\u1ecdc v\u00e0 y t\u1ebf.<\/li>\n<\/ul>\n<h4><span style=\"color: #3366ff;\"><strong>M\u1ed8T S\u1ed0 T\u00cdNH N\u0102NG, \u0110\u1eb6C \u0110I\u1ec2M S\u1eec D\u1ee4NG<\/strong><\/span><\/h4>\n<ul>\n<li><span style=\"color: #3366ff;\"><strong>KingBlender 400<\/strong><\/span> l\u00e0 thi\u1ebft b\u1ecb m\u1ea1nh m\u1ebd v\u00e0 linh ho\u1ea1t, c\u00f3 kh\u1ea3 n\u0103ng \u0111i\u1ec1u ch\u1ec9nh v\u00e0 x\u1eed l\u00fd m\u1ecdi lo\u1ea1i n\u1ec1n m\u1eabu kh\u00e1c nhau v\u1edbi \u0111\u1ed9 \u1ed3n th\u1ea5p. Thi\u1ebft k\u1ebf nh\u1ecf g\u1ecdn cho ph\u00e9p \u0111\u1eb7t tr\u00ean b\u00e0n l\u00e0m vi\u1ec7c m\u1ed9t c\u00e1ch ti\u1ec7n l\u1ee3i v\u00e0 di chuy\u1ec3n linh ho\u1ea1t trong kh\u00f4ng gian l\u00e0m vi\u1ec7c. \u0110\u1eb7c bi\u1ec7t, thi\u1ebft b\u1ecb ho\u1ea1t \u0111\u1ed9ng \u00eam \u00e1i v\u00e0 \u1ed5n \u0111\u1ecbnh, kh\u00f4ng g\u00e2y rung l\u1eafc trong qu\u00e1 tr\u00ecnh d\u1eadp m\u1eabu.<\/li>\n<li><span style=\"color: #3366ff;\"><strong>KingBlender 400<\/strong><\/span> \u0111\u01b0\u1ee3c trang b\u1ecb c\u1ea3m bi\u1ebfn r\u00f2 r\u1ec9 ch\u1ea5t l\u1ecfng, gi\u00fap ng\u0103n ch\u1eb7n hi\u1ec7u qu\u1ea3 c\u00e1c s\u1ef1 c\u1ed1 kh\u00f4ng mong mu\u1ed1n. Ngo\u00e0i ra, thi\u1ebft b\u1ecb c\u00f2n \u0111\u01b0\u1ee3c trang b\u1ecb c\u1eeda quan s\u00e1t m\u1eabu b\u00ean trong v\u00e0 khay ch\u1ed1ng tr\u00e0n dung d\u1ecbch, gi\u00fap quan s\u00e1t v\u00e0 \u0111i\u1ec1u ch\u1ec9nh qu\u00e1 tr\u00ecnh m\u1ed9t c\u00e1ch d\u1ec5 d\u00e0ng. V\u1edbi v\u1eadt li\u1ec7u Inox 304 ch\u1ed1ng \u0103n m\u00f2n v\u00e0 kh\u1ea3 n\u0103ng v\u1ec7 sinh d\u1ec5 d\u00e0ng, bu\u1ed3ng v\u00e0 b\u00e0n \u0111\u1ea1p m\u1eabu c\u1ee7a thi\u1ebft b\u1ecb \u0111\u1ea3m b\u1ea3o s\u1ef1 an to\u00e0n v\u00e0 s\u1ef1 b\u1ec1n b\u1ec9 trong s\u1eed d\u1ee5ng.<\/li>\n<li>M\u00e0n h\u00ecnh hi\u1ec3n th\u1ecb c\u1ea3m \u1ee9ng v\u1edbi b\u1ed9 \u0111i\u1ec1u khi\u1ec3n k\u1ef9 thu\u1eadt s\u1ed1 PID c\u00f3 k\u00edch th\u01b0\u1edbc 4.3 inch c\u1ee7a <span style=\"color: #3366ff;\"><strong>KingBlender 400<\/strong><\/span> cho ph\u00e9p ng\u01b0\u1eddi s\u1eed d\u1ee5ng d\u1ec5 d\u00e0ng thi\u1ebft l\u1eadp th\u1eddi gian v\u00e0 c\u00e1c ch\u1ee9c n\u0103ng kh\u00e1c m\u1ed9t c\u00e1ch thu\u1eadn ti\u1ec7n. Ngo\u00e0i ra, thi\u1ebft k\u1ebf c\u1eeda m\u1edf 270<sup>o<\/sup> gi\u00fap vi\u1ec7c v\u1ec7 sinh v\u00e0 b\u1ea3o tr\u00ec thi\u1ebft b\u1ecb tr\u1edf n\u00ean \u0111\u01a1n gi\u1ea3n v\u00e0 hi\u1ec7u qu\u1ea3 h\u01a1n.<\/li>\n<\/ul>\n","protected":false},"excerpt":{"rendered":"<ul>\n<li>Th\u1ec3 T\u00edch D\u1eadp M\u1eabu: 50-400mL<\/li>\n<li>T\u1ed1c \u0110\u1ed9 D\u1eadp M\u1eabu: 08 l\u1ea7n\/gi\u00e2y<\/li>\n<li>C\u1ea3m Bi\u1ebfn R\u00f2 R\u1ec9 Ch\u1ea5t L\u1ecfng<\/li>\n<li>\u0110\u1ed9ng C\u01a1 Xu\u1ea5t X\u1ee9 Anh B\u1ec1n B\u1ec9<\/li>\n<li>\u0110i\u1ec1u Khi\u1ec3n K\u1ef9 Thu\u1eadt S\u1ed1 PID V\u1edbi M\u00e0n H\u00ecnh C\u1ea3m \u1ee8ng<\/li>\n<li>B\u1ea3o h\u00e0nh 03 n\u0103m<\/li>\n<\/ul>\n","protected":false},"featured_media":1721,"template":"","meta":[],"product_cat":[55],"product_tag":[161],"class_list":["post-652","product","type-product","status-publish","has-post-thumbnail","hentry","product_cat-may-dap-mau-vi-sinh","product_tag-may-dap-mau-vi-sinh"],"_links":{"self":[{"href":"https:\/\/labone.vn\/kinglab\/wp-json\/wp\/v2\/product\/652","targetHints":{"allow":["GET"]}}],"collection":[{"href":"https:\/\/labone.vn\/kinglab\/wp-json\/wp\/v2\/product"}],"about":[{"href":"https:\/\/labone.vn\/kinglab\/wp-json\/wp\/v2\/types\/product"}],"wp:featuredmedia":[{"embeddable":true,"href":"https:\/\/labone.vn\/kinglab\/wp-json\/wp\/v2\/media\/1721"}],"wp:attachment":[{"href":"https:\/\/labone.vn\/kinglab\/wp-json\/wp\/v2\/media?parent=652"}],"wp:term":[{"taxonomy":"product_cat","embeddable":true,"href":"https:\/\/labone.vn\/kinglab\/wp-json\/wp\/v2\/product_cat?post=652"},{"taxonomy":"product_tag","embeddable":true,"href":"https:\/\/labone.vn\/kinglab\/wp-json\/wp\/v2\/product_tag?post=652"}],"curies":[{"name":"wp","href":"https:\/\/api.w.org\/{rel}","templated":true}]}}