{"id":2,"date":"2022-07-13T04:09:10","date_gmt":"2022-07-13T04:09:10","guid":{"rendered":"http:\/\/labone.vn\/labone\/tecra\/?page_id=2"},"modified":"2023-08-03T07:41:14","modified_gmt":"2023-08-03T07:41:14","slug":"trang-chu","status":"publish","type":"page","link":"https:\/\/labone.vn\/labcollect\/","title":{"rendered":"Trang ch\u1ee7"},"content":{"rendered":"\n  <div class=\"banner has-hover has-video\" id=\"banner-1293164396\">\n          <div class=\"banner-inner fill\">\n        <div class=\"banner-bg fill\" >\n            <div class=\"bg fill bg-fill \"><\/div>\n            \t<div class=\"video-overlay no-click fill visible\"><\/div>\n\t<video class=\"video-bg fill visible\" preload playsinline autoplay\n\t\tmuted\t\tloop>\n\t\t<source src=\"http:\/\/labone.vn\/labcollect\/wp-content\/uploads\/2023\/04\/LB_LABCOLLECT-BANNER-WEB_VIE.mp4\" type=\"video\/mp4\">\t<\/video>\n                        \n                    <\/div>\n        <div class=\"banner-layers container\">\n            <div class=\"fill banner-link\"><\/div>            \n   <div id=\"text-box-1469271440\" class=\"text-box banner-layer x50 md-x50 lg-x50 y50 md-y50 lg-y50 res-text\">\n                                <div class=\"text-box-content text dark\">\n              \n              <div class=\"text-inner text-center\">\n                  \n              <\/div>\n           <\/div>\n                            \n<style>\n#text-box-1469271440 {\n  width: 60%;\n}\n#text-box-1469271440 .text-box-content {\n  font-size: 100%;\n}\n<\/style>\n    <\/div>\n \n        <\/div>\n      <\/div>\n\n            \n<style>\n#banner-1293164396 {\n  padding-top: 50%;\n}\n@media (min-width:550px) {\n  #banner-1293164396 {\n    padding-top: 30%;\n  }\n}\n<\/style>\n  <\/div>\n\n\n\t<section class=\"section\" id=\"section_1664663609\">\n\t\t<div class=\"bg section-bg fill bg-fill  bg-loaded\" >\n\n\t\t\t\n\t\t\t\n\t\t\t\n\n\t\t<\/div>\n\n\t\t<div class=\"section-content relative\">\n\t\t\t\n<div class=\"row\"  id=\"row-939507385\">\n\n\t<div id=\"col-819598029\" class=\"col small-12 large-12\"  >\n\t\t\t\t<div class=\"col-inner\"  >\n\t\t\t\n\t\t\t\n<div class=\"container section-title-container\" ><h3 class=\"section-title section-title-center\"><b><\/b><span class=\"section-title-main\" style=\"color:rgb(0, 168, 89);\">danh m\u1ee5c s\u1ea3n ph\u1ea9m<\/span><b><\/b><\/h3><\/div>\n\t\t<\/div>\n\t\t\t\t\n<style>\n#col-819598029 > .col-inner {\n  margin: 0px 0px -50px 0px;\n}\n<\/style>\n\t<\/div>\n\n\t\n\n\t<div id=\"col-1759407331\" class=\"col medium-4 small-12 large-4\"  >\n\t\t\t\t<div class=\"col-inner\"  >\n\t\t\t\n\t\t\t\n\t<div class=\"box has-hover   has-hover box-text-bottom\" >\n\n\t\t<div class=\"box-image\" style=\"width:80%;\">\n\t\t\t<a href=\"https:\/\/labone.vn\/labcollect\/danh-muc-san-pham\/ong-lay-mau-chan-khong\/\"  >\t\t\t<div class=\"image-zoom-fade\" >\n\t\t\t\t<img loading=\"lazy\" decoding=\"async\" width=\"3751\" height=\"3750\" src=\"https:\/\/labone.vn\/labcollect\/wp-content\/uploads\/2023\/04\/Untitled-3-02.png\" class=\"attachment-original size-original\" alt=\"\" srcset=\"https:\/\/labone.vn\/labcollect\/wp-content\/uploads\/2023\/04\/Untitled-3-02.png 3751w, https:\/\/labone.vn\/labcollect\/wp-content\/uploads\/2023\/04\/Untitled-3-02-300x300.png 300w, https:\/\/labone.vn\/labcollect\/wp-content\/uploads\/2023\/04\/Untitled-3-02-100x100.png 100w, https:\/\/labone.vn\/labcollect\/wp-content\/uploads\/2023\/04\/Untitled-3-02-200x200.png 200w, https:\/\/labone.vn\/labcollect\/wp-content\/uploads\/2023\/04\/Untitled-3-02-1000x1000.png 1000w, https:\/\/labone.vn\/labcollect\/wp-content\/uploads\/2023\/04\/Untitled-3-02-2000x2000.png 2000w, https:\/\/labone.vn\/labcollect\/wp-content\/uploads\/2023\/04\/Untitled-3-02-500x500.png 500w, https:\/\/labone.vn\/labcollect\/wp-content\/uploads\/2023\/04\/Untitled-3-02-768x768.png 768w, https:\/\/labone.vn\/labcollect\/wp-content\/uploads\/2023\/04\/Untitled-3-02-1536x1536.png 1536w, https:\/\/labone.vn\/labcollect\/wp-content\/uploads\/2023\/04\/Untitled-3-02-2048x2048.png 2048w\" sizes=\"auto, (max-width: 3751px) 100vw, 3751px\" \/>\t\t\t\t\t\t\t\t\t\t\t<\/div>\n\t\t\t<\/a>\t\t<\/div>\n\n\t\t<div class=\"box-text text-center\" >\n\t\t\t<div class=\"box-text-inner\">\n\t\t\t\t\n<h4><a href=\"https:\/\/labone.vn\/labcollect\/danh-muc-san-pham\/ong-lay-mau-chan-khong\/\"><span style=\"color: #00a859;\"><strong>\u1ed0NG L\u1ea4Y M\u00c1U CH\u00c2N KH\u00d4NG<\/strong><\/span><\/a><\/h4>\n\t\t\t<\/div>\n\t\t<\/div>\n\t<\/div>\n\t\n\t\t<\/div>\n\t\t\t\t\t<\/div>\n\n\t\n\n\t<div id=\"col-2112701526\" class=\"col medium-4 small-12 large-4\"  >\n\t\t\t\t<div class=\"col-inner\"  >\n\t\t\t\n\t\t\t\n\t<div class=\"box has-hover   has-hover box-text-bottom\" >\n\n\t\t<div class=\"box-image\" style=\"width:80%;\">\n\t\t\t<a href=\"https:\/\/labone.vn\/labcollect\/danh-muc-san-pham\/ong-lay-mau-khong-chan-khong\/\"  >\t\t\t<div class=\"image-zoom-fade\" >\n\t\t\t\t<img loading=\"lazy\" decoding=\"async\" width=\"3751\" height=\"3750\" src=\"https:\/\/labone.vn\/labcollect\/wp-content\/uploads\/2023\/04\/Untitled-3-03.png\" class=\"attachment-original size-original\" alt=\"\" srcset=\"https:\/\/labone.vn\/labcollect\/wp-content\/uploads\/2023\/04\/Untitled-3-03.png 3751w, https:\/\/labone.vn\/labcollect\/wp-content\/uploads\/2023\/04\/Untitled-3-03-300x300.png 300w, https:\/\/labone.vn\/labcollect\/wp-content\/uploads\/2023\/04\/Untitled-3-03-100x100.png 100w, https:\/\/labone.vn\/labcollect\/wp-content\/uploads\/2023\/04\/Untitled-3-03-200x200.png 200w, https:\/\/labone.vn\/labcollect\/wp-content\/uploads\/2023\/04\/Untitled-3-03-1000x1000.png 1000w, https:\/\/labone.vn\/labcollect\/wp-content\/uploads\/2023\/04\/Untitled-3-03-2000x2000.png 2000w, https:\/\/labone.vn\/labcollect\/wp-content\/uploads\/2023\/04\/Untitled-3-03-500x500.png 500w, https:\/\/labone.vn\/labcollect\/wp-content\/uploads\/2023\/04\/Untitled-3-03-768x768.png 768w, https:\/\/labone.vn\/labcollect\/wp-content\/uploads\/2023\/04\/Untitled-3-03-1536x1536.png 1536w, https:\/\/labone.vn\/labcollect\/wp-content\/uploads\/2023\/04\/Untitled-3-03-2048x2048.png 2048w\" sizes=\"auto, (max-width: 3751px) 100vw, 3751px\" \/>\t\t\t\t\t\t\t\t\t\t\t<\/div>\n\t\t\t<\/a>\t\t<\/div>\n\n\t\t<div class=\"box-text text-center\" >\n\t\t\t<div class=\"box-text-inner\">\n\t\t\t\t\n<h4><a href=\"https:\/\/labone.vn\/labcollect\/danh-muc-san-pham\/ong-lay-mau-khong-chan-khong\/\"><span style=\"color: #339966;\">\u1ed0NG L\u1ea4Y M\u00c1U KH\u00d4NG CH\u00c2N KH\u00d4NG<\/span><\/a><\/h4>\n\t\t\t<\/div>\n\t\t<\/div>\n\t<\/div>\n\t\n\t\t<\/div>\n\t\t\t\t\t<\/div>\n\n\t\n\n\t<div id=\"col-1948262037\" class=\"col medium-4 small-12 large-4\"  >\n\t\t\t\t<div class=\"col-inner\"  >\n\t\t\t\n\t\t\t\n\t<div class=\"box has-hover   has-hover box-text-bottom\" >\n\n\t\t<div class=\"box-image\" style=\"width:80%;\">\n\t\t\t<a href=\"https:\/\/labone.vn\/labcollect\/danh-muc-san-pham\/kiem-soat-moi-truong\/\"  >\t\t\t<div class=\"image-zoom-fade\" >\n\t\t\t\t<img loading=\"lazy\" decoding=\"async\" width=\"3750\" height=\"3750\" src=\"https:\/\/labone.vn\/labcollect\/wp-content\/uploads\/2023\/04\/Untitled-3-01.png\" class=\"attachment-original size-original\" alt=\"\" srcset=\"https:\/\/labone.vn\/labcollect\/wp-content\/uploads\/2023\/04\/Untitled-3-01.png 3750w, https:\/\/labone.vn\/labcollect\/wp-content\/uploads\/2023\/04\/Untitled-3-01-300x300.png 300w, https:\/\/labone.vn\/labcollect\/wp-content\/uploads\/2023\/04\/Untitled-3-01-100x100.png 100w, https:\/\/labone.vn\/labcollect\/wp-content\/uploads\/2023\/04\/Untitled-3-01-200x200.png 200w, https:\/\/labone.vn\/labcollect\/wp-content\/uploads\/2023\/04\/Untitled-3-01-1000x1000.png 1000w, https:\/\/labone.vn\/labcollect\/wp-content\/uploads\/2023\/04\/Untitled-3-01-2000x2000.png 2000w, https:\/\/labone.vn\/labcollect\/wp-content\/uploads\/2023\/04\/Untitled-3-01-500x500.png 500w, https:\/\/labone.vn\/labcollect\/wp-content\/uploads\/2023\/04\/Untitled-3-01-768x768.png 768w, https:\/\/labone.vn\/labcollect\/wp-content\/uploads\/2023\/04\/Untitled-3-01-1536x1536.png 1536w, https:\/\/labone.vn\/labcollect\/wp-content\/uploads\/2023\/04\/Untitled-3-01-2048x2048.png 2048w\" sizes=\"auto, (max-width: 3750px) 100vw, 3750px\" \/>\t\t\t\t\t\t\t\t\t\t\t<\/div>\n\t\t\t<\/a>\t\t<\/div>\n\n\t\t<div class=\"box-text text-center\" >\n\t\t\t<div class=\"box-text-inner\">\n\t\t\t\t\n<h4><span style=\"color: #339966;\"><a style=\"color: #339966;\" href=\"https:\/\/labone.vn\/labcollect\/danh-muc-san-pham\/kiem-soat-moi-truong\/\">KI\u1ec2M SO\u00c1T M\u00d4I TR\u01af\u1edcNG<\/a><\/span><\/h4>\n\t\t\t<\/div>\n\t\t<\/div>\n\t<\/div>\n\t\n\t\t<\/div>\n\t\t\t\t\t<\/div>\n\n\t\n\n<style>\n#row-939507385 > .col > .col-inner {\n  padding: 30px 0px 0px 0px;\n}\n<\/style>\n<\/div>\n\t\t<\/div>\n\n\t\t\n<style>\n#section_1664663609 {\n  padding-top: 0px;\n  padding-bottom: 0px;\n}\n<\/style>\n\t<\/section>\n\t\n\t<section class=\"section\" id=\"section_458938620\">\n\t\t<div class=\"bg section-bg fill bg-fill  bg-loaded\" >\n\n\t\t\t\n\t\t\t\n\t\t\t\n\n\t\t<\/div>\n\n\t\t<div class=\"section-content relative\">\n\t\t\t\n<div class=\"row\"  id=\"row-817282523\">\n\n\t<div id=\"col-1259177872\" class=\"col medium-6 small-12 large-6\"  >\n\t\t\t\t<div class=\"col-inner\"  >\n\t\t\t\n\t\t\t\n<h2><strong><span style=\"color: #009444;\">LabCollect<\/span><\/strong> | N\u0103ng L\u1ef1c S\u1ea3n Xu\u1ea5t<\/h2>\n<div class=\"is-divider divider clearfix\" ><\/div>\n<p>LabCollect s\u1eed d\u1ee5ng c\u00e1c thi\u1ebft b\u1ecb s\u1ea3n xu\u1ea5t hi\u1ec7n \u0111\u1ea1i v\u00e0 quy tr\u00ecnh ki\u1ec3m so\u00e1t ch\u1ea5t l\u01b0\u1ee3ng nghi\u00eam ng\u1eb7t \u0111\u1ec3 \u0111\u1ea3m b\u1ea3o ch\u1ea5t l\u01b0\u1ee3ng s\u1ea3n ph\u1ea9m. C\u00e1c s\u1ea3n ph\u1ea9m c\u1ee7a LabCollect \u0111\u01b0\u1ee3c s\u1ea3n xu\u1ea5t b\u1eb1ng c\u00e1c quy tr\u00ecnh t\u1ef1 \u0111\u1ed9ng, gi\u1ea3m thi\u1ec3u s\u1ef1 can thi\u1ec7p c\u1ee7a con ng\u01b0\u1eddi trong qu\u00e1 tr\u00ecnh s\u1ea3n xu\u1ea5t, gi\u1ea3m thi\u1ec3u nguy c\u01a1 sai s\u00f3t v\u00e0 \u0111\u1ea3m b\u1ea3o t\u00ednh nh\u1ea5t qu\u00e1n trong s\u1ea3n ph\u1ea9m.<\/p>\n<a href=\"https:\/\/www.youtube.com\/channel\/UCM_SW042b4vbl8enIC2n8Ww\" target=\"_self\" class=\"button alert is-outline\" style=\"border-radius:99px;\" rel=\"noopener\">\n    <span>Youtube  \ud83d\udd3a<\/span>\n  <\/a>\n\n\t\t<\/div>\n\t\t\t\t\n<style>\n#col-1259177872 > .col-inner {\n  margin: 0px 0px 0 0px;\n}\n<\/style>\n\t<\/div>\n\n\t\n\n\t<div id=\"col-1225471057\" class=\"col medium-6 small-12 large-6\"  >\n\t\t\t\t<div class=\"col-inner\"  >\n\t\t\t\n\t\t\t\n<div class=\"video video-fit mb\" style=\"padding-top:56.25%;\"><p><iframe loading=\"lazy\" title=\"LABone s\u1ea3n xu\u1ea5t \u1ed1ng l\u1ea5y m\u00e1u ch\u00e2n kh\u00f4ng LabCollect\" width=\"1020\" height=\"574\" src=\"https:\/\/www.youtube.com\/embed\/wiAt9SYW-CU?feature=oembed\" frameborder=\"0\" allow=\"accelerometer; autoplay; clipboard-write; encrypted-media; gyroscope; picture-in-picture; web-share\" allowfullscreen><\/iframe><\/p>\n<\/div>\n\t\t<\/div>\n\t\t\t\t\n<style>\n#col-1225471057 > .col-inner {\n  margin: 0px 0px 0 0px;\n}\n<\/style>\n\t<\/div>\n\n\t\n\n<style>\n#row-817282523 > .col > .col-inner {\n  padding: 30px 0px 0px 0px;\n}\n<\/style>\n<\/div>\n\t\t<\/div>\n\n\t\t\n<style>\n#section_458938620 {\n  padding-top: 0px;\n  padding-bottom: 0px;\n  background-color: rgba(0, 148, 68, 0.105);\n}\n<\/style>\n\t<\/section>\n\t\n\t<section class=\"section\" id=\"section_1509455439\">\n\t\t<div class=\"bg section-bg fill bg-fill  bg-loaded\" >\n\n\t\t\t\n\t\t\t\n\t\t\t\n\n\t\t<\/div>\n\n\t\t<div class=\"section-content relative\">\n\t\t\t\n\t\t<\/div>\n\n\t\t\n<style>\n#section_1509455439 {\n  padding-top: 15px;\n  padding-bottom: 15px;\n}\n<\/style>\n\t<\/section>\n\t\n","protected":false},"excerpt":{"rendered":"","protected":false},"author":1,"featured_media":0,"parent":0,"menu_order":0,"comment_status":"closed","ping_status":"closed","template":"page-blank.php","meta":{"footnotes":""},"class_list":["post-2","page","type-page","status-publish","hentry"],"_links":{"self":[{"href":"https:\/\/labone.vn\/labcollect\/wp-json\/wp\/v2\/pages\/2","targetHints":{"allow":["GET"]}}],"collection":[{"href":"https:\/\/labone.vn\/labcollect\/wp-json\/wp\/v2\/pages"}],"about":[{"href":"https:\/\/labone.vn\/labcollect\/wp-json\/wp\/v2\/types\/page"}],"author":[{"embeddable":true,"href":"https:\/\/labone.vn\/labcollect\/wp-json\/wp\/v2\/users\/1"}],"replies":[{"embeddable":true,"href":"https:\/\/labone.vn\/labcollect\/wp-json\/wp\/v2\/comments?post=2"}],"version-history":[{"count":105,"href":"https:\/\/labone.vn\/labcollect\/wp-json\/wp\/v2\/pages\/2\/revisions"}],"predecessor-version":[{"id":962,"href":"https:\/\/labone.vn\/labcollect\/wp-json\/wp\/v2\/pages\/2\/revisions\/962"}],"wp:attachment":[{"href":"https:\/\/labone.vn\/labcollect\/wp-json\/wp\/v2\/media?parent=2"}],"curies":[{"name":"wp","href":"https:\/\/api.w.org\/{rel}","templated":true}]}}