{"id":24,"date":"2022-07-13T04:32:22","date_gmt":"2022-07-13T04:32:22","guid":{"rendered":"http:\/\/labone.vn\/labone\/tecra\/?page_id=24"},"modified":"2023-08-03T07:32:54","modified_gmt":"2023-08-03T07:32:54","slug":"san-pham","status":"publish","type":"page","link":"https:\/\/labone.vn\/labcollect\/san-pham\/","title":{"rendered":"S\u1ea3n ph\u1ea9m"},"content":{"rendered":"\t<section class=\"section\" id=\"section_545893176\">\n\t\t<div class=\"bg section-bg fill bg-fill  bg-loaded\" >\n\n\t\t\t\n\t\t\t\n\t\t\t\n\n\t\t<\/div>\n\n\t\t<div class=\"section-content relative\">\n\t\t\t\n<div class=\"row row-content-dmsp-labcollect-vi\"  id=\"row-179681881\">\n\n\t<div id=\"col-1979752458\" class=\"col small-12 large-12\"  >\n\t\t\t\t<div class=\"col-inner\"  >\n\t\t\t\n\t\t\t\n<div class=\"container section-title-container\" ><h3 class=\"section-title section-title-center\"><b><\/b><span class=\"section-title-main\" style=\"color:rgb(0, 168, 89);\">Danh m\u1ee5c s\u1ea3n ph\u1ea9m<\/span><b><\/b><\/h3><\/div>\n\t\t<\/div>\n\t\t\t\t\n<style>\n#col-1979752458 > .col-inner {\n  margin: 30px 0px -30px 0px;\n}\n<\/style>\n\t<\/div>\n\n\t\n\n\t<div id=\"col-807002456\" class=\"col medium-4 small-12 large-4\"  >\n\t\t\t\t<div class=\"col-inner box-shadow-1 box-shadow-3-hover\"  >\n\t\t\t\n\t\t\t\n\t<div class=\"box has-hover   has-hover box-text-bottom\" >\n\n\t\t<div class=\"box-image\" style=\"border-radius:5%;\">\n\t\t\t<a href=\"https:\/\/labone.vn\/labcollect\/danh-muc-san-pham\/ong-lay-mau-chan-khong\/\"  >\t\t\t<div class=\"\" >\n\t\t\t\t<img loading=\"lazy\" decoding=\"async\" width=\"500\" height=\"300\" src=\"https:\/\/labone.vn\/labcollect\/wp-content\/uploads\/2023\/04\/ong-mau-chan-khong-labcollect-labone-1.jpg\" class=\"attachment- size-\" alt=\"\" srcset=\"https:\/\/labone.vn\/labcollect\/wp-content\/uploads\/2023\/04\/ong-mau-chan-khong-labcollect-labone-1.jpg 500w, https:\/\/labone.vn\/labcollect\/wp-content\/uploads\/2023\/04\/ong-mau-chan-khong-labcollect-labone-1-200x120.jpg 200w\" sizes=\"auto, (max-width: 500px) 100vw, 500px\" \/>\t\t\t\t\t\t\t\t\t\t\t<\/div>\n\t\t\t<\/a>\t\t<\/div>\n\n\t\t<div class=\"box-text text-center\" >\n\t\t\t<div class=\"box-text-inner\">\n\t\t\t\t\n\t<div id=\"text-3168707939\" class=\"text\">\n\t\t\n<h4><strong><a href=\"https:\/\/labone.vn\/labcollect\/danh-muc-san-pham\/ong-lay-mau-chan-khong\/\">\u1ed0NG L\u1ea4Y M\u00c1U CH\u00c2N KH\u00d4NG<\/a><\/strong><\/h4>\n\t\t\n<style>\n#text-3168707939 {\n  line-height: 0.75;\n}\n<\/style>\n\t<\/div>\n\t\n\t\t\t<\/div>\n\t\t<\/div>\n\t<\/div>\n\t\n\t\t<\/div>\n\t\t\t\t\n<style>\n#col-807002456 > .col-inner {\n  margin: 0px 0px 0 0px;\n  border-radius: 20px;\n}\n<\/style>\n\t<\/div>\n\n\t\n\n\t<div id=\"col-1914340272\" class=\"col medium-4 small-12 large-4\"  >\n\t\t\t\t<div class=\"col-inner box-shadow-1 box-shadow-3-hover\"  >\n\t\t\t\n\t\t\t\n\t<div class=\"box has-hover   has-hover box-text-bottom\" >\n\n\t\t<div class=\"box-image\" style=\"border-radius:5%;\">\n\t\t\t<a href=\"https:\/\/labone.vn\/labcollect\/danh-muc-san-pham\/ong-lay-mau-khong-chan-khong\/\"  >\t\t\t<div class=\"\" >\n\t\t\t\t<img loading=\"lazy\" decoding=\"async\" width=\"500\" height=\"300\" src=\"https:\/\/labone.vn\/labcollect\/wp-content\/uploads\/2023\/04\/ong-mau-khong-chan-khong-labcollect-labone.jpg\" class=\"attachment- size-\" alt=\"\" srcset=\"https:\/\/labone.vn\/labcollect\/wp-content\/uploads\/2023\/04\/ong-mau-khong-chan-khong-labcollect-labone.jpg 500w, https:\/\/labone.vn\/labcollect\/wp-content\/uploads\/2023\/04\/ong-mau-khong-chan-khong-labcollect-labone-200x120.jpg 200w\" sizes=\"auto, (max-width: 500px) 100vw, 500px\" \/>\t\t\t\t\t\t\t\t\t\t\t<\/div>\n\t\t\t<\/a>\t\t<\/div>\n\n\t\t<div class=\"box-text text-center\" >\n\t\t\t<div class=\"box-text-inner\">\n\t\t\t\t\n\t<div id=\"text-877530894\" class=\"text\">\n\t\t\n<h4><strong><a href=\"https:\/\/labone.vn\/labcollect\/danh-muc-san-pham\/ong-lay-mau-khong-chan-khong\/\">\u1ed0NG L\u1ea4Y M\u00c1U KH\u00d4NG CH\u00c2N KH\u00d4NG<\/a><\/strong><\/h4>\n\t\t\n<style>\n#text-877530894 {\n  line-height: 0.75;\n}\n<\/style>\n\t<\/div>\n\t\n\t\t\t<\/div>\n\t\t<\/div>\n\t<\/div>\n\t\n\t\t<\/div>\n\t\t\t\t\n<style>\n#col-1914340272 > .col-inner {\n  margin: 0px 0px 0px 0;\n  border-radius: 20px;\n}\n<\/style>\n\t<\/div>\n\n\t\n\n\t<div id=\"col-201520804\" class=\"col medium-4 small-12 large-4\"  >\n\t\t\t\t<div class=\"col-inner box-shadow-1 box-shadow-3-hover\"  >\n\t\t\t\n\t\t\t\n\t<div class=\"box has-hover   has-hover box-text-bottom\" >\n\n\t\t<div class=\"box-image\" style=\"border-radius:5%;\">\n\t\t\t<a href=\"https:\/\/labone.vn\/labcollect\/danh-muc-san-pham\/kiem-soat-moi-truong\/\"  >\t\t\t<div class=\"\" >\n\t\t\t\t<img loading=\"lazy\" decoding=\"async\" width=\"500\" height=\"300\" src=\"https:\/\/labone.vn\/labcollect\/wp-content\/uploads\/2023\/04\/SwabCollect.jpg\" class=\"attachment- size-\" alt=\"\" srcset=\"https:\/\/labone.vn\/labcollect\/wp-content\/uploads\/2023\/04\/SwabCollect.jpg 500w, https:\/\/labone.vn\/labcollect\/wp-content\/uploads\/2023\/04\/SwabCollect-200x120.jpg 200w\" sizes=\"auto, (max-width: 500px) 100vw, 500px\" \/>\t\t\t\t\t\t\t\t\t\t\t<\/div>\n\t\t\t<\/a>\t\t<\/div>\n\n\t\t<div class=\"box-text text-center\" >\n\t\t\t<div class=\"box-text-inner\">\n\t\t\t\t\n\t<div id=\"text-1273815928\" class=\"text\">\n\t\t\n<h4><strong><a href=\"https:\/\/labone.vn\/labcollect\/danh-muc-san-pham\/kiem-soat-moi-truong\/\">KI\u1ec2M SO\u00c1T M\u00d4I TR\u01af\u1edcNG<\/a><\/strong><\/h4>\n\t\t\n<style>\n#text-1273815928 {\n  line-height: 0.75;\n}\n<\/style>\n\t<\/div>\n\t\n\t\t\t<\/div>\n\t\t<\/div>\n\t<\/div>\n\t\n\t\t<\/div>\n\t\t\t\t\n<style>\n#col-201520804 > .col-inner {\n  margin: 0px 0px 0 0px;\n  border-radius: 20px;\n}\n<\/style>\n\t<\/div>\n\n\t\n\n<style>\n#row-179681881 > .col > .col-inner {\n  padding: 0px 0px 0px 0px;\n}\n<\/style>\n<\/div>\n\t\t<\/div>\n\n\t\t\n<style>\n#section_545893176 {\n  padding-top: 0px;\n  padding-bottom: 0px;\n}\n<\/style>\n\t<\/section>\n\t\n","protected":false},"excerpt":{"rendered":"","protected":false},"author":1,"featured_media":0,"parent":0,"menu_order":0,"comment_status":"closed","ping_status":"closed","template":"page-blank.php","meta":{"footnotes":""},"class_list":["post-24","page","type-page","status-publish","hentry"],"_links":{"self":[{"href":"https:\/\/labone.vn\/labcollect\/wp-json\/wp\/v2\/pages\/24","targetHints":{"allow":["GET"]}}],"collection":[{"href":"https:\/\/labone.vn\/labcollect\/wp-json\/wp\/v2\/pages"}],"about":[{"href":"https:\/\/labone.vn\/labcollect\/wp-json\/wp\/v2\/types\/page"}],"author":[{"embeddable":true,"href":"https:\/\/labone.vn\/labcollect\/wp-json\/wp\/v2\/users\/1"}],"replies":[{"embeddable":true,"href":"https:\/\/labone.vn\/labcollect\/wp-json\/wp\/v2\/comments?post=24"}],"version-history":[{"count":43,"href":"https:\/\/labone.vn\/labcollect\/wp-json\/wp\/v2\/pages\/24\/revisions"}],"predecessor-version":[{"id":831,"href":"https:\/\/labone.vn\/labcollect\/wp-json\/wp\/v2\/pages\/24\/revisions\/831"}],"wp:attachment":[{"href":"https:\/\/labone.vn\/labcollect\/wp-json\/wp\/v2\/media?parent=24"}],"curies":[{"name":"wp","href":"https:\/\/api.w.org\/{rel}","templated":true}]}}