{"id":626,"date":"2023-05-04T09:03:23","date_gmt":"2023-05-04T09:03:23","guid":{"rendered":"https:\/\/labone.vn\/labcollect\/?post_type=product&#038;p=626"},"modified":"2024-08-13T03:23:26","modified_gmt":"2024-08-13T03:23:26","slug":"ong-lay-mau-edta-k2","status":"publish","type":"product","link":"https:\/\/labone.vn\/labcollect\/san-pham\/ong-lay-mau-edta-k2\/","title":{"rendered":"\u1ed0ng l\u1ea5y m\u00e1u EDTA K2"},"content":{"rendered":"<table width=\"725\">\n<tbody>\n<tr>\n<td colspan=\"4\" width=\"725\"><span style=\"color: #3366ff;\"><strong>\u1ed0ng nghi\u1ec7m l\u1ea5y m\u00e1u EDTA K2<\/strong><\/span><\/td>\n<\/tr>\n<tr>\n<td width=\"367\"><span style=\"color: #3366ff;\"><strong>T\u00ean s\u1ea3n ph\u1ea9m\u00a0<\/strong><\/span><\/td>\n<td><span style=\"color: #3366ff;\"><strong>M\u00e3 h\u00e0ng<\/strong><\/span><\/td>\n<td><span style=\"color: #3366ff;\"><strong>K\u00edch th\u01b0\u1edbc (mm)<\/strong><\/span><\/td>\n<td style=\"text-align: left;\"><span style=\"color: #3366ff;\"><strong>M\u00e0u s\u1eafc<\/strong><\/span><\/td>\n<\/tr>\n<tr>\n<td width=\"367\">\u1ed0ng nghi\u1ec7m l\u1ea5y m\u00e1u EDTA K2 2mL<\/td>\n<td>2010200<\/td>\n<td>13 x 75 mm<\/td>\n<td width=\"106\"><img loading=\"lazy\" decoding=\"async\" class=\"wp-image-1811 alignleft\" src=\"http:\/\/labone.vn\/wp-content\/uploads\/2023\/03\/mau-nap-xanh.jpg\" alt=\"\" width=\"50\" height=\"50\" \/><\/td>\n<\/tr>\n<tr>\n<td width=\"367\">\u1ed0ng nghi\u1ec7m l\u1ea5y m\u00e1u EDTA K2 3mL<\/td>\n<td>2010300<\/td>\n<td>13 x 75 mm<\/td>\n<td width=\"106\"><img loading=\"lazy\" decoding=\"async\" class=\"wp-image-1811 alignleft\" src=\"http:\/\/labone.vn\/wp-content\/uploads\/2023\/03\/mau-nap-xanh.jpg\" alt=\"\" width=\"50\" height=\"50\" \/><\/td>\n<\/tr>\n<tr>\n<td width=\"367\">\u1ed0ng nghi\u1ec7m l\u1ea5y m\u00e1u EDTA K2 4mL<\/td>\n<td>2010400<\/td>\n<td>13 x 75 mm<\/td>\n<td width=\"106\"><img loading=\"lazy\" decoding=\"async\" class=\"wp-image-1811 alignleft\" src=\"http:\/\/labone.vn\/wp-content\/uploads\/2023\/03\/mau-nap-xanh.jpg\" alt=\"\" width=\"50\" height=\"50\" \/><\/td>\n<\/tr>\n<\/tbody>\n<\/table>\n","protected":false},"excerpt":{"rendered":"<ul>\n<li>Dung d\u1ecbch ch\u1ea5t ch\u1ed1ng \u0111\u00f4ng: EDTA K2 d\u1ea1ng phun s\u01b0\u01a1ng tr\u00ean th\u00e0nh \u1ed1ng.<\/li>\n<li>Th\u1ec3 t\u00edch l\u1ea5y m\u1eabu : 2mL, 3mL, 4mL.<\/li>\n<li>K\u00edch th\u01b0\u1edbc: 13x75mm.<\/li>\n<li>\u0110\u00f3ng g\u00f3i: 100 \u1ed1ng\/ khay, 2400 \u1ed1ng\/ th\u00f9ng.<\/li>\n<\/ul>\n","protected":false},"featured_media":627,"template":"","meta":[],"product_cat":[29],"product_tag":[],"class_list":["post-626","product","type-product","status-publish","has-post-thumbnail","hentry","product_cat-ong-lay-mau-khong-chan-khong"],"_links":{"self":[{"href":"https:\/\/labone.vn\/labcollect\/wp-json\/wp\/v2\/product\/626","targetHints":{"allow":["GET"]}}],"collection":[{"href":"https:\/\/labone.vn\/labcollect\/wp-json\/wp\/v2\/product"}],"about":[{"href":"https:\/\/labone.vn\/labcollect\/wp-json\/wp\/v2\/types\/product"}],"wp:featuredmedia":[{"embeddable":true,"href":"https:\/\/labone.vn\/labcollect\/wp-json\/wp\/v2\/media\/627"}],"wp:attachment":[{"href":"https:\/\/labone.vn\/labcollect\/wp-json\/wp\/v2\/media?parent=626"}],"wp:term":[{"taxonomy":"product_cat","embeddable":true,"href":"https:\/\/labone.vn\/labcollect\/wp-json\/wp\/v2\/product_cat?post=626"},{"taxonomy":"product_tag","embeddable":true,"href":"https:\/\/labone.vn\/labcollect\/wp-json\/wp\/v2\/product_tag?post=626"}],"curies":[{"name":"wp","href":"https:\/\/api.w.org\/{rel}","templated":true}]}}