{"id":2,"date":"2022-07-13T04:09:10","date_gmt":"2022-07-13T04:09:10","guid":{"rendered":"http:\/\/labone.vn\/labone\/tecra\/?page_id=2"},"modified":"2023-07-26T07:36:23","modified_gmt":"2023-07-26T07:36:23","slug":"trang-chu","status":"publish","type":"page","link":"https:\/\/labone.vn\/tecra\/","title":{"rendered":"Trang ch\u1ee7"},"content":{"rendered":"\n<div class=\"row row-collapse row-full-width\"  id=\"row-1397955289\">\n\n\t<div id=\"col-770927046\" class=\"col small-12 large-12\"  >\n\t\t\t\t<div class=\"col-inner\"  >\n\t\t\t\n\t\t\t\n\n  <div class=\"banner has-hover has-video\" id=\"banner-290489346\">\n          <div class=\"banner-inner fill\">\n        <div class=\"banner-bg fill\" >\n            <div class=\"bg fill bg-fill \"><\/div>\n            \t<div class=\"video-overlay no-click fill visible\"><\/div>\n\t<video class=\"video-bg fill visible\" preload playsinline autoplay\n\t\tmuted\t\tloop>\n\t\t<source src=\"http:\/\/labone.vn\/tecra\/wp-content\/uploads\/2023\/05\/LB_BANNER-WEB-TECRA_final.mp4\" type=\"video\/mp4\">\t<\/video>\n                        \n                    <\/div>\n        <div class=\"banner-layers container\">\n            <div class=\"fill banner-link\"><\/div>            \n        <\/div>\n      <\/div>\n\n            \n<style>\n#banner-290489346 {\n  padding-top: 50%;\n}\n@media (min-width:550px) {\n  #banner-290489346 {\n    padding-top: 35%;\n  }\n}\n<\/style>\n  <\/div>\n\n\n\t\t<\/div>\n\t\t\t\t\t<\/div>\n\n\t\n<\/div>\n\t<section class=\"section\" id=\"section_979662379\">\n\t\t<div class=\"bg section-bg fill bg-fill  bg-loaded\" >\n\n\t\t\t\n\t\t\t\n\t\t\t\n\n\t\t<\/div>\n\n\t\t<div class=\"section-content relative\">\n\t\t\t\n<div class=\"row\"  id=\"row-1726191677\">\n\n\t<div id=\"col-1744748720\" class=\"col small-12 large-12\"  >\n\t\t\t\t<div class=\"col-inner\"  >\n\t\t\t\n\t\t\t\n<div class=\"container section-title-container\" ><h2 class=\"section-title section-title-center\"><b><\/b><span class=\"section-title-main\" style=\"color:rgb(82, 147, 204);\">danh m\u1ee5c s\u1ea3n ph\u1ea9m<\/span><b><\/b><\/h2><\/div>\n\t\t<\/div>\n\t\t\t\t\n<style>\n#col-1744748720 > .col-inner {\n  margin: -10px 0px -50px 0px;\n}\n@media (min-width:550px) {\n  #col-1744748720 > .col-inner {\n    margin: 0px 0px -30px 0px;\n  }\n}\n<\/style>\n\t<\/div>\n\n\t\n\n\t<div id=\"col-1966741403\" class=\"col medium-3 small-6 large-3\"  >\n\t\t\t\t<div class=\"col-inner\"  >\n\t\t\t\n\t\t\t\n\t<div class=\"box has-hover   has-hover box-text-bottom\" >\n\n\t\t<div class=\"box-image\" >\n\t\t\t<a href=\"https:\/\/labone.vn\/tecra\/product-category\/air-shower\/\"  >\t\t\t<div class=\"\" >\n\t\t\t\t<img loading=\"lazy\" decoding=\"async\" width=\"900\" height=\"900\" src=\"https:\/\/labone.vn\/tecra\/wp-content\/uploads\/2022\/08\/air-shower-5.jpg\" class=\"attachment-original size-original\" alt=\"\" srcset=\"https:\/\/labone.vn\/tecra\/wp-content\/uploads\/2022\/08\/air-shower-5.jpg 900w, https:\/\/labone.vn\/tecra\/wp-content\/uploads\/2022\/08\/air-shower-5-500x500.jpg 500w, https:\/\/labone.vn\/tecra\/wp-content\/uploads\/2022\/08\/air-shower-5-768x768.jpg 768w, https:\/\/labone.vn\/tecra\/wp-content\/uploads\/2022\/08\/air-shower-5-300x300.jpg 300w, https:\/\/labone.vn\/tecra\/wp-content\/uploads\/2022\/08\/air-shower-5-600x600.jpg 600w, https:\/\/labone.vn\/tecra\/wp-content\/uploads\/2022\/08\/air-shower-5-100x100.jpg 100w\" sizes=\"auto, (max-width: 900px) 100vw, 900px\" \/>\t\t\t\t\t\t\t\t\t\t\t<\/div>\n\t\t\t<\/a>\t\t<\/div>\n\n\t\t<div class=\"box-text text-center\" >\n\t\t\t<div class=\"box-text-inner\">\n\t\t\t\t\n<h4><a href=\"https:\/\/labone.vn\/tecra\/product-category\/air-shower\/\">AIR SHOWER<\/a><\/h4>\n\t\t\t<\/div>\n\t\t<\/div>\n\t<\/div>\n\t\n\t\t<\/div>\n\t\t\t\t\n<style>\n#col-1966741403 > .col-inner {\n  margin: -20px 0px -30px 0px;\n}\n@media (min-width:550px) {\n  #col-1966741403 > .col-inner {\n    margin: 0px 0px 0 0px;\n  }\n}\n<\/style>\n\t<\/div>\n\n\t\n\n\t<div id=\"col-1890688268\" class=\"col medium-3 small-6 large-3\"  >\n\t\t\t\t<div class=\"col-inner\"  >\n\t\t\t\n\t\t\t\n\t<div class=\"box has-hover   has-hover box-text-bottom\" >\n\n\t\t<div class=\"box-image\" >\n\t\t\t<a href=\"https:\/\/labone.vn\/tecra\/product-category\/fan-filter-unitffu\/\"  >\t\t\t<div class=\"\" >\n\t\t\t\t<img loading=\"lazy\" decoding=\"async\" width=\"900\" height=\"900\" src=\"https:\/\/labone.vn\/tecra\/wp-content\/uploads\/2022\/08\/loc-filter-hinh-nen-1.jpg\" class=\"attachment-original size-original\" alt=\"\" srcset=\"https:\/\/labone.vn\/tecra\/wp-content\/uploads\/2022\/08\/loc-filter-hinh-nen-1.jpg 900w, https:\/\/labone.vn\/tecra\/wp-content\/uploads\/2022\/08\/loc-filter-hinh-nen-1-500x500.jpg 500w, https:\/\/labone.vn\/tecra\/wp-content\/uploads\/2022\/08\/loc-filter-hinh-nen-1-768x768.jpg 768w, https:\/\/labone.vn\/tecra\/wp-content\/uploads\/2022\/08\/loc-filter-hinh-nen-1-300x300.jpg 300w, https:\/\/labone.vn\/tecra\/wp-content\/uploads\/2022\/08\/loc-filter-hinh-nen-1-600x600.jpg 600w, https:\/\/labone.vn\/tecra\/wp-content\/uploads\/2022\/08\/loc-filter-hinh-nen-1-100x100.jpg 100w\" sizes=\"auto, (max-width: 900px) 100vw, 900px\" \/>\t\t\t\t\t\t\t\t\t\t\t<\/div>\n\t\t\t<\/a>\t\t<\/div>\n\n\t\t<div class=\"box-text text-center\" >\n\t\t\t<div class=\"box-text-inner\">\n\t\t\t\t\n<h4><a href=\"https:\/\/labone.vn\/tecra\/product-category\/fan-filter-unitffu\/\">FAN FILTER UNIT(FFU)<\/a><\/h4>\n\t\t\t<\/div>\n\t\t<\/div>\n\t<\/div>\n\t\n\t\t<\/div>\n\t\t\t\t\n<style>\n#col-1890688268 > .col-inner {\n  margin: -20px 0px -30px 0px;\n}\n@media (min-width:550px) {\n  #col-1890688268 > .col-inner {\n    margin: 0px 0px 0 0px;\n  }\n}\n<\/style>\n\t<\/div>\n\n\t\n\n\t<div id=\"col-1657791835\" class=\"col medium-3 small-6 large-3\"  >\n\t\t\t\t<div class=\"col-inner\"  >\n\t\t\t\n\t\t\t\n\t<div class=\"box has-hover   has-hover box-text-bottom\" >\n\n\t\t<div class=\"box-image\" >\n\t\t\t<a href=\"https:\/\/labone.vn\/tecra\/product-category\/pass-throughspassbox\/\"  >\t\t\t<div class=\"\" >\n\t\t\t\t<img loading=\"lazy\" decoding=\"async\" width=\"900\" height=\"900\" src=\"https:\/\/labone.vn\/tecra\/wp-content\/uploads\/2022\/08\/pass-box-hinh-nen-1.jpg\" class=\"attachment-original size-original\" alt=\"\" srcset=\"https:\/\/labone.vn\/tecra\/wp-content\/uploads\/2022\/08\/pass-box-hinh-nen-1.jpg 900w, https:\/\/labone.vn\/tecra\/wp-content\/uploads\/2022\/08\/pass-box-hinh-nen-1-500x500.jpg 500w, https:\/\/labone.vn\/tecra\/wp-content\/uploads\/2022\/08\/pass-box-hinh-nen-1-768x768.jpg 768w, https:\/\/labone.vn\/tecra\/wp-content\/uploads\/2022\/08\/pass-box-hinh-nen-1-300x300.jpg 300w, https:\/\/labone.vn\/tecra\/wp-content\/uploads\/2022\/08\/pass-box-hinh-nen-1-600x600.jpg 600w, https:\/\/labone.vn\/tecra\/wp-content\/uploads\/2022\/08\/pass-box-hinh-nen-1-100x100.jpg 100w\" sizes=\"auto, (max-width: 900px) 100vw, 900px\" \/>\t\t\t\t\t\t\t\t\t\t\t<\/div>\n\t\t\t<\/a>\t\t<\/div>\n\n\t\t<div class=\"box-text text-center\" >\n\t\t\t<div class=\"box-text-inner\">\n\t\t\t\t\n<h4><a href=\"https:\/\/labone.vn\/tecra\/product-category\/pass-throughspassbox\/\">PASS THROUGHS(PASSBOX)<\/a><\/h4>\n\t\t\t<\/div>\n\t\t<\/div>\n\t<\/div>\n\t\n\t\t<\/div>\n\t\t\t\t\n<style>\n#col-1657791835 > .col-inner {\n  margin: -20px 0px -29px 0px;\n}\n@media (min-width:550px) {\n  #col-1657791835 > .col-inner {\n    margin: 0px 0px 0 0px;\n  }\n}\n<\/style>\n\t<\/div>\n\n\t\n\n\t<div id=\"col-718952847\" class=\"col medium-3 small-6 large-3\"  >\n\t\t\t\t<div class=\"col-inner\"  >\n\t\t\t\n\t\t\t\n\t<div class=\"box has-hover   has-hover box-text-bottom\" >\n\n\t\t<div class=\"box-image\" >\n\t\t\t<a href=\"https:\/\/labone.vn\/tecra\/product-category\/noi-that-phong-sach\/\"  >\t\t\t<div class=\"\" >\n\t\t\t\t<img loading=\"lazy\" decoding=\"async\" width=\"900\" height=\"900\" src=\"https:\/\/labone.vn\/tecra\/wp-content\/uploads\/2022\/08\/noi-that-phong-sach-hinh-nen-1.jpg\" class=\"attachment-original size-original\" alt=\"\" srcset=\"https:\/\/labone.vn\/tecra\/wp-content\/uploads\/2022\/08\/noi-that-phong-sach-hinh-nen-1.jpg 900w, https:\/\/labone.vn\/tecra\/wp-content\/uploads\/2022\/08\/noi-that-phong-sach-hinh-nen-1-500x500.jpg 500w, https:\/\/labone.vn\/tecra\/wp-content\/uploads\/2022\/08\/noi-that-phong-sach-hinh-nen-1-768x768.jpg 768w, https:\/\/labone.vn\/tecra\/wp-content\/uploads\/2022\/08\/noi-that-phong-sach-hinh-nen-1-300x300.jpg 300w, https:\/\/labone.vn\/tecra\/wp-content\/uploads\/2022\/08\/noi-that-phong-sach-hinh-nen-1-600x600.jpg 600w, https:\/\/labone.vn\/tecra\/wp-content\/uploads\/2022\/08\/noi-that-phong-sach-hinh-nen-1-100x100.jpg 100w\" sizes=\"auto, (max-width: 900px) 100vw, 900px\" \/>\t\t\t\t\t\t\t\t\t\t\t<\/div>\n\t\t\t<\/a>\t\t<\/div>\n\n\t\t<div class=\"box-text text-center\" >\n\t\t\t<div class=\"box-text-inner\">\n\t\t\t\t\n<h4><a href=\"https:\/\/labone.vn\/tecra\/product-category\/noi-that-phong-sach\/\">N\u1ed8I TH\u1ea4T PH\u00d2NG S\u1ea0CH<\/a><\/h4>\n\t\t\t<\/div>\n\t\t<\/div>\n\t<\/div>\n\t\n\t\t<\/div>\n\t\t\t\t\n<style>\n#col-718952847 > .col-inner {\n  margin: -20px 0px -30px 0px;\n}\n@media (min-width:550px) {\n  #col-718952847 > .col-inner {\n    margin: 0px 0px 0 0px;\n  }\n}\n<\/style>\n\t<\/div>\n\n\t\n\n<style>\n#row-1726191677 > .col > .col-inner {\n  padding: 30px 0px 0px 0px;\n}\n<\/style>\n<\/div>\n\t\t<\/div>\n\n\t\t\n<style>\n#section_979662379 {\n  padding-top: 0px;\n  padding-bottom: 0px;\n}\n<\/style>\n\t<\/section>\n\t\n\t<section class=\"section\" id=\"section_1177034952\">\n\t\t<div class=\"bg section-bg fill bg-fill  bg-loaded\" >\n\n\t\t\t\n\t\t\t\n\t\t\t\n\n\t\t<\/div>\n\n\t\t<div class=\"section-content relative\">\n\t\t\t\n<div class=\"row\"  id=\"row-1425964387\">\n\n\t<div id=\"col-305820439\" class=\"col medium-5 small-12 large-5\"  >\n\t\t\t\t<div class=\"col-inner\"  >\n\t\t\t\n\t\t\t\n\t<div class=\"img has-hover x md-x lg-x y md-y lg-y\" id=\"image_367295575\">\n\t\t\t\t\t\t\t\t<div class=\"img-inner dark\" >\n\t\t\t<img loading=\"lazy\" decoding=\"async\" width=\"1020\" height=\"779\" src=\"https:\/\/labone.vn\/tecra\/wp-content\/uploads\/2022\/07\/z3602583600198_896c6126bfabe0d1067c7b05f0d5b507-2000x1528.jpg\" class=\"attachment-large size-large\" alt=\"\" srcset=\"https:\/\/labone.vn\/tecra\/wp-content\/uploads\/2022\/07\/z3602583600198_896c6126bfabe0d1067c7b05f0d5b507-2000x1528.jpg 2000w, https:\/\/labone.vn\/tecra\/wp-content\/uploads\/2022\/07\/z3602583600198_896c6126bfabe0d1067c7b05f0d5b507-1000x764.jpg 1000w, https:\/\/labone.vn\/tecra\/wp-content\/uploads\/2022\/07\/z3602583600198_896c6126bfabe0d1067c7b05f0d5b507-768x587.jpg 768w, https:\/\/labone.vn\/tecra\/wp-content\/uploads\/2022\/07\/z3602583600198_896c6126bfabe0d1067c7b05f0d5b507-1536x1174.jpg 1536w, https:\/\/labone.vn\/tecra\/wp-content\/uploads\/2022\/07\/z3602583600198_896c6126bfabe0d1067c7b05f0d5b507-2048x1565.jpg 2048w, https:\/\/labone.vn\/tecra\/wp-content\/uploads\/2022\/07\/z3602583600198_896c6126bfabe0d1067c7b05f0d5b507-600x458.jpg 600w\" sizes=\"auto, (max-width: 1020px) 100vw, 1020px\" \/>\t\t\t\t\t\t\n\t\t\t\t\t<\/div>\n\t\t\t\t\t\t\t\t\n<style>\n#image_367295575 {\n  width: 100%;\n}\n<\/style>\n\t<\/div>\n\t\n\t\t<\/div>\n\t\t\t\t\n<style>\n#col-305820439 > .col-inner {\n  margin: -25px 0px -70px 0px;\n}\n@media (min-width:550px) {\n  #col-305820439 > .col-inner {\n    margin: 0px 0px 0px 0px;\n  }\n}\n<\/style>\n\t<\/div>\n\n\t\n\n\t<div id=\"col-1975479051\" class=\"col medium-7 small-12 large-7\"  >\n\t\t\t\t<div class=\"col-inner\"  >\n\t\t\t\n\t\t\t\n\t<div class=\"img has-hover x md-x lg-x y md-y lg-y\" id=\"image_1550000898\">\n\t\t\t\t\t\t\t\t<div class=\"img-inner dark\" >\n\t\t\t<img loading=\"lazy\" decoding=\"async\" width=\"2560\" height=\"1487\" src=\"https:\/\/labone.vn\/tecra\/wp-content\/uploads\/2022\/07\/z3602775729929_009083fa950efc0353f0c3f5e1d1bf30-scaled.jpg\" class=\"attachment-original size-original\" alt=\"\" srcset=\"https:\/\/labone.vn\/tecra\/wp-content\/uploads\/2022\/07\/z3602775729929_009083fa950efc0353f0c3f5e1d1bf30-scaled.jpg 2560w, https:\/\/labone.vn\/tecra\/wp-content\/uploads\/2022\/07\/z3602775729929_009083fa950efc0353f0c3f5e1d1bf30-1000x581.jpg 1000w, https:\/\/labone.vn\/tecra\/wp-content\/uploads\/2022\/07\/z3602775729929_009083fa950efc0353f0c3f5e1d1bf30-2000x1162.jpg 2000w, https:\/\/labone.vn\/tecra\/wp-content\/uploads\/2022\/07\/z3602775729929_009083fa950efc0353f0c3f5e1d1bf30-768x446.jpg 768w, https:\/\/labone.vn\/tecra\/wp-content\/uploads\/2022\/07\/z3602775729929_009083fa950efc0353f0c3f5e1d1bf30-1536x892.jpg 1536w, https:\/\/labone.vn\/tecra\/wp-content\/uploads\/2022\/07\/z3602775729929_009083fa950efc0353f0c3f5e1d1bf30-2048x1189.jpg 2048w, https:\/\/labone.vn\/tecra\/wp-content\/uploads\/2022\/07\/z3602775729929_009083fa950efc0353f0c3f5e1d1bf30-600x348.jpg 600w\" sizes=\"auto, (max-width: 2560px) 100vw, 2560px\" \/>\t\t\t\t\t\t\n\t\t\t\t\t<\/div>\n\t\t\t\t\t\t\t\t\n<style>\n#image_1550000898 {\n  width: 100%;\n}\n<\/style>\n\t<\/div>\n\t\n\t\t<\/div>\n\t\t\t\t\n<style>\n#col-1975479051 > .col-inner {\n  margin: 0px 0px -20px 0px;\n}\n@media (min-width:550px) {\n  #col-1975479051 > .col-inner {\n    margin: 0px 0px 0 0px;\n  }\n}\n<\/style>\n\t<\/div>\n\n\t\n\n<style>\n#row-1425964387 > .col > .col-inner {\n  padding: 0px 0px 30px 0px;\n}\n<\/style>\n<\/div>\n\t\t<\/div>\n\n\t\t\n<style>\n#section_1177034952 {\n  padding-top: 0px;\n  padding-bottom: 0px;\n}\n<\/style>\n\t<\/section>\n\t\n\t<section class=\"section sec-tecra-bottom-vi\" id=\"section_526019775\">\n\t\t<div class=\"bg section-bg fill bg-fill  bg-loaded\" >\n\n\t\t\t\n\t\t\t\n\t\t\t\n\n\t\t<\/div>\n\n\t\t<div class=\"section-content relative\">\n\t\t\t\n<div class=\"row\"  id=\"row-80271873\">\n\n\t<div id=\"col-1923749367\" class=\"col medium-6 small-12 large-6\"  >\n\t\t\t\t<div class=\"col-inner\"  >\n\t\t\t\n\t\t\t\n<h2><span style=\"color: #00ccff;\"><strong>Tecra<\/strong><\/span>\u00a0| N\u0102NG L\u1ef0C S\u1ea2N XU\u1ea4T\u00a0<\/h2>\n<div class=\"is-divider divider clearfix\" style=\"margin-top:0em;margin-bottom:0em;max-width:20%;background-color:rgb(30, 115, 190);\"><\/div>\n<p>C\u00e1c s\u1ea3n ph\u1ea9m c\u1ee7a Tecra \u0111\u01b0\u1ee3c s\u1ea3n xu\u1ea5t b\u1eb1ng c\u00e1c c\u00f4ng ngh\u1ec7 ti\u00ean ti\u1ebfn v\u00e0 \u0111\u00e1p \u1ee9ng \u0111\u01b0\u1ee3c c\u00e1c ti\u00eau chu\u1ea9n ch\u1ea5t l\u01b0\u1ee3ng cao nh\u01b0 ISO, GMP, FDA, c\u0169ng nh\u01b0 c\u00e1c y\u00eau c\u1ea7u \u0111\u1eb7c bi\u1ec7t t\u1eeb kh\u00e1ch h\u00e0ng. Tecra c\u0169ng s\u1eed d\u1ee5ng c\u00e1c ngu\u1ed3n v\u1eadt li\u1ec7u ch\u1ea5t l\u01b0\u1ee3ng cao v\u00e0 \u0111\u1ea3m b\u1ea3o c\u00e1c s\u1ea3n ph\u1ea9m c\u1ee7a m\u00ecnh \u0111\u00e1p \u1ee9ng \u0111\u01b0\u1ee3c y\u00eau c\u1ea7u ch\u1ea5t l\u01b0\u1ee3ng v\u00e0 an to\u00e0n cho ng\u01b0\u1eddi s\u1eed d\u1ee5ng. Ngo\u00e0i ra, Tecra c\u0169ng c\u00f3 \u0111\u1ed9i ng\u0169 nh\u00e2n vi\u00ean chuy\u00ean nghi\u1ec7p v\u00e0 gi\u00e0u kinh nghi\u1ec7m trong l\u0129nh v\u1ef1c ph\u00f2ng s\u1ea1ch, t\u1eeb thi\u1ebft k\u1ebf, s\u1ea3n xu\u1ea5t \u0111\u1ebfn l\u1eafp \u0111\u1eb7t v\u00e0 b\u1ea3o tr\u00ec s\u1ea3n ph\u1ea9m. \u0110i\u1ec1u n\u00e0y gi\u00fap Tecra \u0111\u1ea3m b\u1ea3o quy tr\u00ecnh s\u1ea3n xu\u1ea5t \u0111\u01b0\u1ee3c th\u1ef1c hi\u1ec7n \u0111\u00fang ti\u1ebfn \u0111\u1ed9, \u0111\u1ea3m b\u1ea3o ch\u1ea5t l\u01b0\u1ee3ng s\u1ea3n ph\u1ea9m v\u00e0 \u0111\u00e1p \u1ee9ng k\u1ecbp th\u1eddi c\u00e1c y\u00eau c\u1ea7u c\u1ee7a kh\u00e1ch h\u00e0ng.<\/p>\n<a href=\"https:\/\/www.youtube.com\/channel\/UCM_SW042b4vbl8enIC2n8Ww\" target=\"_self\" class=\"button alert is-outline\" style=\"border-radius:99px;\" rel=\"noopener\">\n    <span>YOUTUBE \ud83d\udd3a<\/span>\n  <\/a>\n\n\t\t<\/div>\n\t\t\t\t\n<style>\n#col-1923749367 > .col-inner {\n  margin: 0px 0px -40px 0px;\n}\n@media (min-width:550px) {\n  #col-1923749367 > .col-inner {\n    margin: 0px 0px 0 0px;\n  }\n}\n<\/style>\n\t<\/div>\n\n\t\n\n\t<div id=\"col-2107212318\" class=\"col medium-6 small-12 large-6\"  >\n\t\t\t\t<div class=\"col-inner\"  >\n\t\t\t\n\t\t\t\n<div class=\"video video-fit mb\" style=\"padding-top:57%;\"><p><iframe loading=\"lazy\" title=\"LABone N\u0103ng l\u1ef1c s\u1ea3n xu\u1ea5t n\u1ed9i th\u1ea5t v\u00e0 Thi\u1ebft b\u1ecb Ph\u00f2ng th\u00ed nghi\u1ec7m, Ph\u00f2ng s\u1ea1ch#HUYlab; #Teca; #KingLab\" width=\"1020\" height=\"574\" src=\"https:\/\/www.youtube.com\/embed\/N1nC7TmpI4w?feature=oembed\" frameborder=\"0\" allow=\"accelerometer; autoplay; clipboard-write; encrypted-media; gyroscope; picture-in-picture; web-share\" allowfullscreen><\/iframe><\/p>\n<\/div>\n\t\t<\/div>\n\t\t\t\t\n<style>\n#col-2107212318 > .col-inner {\n  margin: 0px 0px 0 0px;\n}\n<\/style>\n\t<\/div>\n\n\t\n\n<style>\n#row-80271873 > .col > .col-inner {\n  padding: 30px 0px 0px 0px;\n}\n<\/style>\n<\/div>\n\t\t<\/div>\n\n\t\t\n<style>\n#section_526019775 {\n  padding-top: 0px;\n  padding-bottom: 0px;\n  background-color: rgb(234, 246, 255);\n}\n<\/style>\n\t<\/section>\n\t\n","protected":false},"excerpt":{"rendered":"","protected":false},"author":1,"featured_media":0,"parent":0,"menu_order":0,"comment_status":"closed","ping_status":"closed","template":"page-blank.php","meta":{"footnotes":""},"class_list":["post-2","page","type-page","status-publish","hentry"],"_links":{"self":[{"href":"https:\/\/labone.vn\/tecra\/wp-json\/wp\/v2\/pages\/2","targetHints":{"allow":["GET"]}}],"collection":[{"href":"https:\/\/labone.vn\/tecra\/wp-json\/wp\/v2\/pages"}],"about":[{"href":"https:\/\/labone.vn\/tecra\/wp-json\/wp\/v2\/types\/page"}],"author":[{"embeddable":true,"href":"https:\/\/labone.vn\/tecra\/wp-json\/wp\/v2\/users\/1"}],"replies":[{"embeddable":true,"href":"https:\/\/labone.vn\/tecra\/wp-json\/wp\/v2\/comments?post=2"}],"version-history":[{"count":142,"href":"https:\/\/labone.vn\/tecra\/wp-json\/wp\/v2\/pages\/2\/revisions"}],"predecessor-version":[{"id":658,"href":"https:\/\/labone.vn\/tecra\/wp-json\/wp\/v2\/pages\/2\/revisions\/658"}],"wp:attachment":[{"href":"https:\/\/labone.vn\/tecra\/wp-json\/wp\/v2\/media?parent=2"}],"curies":[{"name":"wp","href":"https:\/\/api.w.org\/{rel}","templated":true}]}}