{"id":328,"date":"2022-08-04T07:42:36","date_gmt":"2022-08-04T07:42:36","guid":{"rendered":"https:\/\/labone.vn\/labone\/tecra\/?post_type=product&#038;p=328"},"modified":"2023-06-23T09:48:53","modified_gmt":"2023-06-23T09:48:53","slug":"tu-an-toan-sinh-hoc-cap-2-a2-huyair-bio2","status":"publish","type":"product","link":"https:\/\/labone.vn\/tecra\/product\/tu-an-toan-sinh-hoc-cap-2-a2-huyair-bio2\/","title":{"rendered":"T\u1ee7 An To\u00e0n Sinh H\u1ecdc C\u1ea5p 2 \u2013 A2, HUYAir Bio2"},"content":{"rendered":"<ul>\n<li><span style=\"color: #000000;\"><strong>HUYAir Bio2<\/strong> l\u00e0 m\u1ed9t s\u1ea3n ph\u1ea9m t\u1ee7 an to\u00e0n sinh h\u1ecdc c\u1ea5p 2, lo\u1ea1i A2 \u0111\u01b0\u1ee3c thi\u1ebft k\u1ebf \u0111\u1ec3 b\u1ea3o v\u1ec7 an to\u00e0n cho ng\u01b0\u1eddi thao t\u00e1c, v\u1eadt m\u1eabu v\u00e0 m\u00f4i tr\u01b0\u1eddng trong qu\u00e1 tr\u00ecnh l\u00e0m vi\u1ec7c, nghi\u00ean c\u1ee9u khoa h\u1ecdc \u0111\u1eddi s\u1ed1ng v\u00e0 th\u1eed nghi\u1ec7m. Thi\u1ebft k\u1ebf c\u1ee7a t\u1ee7 \u0111\u01b0\u1ee3c t\u1ed1i \u01b0u h\u00f3a \u0111\u1ec3 ng\u0103n ch\u1eb7n v\u00e0 c\u00f4 l\u1eadp ho\u00e0n to\u00e0n kh\u00f4ng kh\u00ed \u0111\u1ed9c b\u00ean trong t\u1ee7. T\u1ee7 \u0111\u01b0\u1ee3c trang b\u1ecb b\u1ed9 l\u1ecdc HEPA v\u00e0 \u0111\u01b0\u1ee3c \u0111i\u1ec1u khi\u1ec3n b\u1eb1ng vi x\u1eed l\u00fd \u0111\u1ec3 \u0111\u1ea3m b\u1ea3o hi\u1ec7u su\u1ea5t v\u00e0 an to\u00e0n cho ng\u01b0\u1eddi s\u1eed d\u1ee5ng.<\/span><\/li>\n<\/ul>\n<p><span style=\"color: #3366ff; font-size: 120%;\"><strong>THI\u1ebeT K\u1ebe<\/strong><\/span><\/p>\n<table style=\"height: 29px;\" width=\"889\">\n<tbody>\n<tr>\n<td width=\"120\"><img loading=\"lazy\" decoding=\"async\" class=\"alignnone size-full wp-image-689\" src=\"https:\/\/labone.vn\/huylab\/wp-content\/uploads\/2022\/07\/huyari-bio-1200-frame-332.jpg\" alt=\"\" width=\"900\" height=\"500\" \/><\/td>\n<td width=\"129\">\n<ul>\n<li><span style=\"color: #000000;\">T\u1ee7 \u0111\u01b0\u1ee3c thi\u1ebft k\u1ebf v\u1edbi 2 v\u00e1ch ng\u0103n v\u00e0 \u00e1p su\u1ea5t b\u00ean trong \u0111\u1ec3 ng\u0103n ch\u1eb7n v\u00e0 c\u00f4 l\u1eadp ho\u00e0n to\u00e0n kh\u00f4ng kh\u00ed \u0111\u1ed9c.<\/span><\/li>\n<li><span style=\"color: #000000;\">Thi\u1ebft k\u1ebf khoa h\u1ecdc bao g\u1ed3m l\u01b0\u1edbi th\u00f4ng gi\u00f3 h\u1eb9p ph\u00eda tr\u01b0\u1edbc, khung n\u00e2ng v\u00e0 s\u01b0\u1eddn \u0111\u1ee1 \u0111\u1ec3 t\u1ea1o ra b\u1ec1 m\u1eb7t l\u00e0m vi\u1ec7c tho\u1ea3i m\u00e1i.<\/span><\/li>\n<li><span style=\"color: #000000;\">L\u01b0\u1edbi th\u00f4ng gi\u00f3 \u0111\u1eb7c bi\u1ec7t ph\u00eda tr\u01b0\u1edbc \u0111\u01b0\u1ee3c thi\u1ebft k\u1ebf \u0111\u1ec3 b\u1ea3o v\u1ec7 t\u1ed1i \u01b0u cho ng\u01b0\u1eddi s\u1eed d\u1ee5ng v\u00e0 s\u1ea3n ph\u1ea9m.<\/span><\/li>\n<li><span style=\"color: #000000;\">T\u1ee7 \u0111\u01b0\u1ee3c thi\u1ebft l\u1eadp, v\u1eadn h\u00e0nh v\u00e0 b\u1ea3o tr\u00ec b\u1ed9 l\u1ecdc r\u1ea5t \u0111\u01a1n gi\u1ea3n.<\/span><\/li>\n<\/ul>\n<\/td>\n<\/tr>\n<\/tbody>\n<\/table>\n<p><span style=\"color: #3366ff;\"><span style=\"font-size: 17.28px;\"><b>C\u1ed8NG NGH\u1ec6<\/b><\/span><\/span><\/p>\n<table style=\"height: 29px;\" width=\"889\">\n<tbody>\n<tr>\n<td width=\"120\"><img loading=\"lazy\" decoding=\"async\" class=\"alignnone size-full wp-image-690\" src=\"https:\/\/labone.vn\/huylab\/wp-content\/uploads\/2022\/07\/huyari-bio-1200-frame-333.jpg\" alt=\"\" width=\"900\" height=\"500\" \/><\/td>\n<td width=\"129\">\n<ul>\n<li><span style=\"color: #000000;\">HUYAir Bio2 s\u1eed d\u1ee5ng h\u1ec7 th\u1ed1ng \u0111i\u1ec1u khi\u1ec3n b\u1eb1ng vi x\u1eed l\u00fd \u201cHUYAir Comprehensive\u201d th\u1ec3 hi\u1ec7n \u0111\u1ea7y \u0111\u1ee7 hi\u1ec7u su\u1ea5t c\u1ee7a t\u1ee7 tr\u00ean m\u00e0n h\u00ecnh LCD.<\/span><\/li>\n<li><span style=\"color: #000000;\">T\u1ee7 \u0111\u01b0\u1ee3c l\u1eafp \u0111\u1eb7t sensor tr\u1ef1c ti\u1ebfp \u0111\u1ec3 theo d\u00f5i l\u01b0u l\u01b0\u1ee3ng d\u00f2ng kh\u00ed v\u00e0 \u0111\u01b0\u1ee3c t\u00edch h\u1ee3p ch\u1ebf \u0111\u1ed9 c\u1ea3nh b\u00e1o gi\u00f3 khi t\u1ed1c \u0111\u1ed9 gi\u00f3 th\u1ea5p.<\/span><\/li>\n<li><span style=\"color: #000000;\">C\u1ea3nh b\u00e1o hi\u1ec3n th\u1ecb khi b\u1ed9 l\u1ecdc v\u00e0 \u0111\u00e8n UV h\u1ebft hi\u1ec7u n\u0103ng s\u1eed d\u1ee5ng.<\/span><\/li>\n<li><span style=\"color: #000000;\">Khi \u0111\u00f3ng c\u1eeda k\u00ednh ho\u00e0n to\u00e0n \u0111\u1ed9ng c\u01a1 s\u1ebd t\u1ef1 \u0111\u1ed9ng gi\u1ea3m, c\u00f2n ho\u1ea1t \u0111\u1ed9ng 30% \u0111\u1ec3 ti\u1ebft ki\u1ec7m \u0111i\u1ec7n n\u0103ng, t\u0103ng tu\u1ed5i th\u1ecd cho \u0111\u1ed9ng c\u01a1 v\u00e0 duy tr\u00ec kh\u00f4ng kh\u00ed s\u1ea1ch trong kh\u00f4ng gian l\u00e0m vi\u1ec7c.<\/span><\/li>\n<li><span style=\"color: #000000;\">\u0110\u1ed9ng c\u01a1 s\u1eed d\u1ee5ng qu\u1ea1t ly t\u00e2m EBMpapst \u2013 \u0110\u1ee9c ti\u1ebft ki\u1ec7m n\u0103ng l\u01b0\u1ee3ng, k\u00e9o d\u00e0i tu\u1ed5i th\u1ecd b\u1ed9 l\u1ecdc v\u00e0 gi\u1ea3m ti\u1ebfng \u1ed3n khi ho\u1ea1t \u0111\u1ed9ng<\/span><\/li>\n<li><span style=\"color: #000000;\">S\u1eed d\u1ee5ng l\u1ecdc Camfil &#8211; Th\u1ee5y \u0110i\u1ec3n ho\u1eb7c AAF- M\u1ef9; H14, hi\u1ec7u su\u1ea5t l\u1ecdc cao 99,999% t\u1ea1i 0.3 um<\/span><\/li>\n<\/ul>\n<\/td>\n<\/tr>\n<\/tbody>\n<\/table>\n<p><span style=\"color: #3366ff;\"><span style=\"font-size: 17.28px;\"><b>AN TO\u00c0N<\/b><\/span><\/span><\/p>\n<ul>\n<li><span style=\"color: #000000;\">Gi\u1ea3m thi\u1ec3u s\u1ef1 nhi\u1ec5m ch\u00e9o v\u1edbi lu\u1ed3ng kh\u00ed \u0111\u01b0\u1ee3c \u0111i qua b\u1ed9 l\u1ecdc HEPA sau \u0111\u00f3 \u0111i qua l\u01b0\u1edbi l\u1ecdc \u0111\u01b0\u1ee3c thi\u1ebft k\u1ebf \u0111\u1eb7c bi\u1ec7t khi \u0111\u00f3 c\u00e1c d\u00f2ng kh\u00ed s\u1ebd \u0111\u01b0\u1ee3c ph\u00e2n ph\u1ed1i \u0111\u1ed3ng \u0111\u1ec1u \u1edf khu v\u1ef1c l\u00e0m vi\u1ec7c.<\/span><\/li>\n<li><span style=\"color: #000000;\">\u0110\u1ea3m b\u1ea3o an to\u00e0n cho ng\u01b0\u1eddi s\u1eed d\u1ee5ng v\u1edbi h\u1ec7 th\u1ed1ng l\u1ecdc HEPA v\u1edbi hi\u1ec7u su\u1ea5t 99.99% sau \u0111\u00f3 \u0111i qua b\u1ed9 ti\u1ec1n l\u1ecdc tr\u01b0\u1edbc khi th\u1ea3i ra m\u00f4i tr\u01b0\u1eddng \u0111\u1ec3 \u0111\u1ea3m b\u1ea3o c\u00e1c ch\u1ea5t nguy h\u1ea1i kh\u00f4ng th\u1ec3 x\u00e2m nh\u1eadp v\u00e0o m\u00f4i tr\u01b0\u1eddng.<\/span><\/li>\n<li><span style=\"color: #000000;\">C\u1ea3nh b\u00e1o c\u1eeda: khi m\u1edf c\u1eeda k\u00ednh v\u01b0\u1ee3t qu\u00e1 gi\u1edbi h\u1ea1n 200 mm, t\u00edn hi\u1ec7u c\u00f2i v\u00e0 \u0111\u00e8n s\u1ebd ho\u1ea1t \u0111\u1ed9ng gi\u00fap ng\u01b0\u1eddi s\u1eed d\u1ee5ng l\u00e0m vi\u1ec7c an to\u00e0n.<\/span><\/li>\n<\/ul>\n","protected":false},"excerpt":{"rendered":"<div class=\"price-wrapper\">\n<p><span style=\"color: #000000;\"><strong>T\u1ee7 an to\u00e0n sinh h\u1ecdc c\u1ea5p 2, lo\u1ea1i A2 HUYAir Bio2<\/strong> l\u00e0 s\u1ea3n ph\u1ea9m \u0111\u01b0\u1ee3c thi\u1ebft k\u1ebf \u0111\u1ec3 b\u1ea3o v\u1ec7 an to\u00e0n cho ng\u01b0\u1eddi thao t\u00e1c, v\u1eadt m\u1eabu v\u00e0 m\u00f4i tr\u01b0\u1eddng trong qu\u00e1 tr\u00ecnh l\u00e0m vi\u1ec7c, nghi\u00ean c\u1ee9u khoa h\u1ecdc \u0111\u1eddi s\u1ed1ng v\u1ea3 th\u1eed nghi\u1ec7m.<\/span><\/p>\n<ul>\n<li><span style=\"color: #000000;\">Ch\u1ea5t l\u01b0\u1ee3ng T\u1ee7 an to\u00e0n sinh h\u1ecdc c\u1ea5p II, A2 HUYAir Bio2 \u0111\u00e1p \u1ee9ng ti\u00eau chu\u1ea9n: NSF 49, EN 12469.<\/span><\/li>\n<li><span style=\"color: #000000;\">T\u1ee7 \u0111\u1ea1t chu\u1ea9n an to\u00e0n sinh h\u1ecdc c\u1ea5p II do Vi\u1ec7n V\u1ec7 Sinh D\u1ecbch T\u1ec3 TW c\u1ea5p.<\/span><\/li>\n<li><span style=\"color: #000000;\">B\u1ea3o h\u00e0nh : 3 n\u0103m.<\/span><\/li>\n<\/ul>\n<\/div>\n","protected":false},"featured_media":261,"template":"","meta":[],"product_cat":[34],"product_tag":[],"class_list":["post-328","product","type-product","status-publish","has-post-thumbnail","hentry","product_cat-tu-an-toan-sinh-hoc-cap-2"],"_links":{"self":[{"href":"https:\/\/labone.vn\/tecra\/wp-json\/wp\/v2\/product\/328","targetHints":{"allow":["GET"]}}],"collection":[{"href":"https:\/\/labone.vn\/tecra\/wp-json\/wp\/v2\/product"}],"about":[{"href":"https:\/\/labone.vn\/tecra\/wp-json\/wp\/v2\/types\/product"}],"wp:featuredmedia":[{"embeddable":true,"href":"https:\/\/labone.vn\/tecra\/wp-json\/wp\/v2\/media\/261"}],"wp:attachment":[{"href":"https:\/\/labone.vn\/tecra\/wp-json\/wp\/v2\/media?parent=328"}],"wp:term":[{"taxonomy":"product_cat","embeddable":true,"href":"https:\/\/labone.vn\/tecra\/wp-json\/wp\/v2\/product_cat?post=328"},{"taxonomy":"product_tag","embeddable":true,"href":"https:\/\/labone.vn\/tecra\/wp-json\/wp\/v2\/product_tag?post=328"}],"curies":[{"name":"wp","href":"https:\/\/api.w.org\/{rel}","templated":true}]}}