{"id":341,"date":"2022-08-04T08:16:29","date_gmt":"2022-08-04T08:16:29","guid":{"rendered":"https:\/\/labone.vn\/labone\/tecra\/?post_type=product&#038;p=341"},"modified":"2023-05-08T02:36:10","modified_gmt":"2023-05-08T02:36:10","slug":"tu-cay-vi-sinh-dong-khi-thoi-dung-huyair-vlf","status":"publish","type":"product","link":"https:\/\/labone.vn\/tecra\/product\/tu-cay-vi-sinh-dong-khi-thoi-dung-huyair-vlf\/","title":{"rendered":"T\u1ee7 C\u1ea5y Vi Sinh D\u00f2ng Kh\u00ed Th\u1ed5i \u0110\u1ee9ng, HUYAir VLF"},"content":{"rendered":"<p><strong>T\u00ednh n\u0103ng an to\u00e0n<\/strong><\/p>\n<ul>\n<li>T\u1ee7 c\u1ea5y th\u1ed5i \u0111\u1ee9ng HUYAir VLF trang b\u1ecb h\u1ec7 th\u1ed1ng \u0111i\u1ec1u khi\u1ec3n b\u1eb1ng vi x\u1eed l\u00fd \u201cHUYAir Comprehensive\u201d. H\u1ec7 th\u1ed1ng n\u00e0y \u0111\u01b0\u1ee3c t\u00edch h\u1ee3p m\u1ed9t vi x\u1eed l\u00fd \u0111\u1ec3 theo d\u00f5i \u00e1p su\u1ea5t, c\u1ea3nh b\u00e1o hi\u1ec7u su\u1ea5t thay th\u1ebf b\u1ed9 l\u1ecdc.<\/li>\n<li>\u0110\u1ec3 t\u1ea1o d\u00f2ng kh\u00ed s\u1ea1ch b\u1ea3o v\u1ec7 v\u1eadt m\u1eabu HUYAir VLF c\u00f3 h\u1ec7 th\u1ed1ng \u0111i\u1ec1u ch\u1ec9nh h\u01b0\u1edbng \u0111i d\u00f2ng kh\u00ed \u1edf ph\u00eda sau t\u1ee7, vi\u1ec7c n\u00e0y l\u00e0m gi\u1ea3m thi\u1ec3u kh\u1ea3 n\u0103ng l\u00e2y nhi\u1ec5m ch\u00e9o v\u00e0 t\u1ea1o g\u1ed1c ch\u1ebft trong khi l\u00e0m vi\u1ec7c.<\/li>\n<li>C\u1ea3nh b\u00e1o c\u1eeda: khi m\u1edf c\u1eeda k\u00ednh v\u01b0\u1ee3t qu\u00e1 gi\u1edbi h\u1ea1n 200 mm, t\u00edn hi\u1ec7u c\u00f2i v\u00e0 \u0111\u00e8n s\u1ebd ho\u1ea1t \u0111\u1ed9ng gi\u00fap ng\u01b0\u1eddi s\u1eed d\u1ee5ng l\u00e0m vi\u1ec7c an to\u00e0n.<\/li>\n<\/ul>\n<p><strong>C\u00f4ng ngh\u1ec7<\/strong><\/p>\n<ul>\n<li>Khi \u0111\u00f3ng c\u1eeda k\u00ednh ho\u00e0n to\u00e0n \u0111\u1ed9ng c\u01a1 s\u1ebd t\u1ef1 \u0111\u1ed9ng gi\u1ea3m, c\u00f2n ho\u1ea1t \u0111\u1ed9ng 30% \u0111\u1ec3 ti\u1ebft ki\u1ec7m \u0111i\u1ec7n n\u0103ng, t\u0103ng tu\u1ed5i th\u1ecd cho \u0111\u1ed9ng c\u01a1 v\u00e0 duy tr\u00ec kh\u00f4ng kh\u00ed s\u1ea1ch trong kh\u00f4ng gian l\u00e0m vi\u1ec7c.<\/li>\n<li>\u0110\u1ed9ng c\u01a1 s\u1eed d\u1ee5ng qu\u1ea1t ly t\u00e2m EBMpapst \u2013 \u0110\u1ee9c ti\u1ebft ki\u1ec7m n\u0103ng l\u01b0\u1ee3ng, k\u00e9o d\u00e0i tu\u1ed5i th\u1ecd b\u1ed9 l\u1ecdc v\u00e0 gi\u1ea3m ti\u1ebfng \u1ed3n khi ho\u1ea1t \u0111\u1ed9ng.<\/li>\n<\/ul>\n<p><strong>Thi\u1ebft k\u1ebf<\/strong><\/p>\n<ul>\n<li>Thi\u1ebft k\u1ebf khoa h\u1ecdc: l\u01b0\u1edbi th\u00f4ng gi\u00f3 h\u1eb9p ph\u00eda tr\u01b0\u1edbc, khung n\u00e2ng v\u00e0 s\u01b0\u1eddn \u0111\u1ee1 t\u1ea1o ra b\u1ec1 m\u1eb7t l\u00e0m vi\u1ec7c tho\u1ea3i m\u00e1i.<\/li>\n<li>V\u00e1ch 2 b\u00ean b\u1eb1ng k\u00ednh c\u01b0\u1eddng l\u1ef1c 5 mm ch\u1ed1ng tia c\u1ef1c t\u00edm v\u00e0 d\u1ec5 d\u00e0ng quan s\u00e1t m\u1eabu c\u0169ng nh\u01b0 qu\u00e1 tr\u00ecnh thao t\u00e1c c\u1ee7a ng\u01b0\u1eddi kh\u00e1c.<\/li>\n<li>T\u1ee7 \u0111\u01b0\u1ee3c thi\u1ebft l\u1eadp, v\u1eadn h\u00e0nh v\u00e0 b\u1ea3o tr\u00ec b\u1ed9 l\u1ecdc r\u1ea5t \u0111\u01a1n gi\u1ea3n.<\/li>\n<\/ul>\n","protected":false},"excerpt":{"rendered":"<div class=\"price-wrapper\">\n<p>T\u1ee7 c\u1ea5y v\u00f4 tr\u00f9ng d\u00f2ng kh\u00ed th\u1ed5i \u0111\u1ee9ng HUYAir VFL l\u00e0 m\u1ed9t lo\u1ea1t c\u00e1c s\u1ea3n ph\u1ea9m hi\u1ec7u qu\u1ea3 cao \u0111\u01b0\u1ee3c thi\u1ebft k\u1ebf \u0111\u1ec3 b\u1ea3o v\u1ec7 v\u1eadt m\u1eabu, thi\u1ebft b\u1ecb v\u00e0 c\u00e1c b\u1ed9 ph\u1eadn kh\u00e1c trong v\u00f9ng l\u00e0m vi\u1ec7c t\u1eeb d\u1ea1ng ph\u00e2n t\u1eed \u0111\u1ebfn c\u00e1c \u1ee9ng d\u1ee5ng nh\u1ea1y c\u1ea3m v\u1edbi s\u1ef1 nhi\u1ec5m \u0111\u1ed9c. L\u00fd t\u01b0\u1edfng \u0111\u1ec3 s\u1eed d\u1ee5ng v\u1edbi ch\u1ea5t g\u00e2y \u00f4 nhi\u1ec5m kh\u00f4ng nguy h\u1ea1i v\u00e0 d\u1ec5 d\u00e0ng ti\u1ebfp c\u1eadn c\u00e1c thi\u1ebft b\u1ecb trong v\u00f9ng l\u00e0m vi\u1ec7c nh\u01b0 mong mu\u1ed1n. \u0110\u1eb7c tr\u01b0ng c\u1ee7a d\u00f2ng t\u1ee7 c\u1ea5y t\u1ea1o ra m\u00f4i tr\u01b0\u1eddng l\u00e0m vi\u1ec7c s\u1ea1ch trong ph\u1ea1m vi \u1ee9ng d\u1ee5ng r\u1ed9ng r\u00e3i v\u00e0 s\u1eed d\u1ee5ng \u0111\u00e8n UV \u0111\u1ec3 kh\u1eed tr\u00f9ng, l\u00e0m s\u1ea1ch khu v\u1ef1c l\u00e0m vi\u1ec7c v\u00e0 c\u00e1c b\u1ed9 ph\u1eadn b\u00ean trong t\u1ee7 trong qu\u00e1 tr\u00ecnh thao t\u00e1c v\u1edbi h\u1ec7 th\u1ed1ng \u0111i\u1ec1u khi\u1ec3n k\u1ef9 thu\u1eadt s\u1ed1 LCD.<\/p>\n<ul>\n<li>Ti\u00eau chu\u1ea9n s\u1ea3n xu\u1ea5t : NSF 49 v\u00e0 EN 12469.<\/li>\n<li>B\u1ea3o h\u00e0nh : 3 n\u0103m.<\/li>\n<\/ul>\n<\/div>\n","protected":false},"featured_media":263,"template":"","meta":[],"product_cat":[28,35],"product_tag":[],"class_list":["post-341","product","type-product","status-publish","has-post-thumbnail","hentry","product_cat-tu-sach","product_cat-tu-cay-vi-sinh-dong-khi-thoi-dung"],"_links":{"self":[{"href":"https:\/\/labone.vn\/tecra\/wp-json\/wp\/v2\/product\/341","targetHints":{"allow":["GET"]}}],"collection":[{"href":"https:\/\/labone.vn\/tecra\/wp-json\/wp\/v2\/product"}],"about":[{"href":"https:\/\/labone.vn\/tecra\/wp-json\/wp\/v2\/types\/product"}],"wp:featuredmedia":[{"embeddable":true,"href":"https:\/\/labone.vn\/tecra\/wp-json\/wp\/v2\/media\/263"}],"wp:attachment":[{"href":"https:\/\/labone.vn\/tecra\/wp-json\/wp\/v2\/media?parent=341"}],"wp:term":[{"taxonomy":"product_cat","embeddable":true,"href":"https:\/\/labone.vn\/tecra\/wp-json\/wp\/v2\/product_cat?post=341"},{"taxonomy":"product_tag","embeddable":true,"href":"https:\/\/labone.vn\/tecra\/wp-json\/wp\/v2\/product_tag?post=341"}],"curies":[{"name":"wp","href":"https:\/\/api.w.org\/{rel}","templated":true}]}}