{"id":344,"date":"2022-08-04T08:19:22","date_gmt":"2022-08-04T08:19:22","guid":{"rendered":"https:\/\/labone.vn\/labone\/tecra\/?post_type=product&#038;p=344"},"modified":"2023-05-08T02:36:04","modified_gmt":"2023-05-08T02:36:04","slug":"tu-cay-vo-trung-thoi-ngang-huyair-hfl","status":"publish","type":"product","link":"https:\/\/labone.vn\/tecra\/product\/tu-cay-vo-trung-thoi-ngang-huyair-hfl\/","title":{"rendered":"T\u1ee7 C\u1ea5y V\u00f4 Tr\u00f9ng Th\u1ed5i Ngang \u2013 HUYAir HFL"},"content":{"rendered":"<p><strong>C\u00f4ng ngh\u1ec7<\/strong><\/p>\n<ul>\n<li>Kh\u00f4ng kh\u00ed m\u1ed9t chi\u1ec1u 90 fpm (0,46 m \/ s) th\u1ed5i v\u00e0o v\u00f9ng l\u00e0m vi\u1ec7c \u0111\u1ec3 b\u1ea3o v\u1ec7 s\u1ea3n ph\u1ea9m. Thi\u1ebft k\u1ebf khu\u1ebfch t\u00e1n d\u1ea1ng l\u1ed7 m\u1edbi gi\u00fap lo\u1ea1i b\u1ecf s\u1ef1 nhi\u1ec5u lo\u1ea1n kh\u00f4ng kh\u00ed ti\u1ec1m \u1ea9n xung quanh c\u00e1c c\u1ea1nh c\u1ee7a b\u1ed9 l\u1ecdc.<\/li>\n<li>\u0110\u1ed9ng c\u01a1 s\u1eed d\u1ee5ng qu\u1ea1t ly t\u00e2m EBMpapst \u2013 \u0110\u1ee9c ti\u1ebft ki\u1ec7m n\u0103ng l\u01b0\u1ee3ng, k\u00e9o d\u00e0i tu\u1ed5i th\u1ecd b\u1ed9 l\u1ecdc v\u00e0 gi\u1ea3m ti\u1ebfng \u1ed3n khi ho\u1ea1t \u0111\u1ed9ng.<\/li>\n<\/ul>\n<p><strong>T\u00ednh n\u0103ng an to\u00e0n<\/strong><\/p>\n<ul>\n<li>T\u1ee7 c\u1ea5y th\u1ed5i ngang HUYAir VFL trang b\u1ecb h\u1ec7 th\u1ed1ng \u0111i\u1ec1u khi\u1ec3n b\u1eb1ng vi x\u1eed l\u00fd \u201cHUYAir Comprehensive\u201d. H\u1ec7 th\u1ed1ng n\u00e0y \u0111\u01b0\u1ee3c t\u00edch h\u1ee3p m\u1ed9t vi x\u1eed l\u00fd \u0111\u1ec3 theo d\u00f5i \u00e1p su\u1ea5t, c\u1ea3nh b\u00e1o hi\u1ec7u su\u1ea5t thay th\u1ebf b\u1ed9 l\u1ecdc.<\/li>\n<li>Gi\u1ea3m thi\u1ec3u kh\u1ea3 n\u0103ng l\u00e2y nhi\u1ec5m ch\u00e9o trong khi l\u00e0m vi\u1ec7c v\u00e0 c\u00e1c g\u00f3c ch\u1ebft trong kh\u00f4ng gian l\u00e0m vi\u1ec7c., HUYAir HLF s\u1ebd di chuy\u1ec3n kh\u00f4ng kh\u00ed t\u1eeb ph\u00eda sau thi\u1ebft b\u1ecb qua c\u00e1c b\u1ed9 l\u1ecdc HEPA ho\u1eb7c ULPA v\u00e0 \u0111\u1ebfn ph\u00eda tr\u01b0\u1edbc b\u1ec1 m\u1eb7t l\u00e0m vi\u1ec7c.<\/li>\n<li>\u0110\u00e8n LED \u0111\u1ecf ph\u00e1t s\u00e1ng v\u00e0 c\u1ea3nh b\u00e1o \u00e2m thanh khi v\u1eadn t\u1ed1c d\u00f2ng kh\u00ed n\u1eb1m ngo\u1ea1i ph\u1ea1m vi \u0111\u00e3 c\u00e0i \u0111\u1eb7t.<\/li>\n<\/ul>\n<p><strong>Thi\u1ebft k\u1ebf<\/strong><\/p>\n<ul>\n<li>Khung l\u00e0m b\u1eb1ng th\u00e9p s\u01a1n t\u0129nh \u0111i\u1ec7n.<\/li>\n<li>B\u1ec1 m\u1eb7t b\u00ean trong, bao g\u1ed3m c\u1ea3 m\u1eb7t b\u00ean v\u00e0 b\u1ec1 m\u1eb7t l\u00e0m vi\u1ec7c, \u0111\u01b0\u1ee3c l\u00e0m b\u1eb1ng th\u00e9p kh\u00f4ng g\u1ec9 304.<\/li>\n<li>Thi\u1ebft k\u1ebf khoa h\u1ecdc: HUYAir HLF \u0111\u01b0\u1ee3c thi\u1ebft k\u1ebf ti\u1ec7n l\u1ee3i \u0111\u1ec3 gi\u1ea3m c\u0103ng th\u1eb3ng cho c\u00e1nh tay, c\u1ed5 v\u00e0 l\u01b0ng b\u1eb1ng c\u00e1ch cung c\u1ea5p m\u1ed9t khu v\u1ef1c l\u00e0m vi\u1ec7c th\u00e2n thi\u1ec7n v\u1edbi ng\u01b0\u1eddi d\u00f9ng \u0111\u1ec3 s\u1eed d\u1ee5ng k\u1ef9 thu\u1eadt v\u00f4 tr\u00f9ng m\u1ed9t c\u00e1ch d\u1ec5 d\u00e0ng.<\/li>\n<li>Vi\u1ec7c thi\u1ebft l\u1eadp, v\u1eadn h\u00e0nh v\u00e0 b\u1ea3o tr\u00ec b\u1ed9 l\u1ecdc r\u1ea5t \u0111\u01a1n gi\u1ea3n.<\/li>\n<li>C\u00f3 th\u1ec3 l\u1eafp \u0111\u00e8n UV t\u00f9y ch\u1ecdn.<\/li>\n<\/ul>\n","protected":false},"excerpt":{"rendered":"<div class=\"price-wrapper\">\n<div>T\u1ee7 c\u1ea5y vi sinh v\u00f4 tr\u00f9ng d\u00f2ng kh\u00ed th\u1ed5i ngang HUYAir HFL l\u00e0 m\u1ed9t lo\u1ea1t c\u00e1c s\u1ea3n ph\u1ea9m hi\u1ec7u qu\u1ea3 cao \u0111\u01b0\u1ee3c thi\u1ebft k\u1ebf \u0111\u1ec3 b\u1ea3o v\u1ec7 v\u1eadt m\u1eabu, thi\u1ebft b\u1ecb v\u00e0 c\u00e1c b\u1ed9 ph\u1eadn\u00a0 kh\u00e1c trong v\u00f9ng l\u00e0m vi\u1ec7c t\u1eeb d\u1ea1ng ph\u00e2n t\u1eed \u0111\u1ebfn c\u00e1c \u1ee9ng d\u1ee5ng nh\u1ea1y c\u1ea3m v\u1edbi s\u1ef1 nhi\u1ec5m \u0111\u1ed9c. L\u00fd\u00a0 t\u01b0\u1edfng \u0111\u1ec3 s\u1eed d\u1ee5ng v\u1edbi ch\u1ea5t g\u00e2y \u00f4 nhi\u1ec5m kh\u00f4ng nguy h\u1ea1i v\u00e0 d\u1ec5 d\u00e0ng ti\u1ebfp c\u1eadn c\u00e1c thi\u1ebft b\u1ecb trong v\u00f9ng l\u00e0m vi\u1ec7c nh\u01b0 mong mu\u1ed1n. \u0110\u1eb7c tr\u01b0ng c\u1ee7a d\u00f2ng t\u1ee7 c\u1ea5y\u00a0 t\u1ea1o ra m\u00f4i tr\u01b0\u1eddng l\u00e0m vi\u1ec7c s\u1ea1ch trong ph\u1ea1m vi, \u1ee9ng d\u1ee5ng r\u1ed9ng r\u00e3i l\u00e0m s\u1ea1ch khu v\u1ef1c l\u00e0m vi\u1ec7c.<\/div>\n<ul>\n<li>Ti\u00eau chu\u1ea9n s\u1ea3n xu\u1ea5t : NSF 49 v\u00e0 EN 12469.<\/li>\n<li>B\u1ea3o h\u00e0nh : 3 n\u0103m.<\/li>\n<\/ul>\n<\/div>\n","protected":false},"featured_media":346,"template":"","meta":[],"product_cat":[28,36],"product_tag":[],"class_list":["post-344","product","type-product","status-publish","has-post-thumbnail","hentry","product_cat-tu-sach","product_cat-tu-cay-vi-sinh-dong-khi-thoi-ngang"],"_links":{"self":[{"href":"https:\/\/labone.vn\/tecra\/wp-json\/wp\/v2\/product\/344","targetHints":{"allow":["GET"]}}],"collection":[{"href":"https:\/\/labone.vn\/tecra\/wp-json\/wp\/v2\/product"}],"about":[{"href":"https:\/\/labone.vn\/tecra\/wp-json\/wp\/v2\/types\/product"}],"wp:featuredmedia":[{"embeddable":true,"href":"https:\/\/labone.vn\/tecra\/wp-json\/wp\/v2\/media\/346"}],"wp:attachment":[{"href":"https:\/\/labone.vn\/tecra\/wp-json\/wp\/v2\/media?parent=344"}],"wp:term":[{"taxonomy":"product_cat","embeddable":true,"href":"https:\/\/labone.vn\/tecra\/wp-json\/wp\/v2\/product_cat?post=344"},{"taxonomy":"product_tag","embeddable":true,"href":"https:\/\/labone.vn\/tecra\/wp-json\/wp\/v2\/product_tag?post=344"}],"curies":[{"name":"wp","href":"https:\/\/api.w.org\/{rel}","templated":true}]}}