{"id":418,"date":"2023-05-08T01:43:02","date_gmt":"2023-05-08T01:43:02","guid":{"rendered":"https:\/\/labone.vn\/tecra\/?post_type=product&#038;p=418"},"modified":"2023-06-23T09:30:03","modified_gmt":"2023-06-23T09:30:03","slug":"hop-trung-chuyen-mau-tecra-pb-clean","status":"publish","type":"product","link":"https:\/\/labone.vn\/tecra\/product\/hop-trung-chuyen-mau-tecra-pb-clean\/","title":{"rendered":"H\u1ed9p Trung Chuy\u1ec3n M\u1eabu \u2013 Tecra.PB.Clean"},"content":{"rendered":"<ul>\n<li><span style=\"color: #000000;\">\u00dd t\u01b0\u1edfng v\u1ec1 d\u01b0\u1ee3c ph\u1ea9m v\u00e0 ph\u00f2ng th\u00ed nghi\u1ec7m vi sinh v\u00e0 sinh h\u1ecdc ph\u00e2n t\u1eed.<\/span><\/li>\n<li><span style=\"color: #000000;\">C\u1ea5u t\u1ea1o: Inox 304 d\u1ec5 v\u1ec7 sinh.<\/span><\/li>\n<li><span style=\"color: #000000;\">C\u1eeda s\u1ed5: K\u00ednh c\u01b0\u1eddng l\u1ef1c.<\/span><\/li>\n<li><span style=\"color: #000000;\">Kh\u00f3a li\u00ean \u0111\u1ed9ng \u0111i\u1ec7n kh\u00f4ng m\u1edf \u0111\u01b0\u1ee3c 2 c\u1eeda s\u1ed5 c\u00f9ng l\u00fac.<\/span><\/li>\n<li><span style=\"color: #000000;\">V\u1edbi mi\u1ebfng \u0111\u1ec7m cao su tr\u00ean khoang r\u1ea5t k\u00edn tr\u00e1nh vi khu\u1ea9n b\u00ean ngo\u00e0i x\u00e2m nh\u1eadp v\u00e0o khu v\u1ef1c s\u1ea1ch c\u0169ng nh\u01b0 tho\u00e1t ra ngo\u00e0i \u00f4 nhi\u1ec5m.<\/span><\/li>\n<li><span style=\"color: #000000;\">\u0110\u00e1p \u1ee9ng ISO: ISO 8.<\/span><\/li>\n<li><span style=\"color: #000000;\">V\u1ecb tr\u00ed l\u1eafp \u0111\u1eb7t: T\u01b0\u1eddng ph\u1eb3n.<\/span><\/li>\n<\/ul>\n","protected":false},"excerpt":{"rendered":"<p><span style=\"color: #000000;\"><strong>Tecra.PB.Clean<\/strong> l\u00e0 Pass Box d\u1ec5 d\u00e0ng v\u1ec7 sinh<\/span><\/p>\n<ul>\n<li><span style=\"color: #000000;\">Kh\u00f3a li\u00ean \u0111\u1ed9ng \u0111i\u1ec7n.<\/span><\/li>\n<li><span style=\"color: #000000;\">C\u1ea5u t\u1ea1o: Inox 304.<\/span><\/li>\n<li><span style=\"color: #000000;\">C\u1eeda s\u1ed5: K\u00ednh c\u01b0\u1eddng l\u1ef1c.<\/span><\/li>\n<li><span style=\"color: #000000;\">ISO 6, ISO 7, ISO 8.<\/span><\/li>\n<li><span style=\"color: #000000;\">V\u1ecb tr\u00ed l\u1eafp \u0111\u1eb7t: T\u01b0\u1eddng ph\u1eb3ng, t\u01b0\u1eddng trung t\u00e2m.<\/span><\/li>\n<\/ul>\n","protected":false},"featured_media":419,"template":"","meta":[],"product_cat":[26],"product_tag":[],"class_list":["post-418","product","type-product","status-publish","has-post-thumbnail","hentry","product_cat-pass-throughspassbox"],"_links":{"self":[{"href":"https:\/\/labone.vn\/tecra\/wp-json\/wp\/v2\/product\/418","targetHints":{"allow":["GET"]}}],"collection":[{"href":"https:\/\/labone.vn\/tecra\/wp-json\/wp\/v2\/product"}],"about":[{"href":"https:\/\/labone.vn\/tecra\/wp-json\/wp\/v2\/types\/product"}],"wp:featuredmedia":[{"embeddable":true,"href":"https:\/\/labone.vn\/tecra\/wp-json\/wp\/v2\/media\/419"}],"wp:attachment":[{"href":"https:\/\/labone.vn\/tecra\/wp-json\/wp\/v2\/media?parent=418"}],"wp:term":[{"taxonomy":"product_cat","embeddable":true,"href":"https:\/\/labone.vn\/tecra\/wp-json\/wp\/v2\/product_cat?post=418"},{"taxonomy":"product_tag","embeddable":true,"href":"https:\/\/labone.vn\/tecra\/wp-json\/wp\/v2\/product_tag?post=418"}],"curies":[{"name":"wp","href":"https:\/\/api.w.org\/{rel}","templated":true}]}}