{"id":425,"date":"2023-05-08T01:48:53","date_gmt":"2023-05-08T01:48:53","guid":{"rendered":"https:\/\/labone.vn\/tecra\/?post_type=product&#038;p=425"},"modified":"2023-06-23T09:01:50","modified_gmt":"2023-06-23T09:01:50","slug":"hop-trung-chuyen-mau-tecra-pb-eco","status":"publish","type":"product","link":"https:\/\/labone.vn\/tecra\/product\/hop-trung-chuyen-mau-tecra-pb-eco\/","title":{"rendered":"H\u1ed9p Trung Chuy\u1ec3n M\u1eabu &#8211; Tecra.PB.Eco"},"content":{"rendered":"<ul>\n<li><span style=\"color: #000000;\">\u00dd t\u01b0\u1edfng v\u1ec1 d\u01b0\u1ee3c ph\u1ea9m v\u00e0 ph\u00f2ng th\u00ed nghi\u1ec7m Vi sinh v\u00e0 ph\u00e2n t\u1eed v\u1edbi m\u00f4i tr\u01b0\u1eddng \u0111\u01b0\u1ee3c ki\u1ec3m so\u00e1t cho nh\u1eefng \u0111\u00f2i h\u1ecfi kh\u1eaft khe nh\u1ea5t.<\/span><\/li>\n<li><span style=\"color: #000000;\">T\u1ea5t c\u1ea3 c\u00e1c th\u00e0nh ph\u1ea7n c\u1ea5u tr\u00fac thi\u1ebft k\u1ebf \u0111\u1ec1u c\u00f3 kh\u1ea3 n\u0103ng ch\u1ed1ng h\u00f3a ch\u1ea5t, sinh h\u1ecdc, tia c\u1ef1c t\u00edm, \u0111\u1ed9 \u1ea9m,&#8230; l\u00e0m t\u0103ng tu\u1ed5i th\u1ecd cho s\u1ea3n ph\u1ea9m.<\/span><\/li>\n<li><span style=\"color: #000000;\">B\u1ec1 m\u1eb7t l\u00e0m vi\u1ec7c b\u1eb1ng inox 304 d\u1ec5 v\u1ec7 sinh.<\/span><\/li>\n<li><span style=\"color: #000000;\">C\u1eeda s\u1ed5 quan s\u00e1t Polycarbonate l\u00e0 s\u1ea3n ph\u1ea9m d\u1ec5 d\u00e0ng nh\u00ecn th\u1ea5y b\u00ean trong bu\u1ed3ng.<\/span><\/li>\n<li><span style=\"color: #000000;\">Kh\u00f3a li\u00ean \u0111\u1ed9ng kh\u00f4ng m\u1edf \u0111\u01b0\u1ee3c 2 c\u1eeda s\u1ed5 c\u00f9ng l\u00fac.<\/span><\/li>\n<li><span style=\"color: #000000;\">V\u1edbi mi\u1ebfng \u0111\u1ec7m cao su tr\u00ean c\u1eeda s\u1ed5 r\u1ea5t k\u00edn tr\u00e1nh b\u1ecb vi khu\u1ea9n b\u00ean ngo\u00e0i x\u00e2m nh\u1eadp v\u00e0o khu v\u1ef1c s\u1ea1ch c\u0169ng nh\u01b0 tho\u00e1t kh\u1ecfi s\u1ef1 \u00f4 nhi\u1ec5m.<\/span><\/li>\n<li><span style=\"color: #000000;\">\u0110\u00e1p \u1ee9ng ISO: ISO 6, ISO 7, ISO 8.<\/span><\/li>\n<li><span style=\"color: #000000;\">V\u1ecb tr\u00ed l\u1eafp \u0111\u1eb7t: T\u01b0\u1eddng ph\u1eb3ng, trung t\u00e2m t\u01b0\u1eddng, t\u1ea7ng trung t\u00e2m, s\u00e0n ph\u1eb3ng.<\/span><\/li>\n<\/ul>\n","protected":false},"excerpt":{"rendered":"<p><span style=\"color: #000000;\"><strong>Tecra.PB.Eco<\/strong> l\u00e0 Pass Box \u0111\u01b0\u1ee3c thi\u1ebft k\u1ebf \u0111\u1ec3 v\u1eadn chuy\u1ec3n c\u00e1c v\u1eadt li\u1ec7u ra v\u00e0o khu v\u1ef1c ph\u00f2ng s\u1ea1ch.<\/span><\/p>\n<ul>\n<li><span style=\"color: #000000;\">Kh\u00f3a li\u00ean \u0111\u1ed9ng c\u01a1 ho\u1eb7c \u0111i\u1ec7n.<\/span><\/li>\n<li><span style=\"color: #000000;\">M\u1eb7t \u0111\u1ebf inox 304.<\/span><\/li>\n<li><span style=\"color: #000000;\">C\u1eeda quan s\u00e1t b\u1eb1ng Polycarbonate.<\/span><\/li>\n<li><span style=\"color: #000000;\">ISO 6, ISO 7, ISO 8.<\/span><\/li>\n<li><span style=\"color: #000000;\">V\u1ecb tr\u00ed l\u1eafp \u0111\u1eb7t: T\u01b0\u1eddng ph\u1eb3ng, trung t\u00e2m t\u01b0\u1eddng, t\u1ea7ng trung t\u00e2m, t\u1ea7ng ph\u1eb3ng.<\/span><\/li>\n<\/ul>\n","protected":false},"featured_media":426,"template":"","meta":[],"product_cat":[26],"product_tag":[],"class_list":["post-425","product","type-product","status-publish","has-post-thumbnail","hentry","product_cat-pass-throughspassbox"],"_links":{"self":[{"href":"https:\/\/labone.vn\/tecra\/wp-json\/wp\/v2\/product\/425","targetHints":{"allow":["GET"]}}],"collection":[{"href":"https:\/\/labone.vn\/tecra\/wp-json\/wp\/v2\/product"}],"about":[{"href":"https:\/\/labone.vn\/tecra\/wp-json\/wp\/v2\/types\/product"}],"wp:featuredmedia":[{"embeddable":true,"href":"https:\/\/labone.vn\/tecra\/wp-json\/wp\/v2\/media\/426"}],"wp:attachment":[{"href":"https:\/\/labone.vn\/tecra\/wp-json\/wp\/v2\/media?parent=425"}],"wp:term":[{"taxonomy":"product_cat","embeddable":true,"href":"https:\/\/labone.vn\/tecra\/wp-json\/wp\/v2\/product_cat?post=425"},{"taxonomy":"product_tag","embeddable":true,"href":"https:\/\/labone.vn\/tecra\/wp-json\/wp\/v2\/product_tag?post=425"}],"curies":[{"name":"wp","href":"https:\/\/api.w.org\/{rel}","templated":true}]}}