{"id":427,"date":"2023-05-08T01:58:09","date_gmt":"2023-05-08T01:58:09","guid":{"rendered":"https:\/\/labone.vn\/tecra\/?post_type=product&#038;p=427"},"modified":"2023-06-23T09:18:14","modified_gmt":"2023-06-23T09:18:14","slug":"hop-trung-chuyen-mau-tecra-pb-biosafe","status":"publish","type":"product","link":"https:\/\/labone.vn\/tecra\/product\/hop-trung-chuyen-mau-tecra-pb-biosafe\/","title":{"rendered":"H\u1ed9p Trung Chuy\u1ec3n M\u1eabu \u2013 Tecra.PB.BioSafe"},"content":{"rendered":"<ul>\n<li><span style=\"color: #000000;\"><strong>Tecra PB<\/strong> l\u00e0 thi\u1ebft b\u1ecb h\u1ed7 tr\u1ee3 ti\u00eau chu\u1ea9n cho ph\u00f2ng s\u1ea1ch, \u0111\u01b0\u1ee3c l\u1eafp \u0111\u1eb7t \u0111\u1ec3 v\u1eadn chuy\u1ec3n c\u00e1c m\u1eabu v\u1eadt, h\u00e0ng h\u00f3a. Ng\u0103n ng\u1eeba t\u00ecnh tr\u1ea1ng nhi\u1ec5m ch\u00e9o gi\u1eefa c\u00e1c ph\u00f2ng, gi\u1ea3m s\u1ed1 l\u1ea7n m\u1edf c\u1eeda ph\u1ee5c v\u1ee5 cho vi\u1ec7c duy tr\u00ec t\u1ed1t m\u1ee9c \u0111\u1ed9 s\u1ea1ch cho ph\u00f2ng s\u1ea1ch.<\/span><\/li>\n<li><span style=\"color: #000000;\">K\u1ebft c\u1ea5u t\u1ee7 02 l\u1edbp: v\u00e1ch ngo\u00e0i b\u1eb1ng th\u00e9p k\u1ebdm s\u01a1n t\u0129nh \u0111i\u1ec7n d\u00e0y 1.2mm kh\u00e1ng h\u00f3a ch\u1ea5t, b\u00ean trong b\u1eb1ng inox 304 d\u00e0y 1.2 mm. Ho\u1eb7c c\u00f3 th\u1ec3 l\u00e0m to\u00e0n b\u1ed9 b\u1eb1ng inox 304 | inox 316<\/span><\/li>\n<li><span style=\"color: #000000;\">\u0110\u01b0\u1ee3c l\u1eafp \u0111\u1eb7t \u0111\u00e8n UV kh\u1eed khu\u1ea9n b\u1ec1 m\u1eb7t l\u00e0m vi\u1ec7c b\u00ean trong c\u1ee7a passbox.<\/span><\/li>\n<\/ul>\n<table style=\"height: 518px;\" width=\"984\">\n<tbody>\n<tr>\n<td width=\"170\"><img loading=\"lazy\" decoding=\"async\" class=\"aligncenter wp-image-2826\" src=\"http:\/\/labone.vn\/wp-content\/uploads\/2023\/02\/Tecra-PB-02.jpg\" alt=\"\" width=\"200\" height=\"200\" \/><\/td>\n<td width=\"250\"><span style=\"color: #3366ff;\"><strong>\u0110\u00c8N UV KH\u1eec KHU\u1ea8N<\/strong><\/span><\/p>\n<p><span style=\"color: #000000;\">Trang b\u1ecb \u0111\u00e8n UV di\u1ec7t khu\u1ea9n b\u1ec1 m\u1eb7t l\u00e0m vi\u1ec7c b\u00ean trong Passbox.<\/span><\/p>\n<p><span style=\"color: #000000;\">\u0110\u00e8n UV c\u00f3 ch\u1ebf \u0111\u1ed9 h\u1eb9n th\u1eddi gian UV ho\u1ea1t \u0111\u1ed9ng<\/span><\/td>\n<\/tr>\n<tr>\n<td><img loading=\"lazy\" decoding=\"async\" class=\"aligncenter wp-image-2828\" src=\"http:\/\/labone.vn\/wp-content\/uploads\/2023\/02\/Tecra-PB-04.jpg\" alt=\"\" width=\"200\" height=\"200\" \/><\/td>\n<td>\u00a0<span style=\"color: #3366ff;\"><strong>KH\u00d3A LI\u00caN \u0110\u1ed8NG<\/strong><\/span><\/p>\n<p><span style=\"color: #000000;\">Kh\u00f3a li\u00ean \u0111\u1ed9ng \u0111\u1ea3m b\u1ea3o nguy\u00ean t\u1eafc \u201cm\u1ed9t \u0111\u00f3ng m\u1ed9t m\u1edf\u201d h\u1ea1n ch\u1ebf nhi\u1ec5m ch\u00e9o gi\u1eefa c\u00e1c ph\u00f2ng trong qu\u00e1 tr\u00ecnh v\u1eadn chuy\u1ec3n m\u1eabu.<\/span><\/td>\n<\/tr>\n<tr>\n<td><img loading=\"lazy\" decoding=\"async\" class=\"wp-image-2829 aligncenter\" src=\"http:\/\/labone.vn\/wp-content\/uploads\/2023\/02\/Tecra-PB-05.jpg\" alt=\"\" width=\"200\" height=\"200\" \/><\/td>\n<td><span style=\"color: #3366ff;\"><strong>\u00d4 K\u00cdNH QUAN S\u00c1T<\/strong><\/span><\/p>\n<p><span style=\"color: #000000;\">\u00d4 k\u00ednh quan s\u00e1t m\u1eabu v\u1eadt b\u00ean trong b\u1eb1ng v li\u1ec7u Polycarbonate ch\u1ecbu \u0111\u01b0\u1ee3c nhi\u1ec7t \u0111\u1ed9 cao v\u00e0 kh\u00e1ng UV.<\/span><\/td>\n<\/tr>\n<\/tbody>\n<\/table>\n","protected":false},"excerpt":{"rendered":"<ul>\n<li><span style=\"color: #000000;\">M\u00e3 s\u1ea3n ph\u1ea9m: Tecra.PB.BioSafe.<\/span><\/li>\n<li><span style=\"color: #000000;\">K\u00edch th\u01b0\u1edbc : R400 x S260 x C400, R500 x S260 x C500, R600 x S260 x C600.<\/span><\/li>\n<li><span style=\"color: #000000;\">V\u1eadt li\u1ec7u:\u00a0 Th\u00e9p k\u1ebdm s\u01a1n t\u0129nh \u0111i\u1ec7n | Inox 304 | Inox 316.<\/span><\/li>\n<li><span style=\"color: #000000;\">Kh\u00f3a li\u00ean \u0111\u1ed9ng.<\/span><\/li>\n<li><span style=\"color: #000000;\">\u0110\u00e8n UV kh\u1eed khu\u1ea9n.<\/span><\/li>\n<\/ul>\n","protected":false},"featured_media":428,"template":"","meta":[],"product_cat":[26],"product_tag":[],"class_list":["post-427","product","type-product","status-publish","has-post-thumbnail","hentry","product_cat-pass-throughspassbox"],"_links":{"self":[{"href":"https:\/\/labone.vn\/tecra\/wp-json\/wp\/v2\/product\/427","targetHints":{"allow":["GET"]}}],"collection":[{"href":"https:\/\/labone.vn\/tecra\/wp-json\/wp\/v2\/product"}],"about":[{"href":"https:\/\/labone.vn\/tecra\/wp-json\/wp\/v2\/types\/product"}],"wp:featuredmedia":[{"embeddable":true,"href":"https:\/\/labone.vn\/tecra\/wp-json\/wp\/v2\/media\/428"}],"wp:attachment":[{"href":"https:\/\/labone.vn\/tecra\/wp-json\/wp\/v2\/media?parent=427"}],"wp:term":[{"taxonomy":"product_cat","embeddable":true,"href":"https:\/\/labone.vn\/tecra\/wp-json\/wp\/v2\/product_cat?post=427"},{"taxonomy":"product_tag","embeddable":true,"href":"https:\/\/labone.vn\/tecra\/wp-json\/wp\/v2\/product_tag?post=427"}],"curies":[{"name":"wp","href":"https:\/\/api.w.org\/{rel}","templated":true}]}}