{"id":476,"date":"2023-05-08T07:30:50","date_gmt":"2023-05-08T07:30:50","guid":{"rendered":"https:\/\/labone.vn\/tecra\/?post_type=product&#038;p=476"},"modified":"2023-06-23T08:51:41","modified_gmt":"2023-06-23T08:51:41","slug":"tecra-ffu-eco","status":"publish","type":"product","link":"https:\/\/labone.vn\/tecra\/product\/tecra-ffu-eco\/","title":{"rendered":"Tecra.FFU.Eco"},"content":{"rendered":"<ul>\n<li><span style=\"color: #000000;\"><strong>Tecra.FFU.Eco<\/strong> l\u00e0 m\u1ed9t gi\u1ea3i ph\u00e1p l\u1ecdc kh\u00f4ng kh\u00ed kinh t\u1ebf v\u00e0 hi\u1ec7u qu\u1ea3 \u0111\u01b0\u1ee3c s\u1eed d\u1ee5ng r\u1ed9ng r\u00e3i trong c\u00e1c c\u01a1 s\u1edf s\u1ea3n xu\u1ea5t d\u01b0\u1ee3c ph\u1ea9m, y t\u1ebf, ch\u0103m s\u00f3c s\u1ee9c kh\u1ecfe v\u00e0 m\u00f4i tr\u01b0\u1eddng th\u1eed nghi\u1ec7m ho\u1eb7c th\u00ed nghi\u1ec7m. Thi\u1ebft b\u1ecb n\u00e0y \u0111\u01b0\u1ee3c thi\u1ebft k\u1ebf \u0111\u1ec3 lo\u1ea1i b\u1ecf c\u00e1c h\u1ea1t b\u1ee5i, vi khu\u1ea9n, virus v\u00e0 c\u00e1c h\u1ea1t kh\u00e1c trong kh\u00f4ng kh\u00ed, \u0111\u1ea3m b\u1ea3o m\u00f4i tr\u01b0\u1eddng l\u00e0m vi\u1ec7c lu\u00f4n s\u1ea1ch s\u1ebd v\u00e0 an to\u00e0n.<\/span><\/li>\n<li><span style=\"color: #000000;\"><strong>Tecra.FFU.Eco<\/strong> \u0111\u01b0\u1ee3c l\u00e0m b\u1eb1ng th\u00e9p m\u1ea1 k\u1ebdm s\u01a1n t\u0129nh \u0111i\u1ec7n, gi\u00fap t\u0103ng \u0111\u1ed9 b\u1ec1n v\u00e0 kh\u1ea3 n\u0103ng ch\u1ed1ng \u0103n m\u00f2n c\u1ee7a thi\u1ebft b\u1ecb. N\u00f3 \u0111\u01b0\u1ee3c trang b\u1ecb b\u1ed9 l\u1ecdc HEPA\/ULPA hi\u1ec7u qu\u1ea3, gi\u00fap lo\u1ea1i b\u1ecf c\u00e1c h\u1ea1t c\u00f3 k\u00edch th\u01b0\u1edbc si\u00eau nh\u1ecf \u0111\u1ebfn 0.3 micron v\u1edbi hi\u1ec7u su\u1ea5t l\u1ecdc cao. \u0110i\u1ec1u n\u00e0y gi\u00fap \u0111\u1ea3m b\u1ea3o r\u1eb1ng kh\u00f4ng kh\u00ed \u0111\u01b0\u1ee3c l\u1ecdc s\u1ea1ch tr\u01b0\u1edbc khi \u0111\u01b0\u1ee3c \u0111\u1ea9y v\u00e0o kh\u00f4ng gian l\u00e0m vi\u1ec7c, gi\u1ea3m thi\u1ec3u nguy c\u01a1 \u00f4 nhi\u1ec5m v\u00e0 b\u1ea3o v\u1ec7 s\u1ee9c kh\u1ecfe c\u1ee7a nh\u00e2n vi\u00ean v\u00e0 s\u1ea3n ph\u1ea9m.<\/span><\/li>\n<li><span style=\"color: #000000;\"><strong>Tecra.FFU.Eco<\/strong> s\u1eed d\u1ee5ng qu\u1ea1t AC \u0111\u1ec3 t\u1ea1o ra l\u01b0u l\u01b0\u1ee3ng kh\u00ed t\u1ed1i \u01b0u v\u00e0 \u0111\u1ea3m b\u1ea3o hi\u1ec7u su\u1ea5t l\u1ecdc kh\u00f4ng kh\u00ed. T\u1ed1c \u0111\u1ed9 d\u00f2ng kh\u00ed c\u1ee7a thi\u1ebft b\u1ecb l\u00e0 0.45m\/s, gi\u00fap duy tr\u00ec \u00e1p su\u1ea5t d\u01b0\u01a1ng trong kh\u00f4ng gian l\u00e0m vi\u1ec7c v\u00e0 gi\u1eef cho kh\u00f4ng kh\u00ed l\u1ecdc s\u1ea1ch.<\/span><\/li>\n<li><span style=\"color: #000000;\">M\u1ed9t \u0111i\u1ec3m \u0111\u1eb7c bi\u1ec7t c\u1ee7a <strong>Tecra.FFU.Eco<\/strong> l\u00e0 thi\u1ebft k\u1ebf truy c\u1eadp thay th\u1ebf l\u1ecdc \u1edf ph\u00eda trong ph\u00f2ng, gi\u00fap \u0111\u01a1n gi\u1ea3n h\u00f3a vi\u1ec7c thay th\u1ebf v\u00e0 b\u1ea3o tr\u00ec l\u1ecdc, \u0111\u1ed3ng th\u1eddi gi\u1ea3m thi\u1ec3u r\u1ee7i ro cho nh\u00e2n vi\u00ean khi thao t\u00e1c trong kh\u00f4ng gian l\u00e0m vi\u1ec7c.<\/span><\/li>\n<li><span style=\"color: #000000;\">V\u1edbi t\u00ednh n\u0103ng hi\u1ec7u qu\u1ea3 v\u00e0 kinh t\u1ebf c\u1ee7a m\u00ecnh, <strong>Tecra.FFU.Eco<\/strong> l\u00e0 m\u1ed9t l\u1ef1a ch\u1ecdn tuy\u1ec7t v\u1eddi \u0111\u1ec3 \u0111\u1ea3m b\u1ea3o s\u1ef1 an to\u00e0n v\u00e0 s\u1ea1ch s\u1ebd trong c\u00e1c quy tr\u00ecnh s\u1ea3n xu\u1ea5t v\u00e0 th\u1eed nghi\u1ec7m li\u00ean quan \u0111\u1ebfn y t\u1ebf v\u00e0 khoa h\u1ecdc.<\/span><\/li>\n<\/ul>\n","protected":false},"excerpt":{"rendered":"<p><span style=\"color: #000000;\"><strong>Tecra.FFU.Eco<\/strong> l\u00e0 m\u1ed9t gi\u1ea3i ph\u00e1p kinh t\u1ebf \u0111\u01b0\u1ee3c s\u1eed d\u1ee5ng \u0111\u1ec3 ki\u1ec3m so\u00e1t s\u1ef1 \u00f4 nhi\u1ec5m trong qu\u00e1 tr\u00ecnh s\u1ea3n xu\u1ea5t d\u01b0\u1ee3c ph\u1ea9m, thi\u1ebft b\u1ecb y t\u1ebf, c\u00e1c c\u01a1 s\u1edf ch\u0103m s\u00f3c s\u1ee9c kh\u1ecfe, v\u00e0 m\u00f4i tr\u01b0\u1eddng th\u1eed nghi\u1ec7m ho\u1eb7c th\u00ed nghi\u1ec7m.<\/span><\/p>\n<ul>\n<li><span style=\"color: #000000;\">V\u1eadt li\u1ec7u: Th\u00e9p m\u1ea1 k\u1ebdm s\u01a1n t\u0129nh \u0111i\u1ec7n.<\/span><\/li>\n<li><span style=\"color: #000000;\">L\u1ecdc: HEPA\/ULPA.<\/span><\/li>\n<li><span style=\"color: #000000;\">Qu\u1ea1t: AC.<\/span><\/li>\n<li><span style=\"color: #000000;\">T\u1ed1c \u0111\u1ed9 d\u00f2ng kh\u00ed: 0.45m\/s.<\/span><\/li>\n<li><span style=\"color: #000000;\">Truy c\u1eadp thay th\u1ebf l\u1ecdc: \u1ede ph\u00eda trong ph\u00f2ng.<\/span><\/li>\n<\/ul>\n","protected":false},"featured_media":478,"template":"","meta":[],"product_cat":[25],"product_tag":[],"class_list":["post-476","product","type-product","status-publish","has-post-thumbnail","hentry","product_cat-fan-filter-unitffu"],"_links":{"self":[{"href":"https:\/\/labone.vn\/tecra\/wp-json\/wp\/v2\/product\/476","targetHints":{"allow":["GET"]}}],"collection":[{"href":"https:\/\/labone.vn\/tecra\/wp-json\/wp\/v2\/product"}],"about":[{"href":"https:\/\/labone.vn\/tecra\/wp-json\/wp\/v2\/types\/product"}],"wp:featuredmedia":[{"embeddable":true,"href":"https:\/\/labone.vn\/tecra\/wp-json\/wp\/v2\/media\/478"}],"wp:attachment":[{"href":"https:\/\/labone.vn\/tecra\/wp-json\/wp\/v2\/media?parent=476"}],"wp:term":[{"taxonomy":"product_cat","embeddable":true,"href":"https:\/\/labone.vn\/tecra\/wp-json\/wp\/v2\/product_cat?post=476"},{"taxonomy":"product_tag","embeddable":true,"href":"https:\/\/labone.vn\/tecra\/wp-json\/wp\/v2\/product_tag?post=476"}],"curies":[{"name":"wp","href":"https:\/\/api.w.org\/{rel}","templated":true}]}}